{"id":10406,"date":"2025-02-06T08:49:29","date_gmt":"2025-02-06T08:49:29","guid":{"rendered":"https:\/\/freeshopswiss.alesca.org\/?post_type=product&#038;p=10406"},"modified":"2025-03-13T15:26:00","modified_gmt":"2025-03-13T15:26:00","slug":"guy-laroche-drakkar-noir-eau-de-toilette","status":"publish","type":"product","link":"https:\/\/www.freeshopfrontiera.ch\/de\/shop\/guy-laroche-drakkar-noir-eau-de-toilette\/","title":{"rendered":"GUY LAROCHE Drakkar Noir 100ml"},"content":{"rendered":"<p data-start=\"0\" data-end=\"79\"><strong data-start=\"0\" data-end=\"79\">GUY LAROCHE Drakkar Noir Eau de Toilette Vapo 100ml \u2013 Ikonischer M\u00e4nnerduft<\/strong><\/p>\n<p data-start=\"81\" data-end=\"510\">Erleben Sie die zeitlose Eleganz von <strong data-start=\"118\" data-end=\"134\">Drakkar Noir<\/strong> von <strong data-start=\"139\" data-end=\"154\">Guy Laroche<\/strong>, einem Duft, der die Parf\u00fcmgeschichte gepr\u00e4gt hat und auch heute noch als Klassiker unter den M\u00e4nnerd\u00fcften gilt. Mit seiner markanten und kraftvollen Essenz ist dieses <strong data-start=\"323\" data-end=\"342\">Eau de Toilette<\/strong> in der 100ml Flasche der ideale Begleiter f\u00fcr den modernen Mann, der einen Duft sucht, der sowohl mutig als auch raffiniert ist und seine Pers\u00f6nlichkeit unterstreicht.<\/p>\n<p data-start=\"512\" data-end=\"1030\">Der Duft \u00f6ffnet sich mit einer frischen, aromatischen Mischung aus <strong data-start=\"579\" data-end=\"591\">Rosmarin<\/strong>, <strong data-start=\"593\" data-end=\"605\">Lavendel<\/strong> und <strong data-start=\"610\" data-end=\"619\">Minze<\/strong>, die sofort einen belebenden und energiegeladenen Eindruck hinterl\u00e4sst. Diese frischen Kopfnote verschmilzt harmonisch mit dem w\u00fcrzigen, intensiven Herz aus <strong data-start=\"777\" data-end=\"788\">Pfeffer<\/strong>, <strong data-start=\"790\" data-end=\"803\">Koriander<\/strong> und <strong data-start=\"808\" data-end=\"818\">Nelken<\/strong>, das dem Parfum eine unverwechselbare Tiefe und Komplexit\u00e4t verleiht. Die w\u00fcrzigen Noten schaffen eine dynamische Energie, die den Tr\u00e4ger durch den Tag begleitet und ihn mit einer kraftvollen Pr\u00e4senz ausstattet.<\/p>\n<p data-start=\"1032\" data-end=\"1452\">In den Basisnoten von <strong data-start=\"1054\" data-end=\"1070\">Drakkar Noir<\/strong> kommen die warmen und sinnlichen Aspekte des Duftes zum Vorschein. <strong data-start=\"1138\" data-end=\"1149\">Moschus<\/strong>, <strong data-start=\"1151\" data-end=\"1164\">Patchouli<\/strong>, <strong data-start=\"1166\" data-end=\"1180\">Sandelholz<\/strong> und <strong data-start=\"1185\" data-end=\"1195\">Benzoe<\/strong> sorgen f\u00fcr eine tiefgr\u00fcndige, holzige Note, die dem Duft eine langanhaltende, maskuline Wirkung verleiht. Diese Basisnoten hinterlassen eine warme, erdige Spur, die sowohl kraftvoll als auch subtil verf\u00fchrerisch ist und die Sinnlichkeit des Tr\u00e4gers betont.<\/p>\n<p data-start=\"1454\" data-end=\"1758\">Die <strong data-start=\"1458\" data-end=\"1469\">Flasche<\/strong> von <strong data-start=\"1474\" data-end=\"1490\">Drakkar Noir<\/strong> strahlt eine elegante, dennoch kraftvolle Raffinesse aus, die den ikonischen Status dieses Parfums widerspiegelt. Ihr markantes Design symbolisiert die St\u00e4rke und Selbstbewusstheit des modernen Mannes, der wei\u00df, was er will und es mit einer gewissen Eleganz erreicht.<\/p>\n<p data-start=\"1760\" data-end=\"2160\" data-is-last-node=\"\" data-is-only-node=\"\"><strong data-start=\"1760\" data-end=\"1776\">Drakkar Noir<\/strong> ist ein Duft, der f\u00fcr jede Gelegenheit geeignet ist, sei es f\u00fcr den Alltag oder f\u00fcr formelle Anl\u00e4sse. Er ist die perfekte Wahl f\u00fcr den selbstbewussten Mann, der einen bleibenden Eindruck hinterlassen m\u00f6chte. Ob im B\u00fcro, bei einem Abendessen oder auf einer besonderen Veranstaltung \u2013 <strong data-start=\"2060\" data-end=\"2076\">Drakkar Noir<\/strong> begleitet Sie mit einem Hauch von Klassik und Stil, der niemals aus der Mode kommt.<\/p>\n<p>Bleiben Sie auf dem Laufenden \u00fcber alle Neuigkeiten! <a href=\"https:\/\/www.instagram.com\/freeshopswiss\/\" target=\"_blank\" rel=\"noopener\">@freeshopswiss<\/a><\/p>\n","protected":false},"excerpt":{"rendered":"<p><b><i>Eau de Toilette<\/i><\/b><\/p>\n","protected":false},"featured_media":10418,"comment_status":"open","ping_status":"closed","template":"","meta":[],"pwb-brand":[375],"product_brand":[],"product_cat":[84,111,98],"product_tag":[952,147,953,1642],"class_list":{"0":"post-10406","1":"product","2":"type-product","3":"status-publish","4":"has-post-thumbnail","6":"pwb-brand-guy-laroche","7":"product_cat-duefte","8":"product_cat-fur-sie-de","9":"product_cat-hohepunkte","10":"product_tag-profumi-de","11":"product_tag-eau-de-toilette-de","12":"product_tag-uomo-de","13":"product_tag-mens-fragrances-de","15":"first","16":"instock","17":"sale","18":"taxable","19":"shipping-taxable","20":"purchasable","21":"product-type-simple"},"brands":[{"id":375,"name":"Guy Laroche","slug":"guy-laroche"}],"_links":{"self":[{"href":"https:\/\/www.freeshopfrontiera.ch\/de\/wp-json\/wp\/v2\/product\/10406","targetHints":{"allow":["GET"]}}],"collection":[{"href":"https:\/\/www.freeshopfrontiera.ch\/de\/wp-json\/wp\/v2\/product"}],"about":[{"href":"https:\/\/www.freeshopfrontiera.ch\/de\/wp-json\/wp\/v2\/types\/product"}],"replies":[{"embeddable":true,"href":"https:\/\/www.freeshopfrontiera.ch\/de\/wp-json\/wp\/v2\/comments?post=10406"}],"version-history":[{"count":6,"href":"https:\/\/www.freeshopfrontiera.ch\/de\/wp-json\/wp\/v2\/product\/10406\/revisions"}],"predecessor-version":[{"id":18787,"href":"https:\/\/www.freeshopfrontiera.ch\/de\/wp-json\/wp\/v2\/product\/10406\/revisions\/18787"}],"wp:featuredmedia":[{"embeddable":true,"href":"https:\/\/www.freeshopfrontiera.ch\/de\/wp-json\/wp\/v2\/media\/10418"}],"wp:attachment":[{"href":"https:\/\/www.freeshopfrontiera.ch\/de\/wp-json\/wp\/v2\/media?parent=10406"}],"wp:term":[{"taxonomy":"pwb-brand","embeddable":true,"href":"https:\/\/www.freeshopfrontiera.ch\/de\/wp-json\/wp\/v2\/pwb-brand?post=10406"},{"taxonomy":"product_brand","embeddable":true,"href":"https:\/\/www.freeshopfrontiera.ch\/de\/wp-json\/wp\/v2\/product_brand?post=10406"},{"taxonomy":"product_cat","embeddable":true,"href":"https:\/\/www.freeshopfrontiera.ch\/de\/wp-json\/wp\/v2\/product_cat?post=10406"},{"taxonomy":"product_tag","embeddable":true,"href":"https:\/\/www.freeshopfrontiera.ch\/de\/wp-json\/wp\/v2\/product_tag?post=10406"}],"curies":[{"name":"wp","href":"https:\/\/api.w.org\/{rel}","templated":true}]}}