{"id":10562,"date":"2025-02-06T11:07:49","date_gmt":"2025-02-06T11:07:49","guid":{"rendered":"https:\/\/freeshopswiss.alesca.org\/?post_type=product&#038;p=10562"},"modified":"2026-04-29T11:07:35","modified_gmt":"2026-04-29T11:07:35","slug":"roberto-cavalli-just-cavalli-for-him-eau-de-toilette","status":"publish","type":"product","link":"https:\/\/www.freeshopfrontiera.ch\/de\/shop\/roberto-cavalli-just-cavalli-for-him-eau-de-toilette\/","title":{"rendered":"ROBERTO CAVALLI Just Cavalli for Him 90ml"},"content":{"rendered":"<p data-start=\"89\" data-end=\"446\"><strong data-start=\"89\" data-end=\"145\">Roberto Cavalli Just Cavalli for Him Eau de Toilette<\/strong> ist ein markanter Duft, der die wahre Essenz des modernen Mannes einf\u00e4ngt \u2013 selbstbewusst, mutig und auf der Suche nach einem einzigartigen und unvergesslichen Dufterlebnis. Dieser Duft ist die perfekte Wahl f\u00fcr den Mann, der sich durch seinen individuellen Stil und seine Pers\u00f6nlichkeit auszeichnet.<\/p>\n<p data-start=\"448\" data-end=\"909\">Die <strong data-start=\"452\" data-end=\"464\">Kopfnote<\/strong> wird von der intensiven Frische und W\u00fcrze von <strong data-start=\"511\" data-end=\"532\">schwarzem Pfeffer<\/strong> und <strong data-start=\"537\" data-end=\"549\">Kardamom<\/strong> dominiert, die sofort eine energetische und kraftvolle Wirkung entfalten. Diese frischen und lebendigen Noten werden durch das <strong data-start=\"677\" data-end=\"685\">Herz<\/strong> des Parfums erg\u00e4nzt, das sich mit der sinnlichen Kombination aus <strong data-start=\"751\" data-end=\"763\">Lavendel<\/strong> und <strong data-start=\"768\" data-end=\"782\">Tonkabohne<\/strong> entfaltet. Diese Herznote verleiht dem Duft eine gewisse W\u00e4rme und Tiefe, die sowohl Leidenschaft als auch Eleganz ausstrahlt.<\/p>\n<p data-start=\"911\" data-end=\"1326\">Die <strong data-start=\"915\" data-end=\"929\">Basisnoten<\/strong> von <strong data-start=\"934\" data-end=\"951\">edlen H\u00f6lzern<\/strong> und <strong data-start=\"956\" data-end=\"967\">Moschus<\/strong> runden das Parfum ab, indem sie ihm eine erdige und mystische Dimension verleihen. Diese tieferen Aromen sorgen f\u00fcr eine lang anhaltende Wirkung, die sowohl kraftvoll als auch raffiniert ist und dem Duft eine zeitlose Eleganz verleiht. Sie machen Just Cavalli for Him zu einem Parfum, das den Tr\u00e4ger den ganzen Tag begleitet, vom ersten Moment bis zum Abend.<\/p>\n<p data-start=\"1328\" data-end=\"1651\">Der elegante und moderne <strong data-start=\"1353\" data-end=\"1363\">Flakon<\/strong> mit seinen metallischen Details spiegelt perfekt die dynamische und anspruchsvolle Pers\u00f6nlichkeit des Mannes wider, der <strong data-start=\"1484\" data-end=\"1508\">Just Cavalli for Him<\/strong> tr\u00e4gt. Der Flakon, der f\u00fcr seinen einzigartigen Stil und seine raffinierte \u00c4sthetik bekannt ist, unterstreicht die Exklusivit\u00e4t dieses Duftes.<\/p>\n<p data-start=\"1653\" data-end=\"1952\" data-is-last-node=\"\" data-is-only-node=\"\"><strong data-start=\"1653\" data-end=\"1693\">Just Cavalli for Him Eau de Toilette<\/strong> ist ein Parfum f\u00fcr jede Gelegenheit \u2013 sei es f\u00fcr den Alltag, besondere Anl\u00e4sse oder abendliche Ausfl\u00fcge. Es ist die ideale Wahl f\u00fcr den Mann, der in allem, was er tut, Stil und Raffinesse zum Ausdruck bringt und einen bleibenden Eindruck hinterlassen m\u00f6chte.<\/p>\n<p>Bleiben Sie auf dem Laufenden \u00fcber alle Neuigkeiten! <a href=\"https:\/\/www.instagram.com\/freeshopswiss\/\" target=\"_blank\" rel=\"noopener\">@freeshopswiss<\/a><\/p>\n","protected":false},"excerpt":{"rendered":"<p><b><i>Eau de Toilette<\/i><\/b><\/p>\n","protected":false},"featured_media":10577,"comment_status":"open","ping_status":"closed","template":"","meta":[],"pwb-brand":[377],"product_brand":[],"product_cat":[98,84,86],"product_tag":[952,147,1642],"class_list":{"0":"post-10562","1":"product","2":"type-product","3":"status-publish","4":"has-post-thumbnail","6":"pwb-brand-just-cavalli","7":"product_cat-hohepunkte","8":"product_cat-duefte","9":"product_cat-fur-ihn-de","10":"product_tag-profumi-de","11":"product_tag-eau-de-toilette-de","12":"product_tag-mens-fragrances-de","14":"first","15":"instock","16":"sale","17":"taxable","18":"shipping-taxable","19":"purchasable","20":"product-type-simple"},"brands":[{"id":377,"name":"Just Cavalli","slug":"just-cavalli"}],"_links":{"self":[{"href":"https:\/\/www.freeshopfrontiera.ch\/de\/wp-json\/wp\/v2\/product\/10562","targetHints":{"allow":["GET"]}}],"collection":[{"href":"https:\/\/www.freeshopfrontiera.ch\/de\/wp-json\/wp\/v2\/product"}],"about":[{"href":"https:\/\/www.freeshopfrontiera.ch\/de\/wp-json\/wp\/v2\/types\/product"}],"replies":[{"embeddable":true,"href":"https:\/\/www.freeshopfrontiera.ch\/de\/wp-json\/wp\/v2\/comments?post=10562"}],"version-history":[{"count":7,"href":"https:\/\/www.freeshopfrontiera.ch\/de\/wp-json\/wp\/v2\/product\/10562\/revisions"}],"predecessor-version":[{"id":18788,"href":"https:\/\/www.freeshopfrontiera.ch\/de\/wp-json\/wp\/v2\/product\/10562\/revisions\/18788"}],"wp:featuredmedia":[{"embeddable":true,"href":"https:\/\/www.freeshopfrontiera.ch\/de\/wp-json\/wp\/v2\/media\/10577"}],"wp:attachment":[{"href":"https:\/\/www.freeshopfrontiera.ch\/de\/wp-json\/wp\/v2\/media?parent=10562"}],"wp:term":[{"taxonomy":"pwb-brand","embeddable":true,"href":"https:\/\/www.freeshopfrontiera.ch\/de\/wp-json\/wp\/v2\/pwb-brand?post=10562"},{"taxonomy":"product_brand","embeddable":true,"href":"https:\/\/www.freeshopfrontiera.ch\/de\/wp-json\/wp\/v2\/product_brand?post=10562"},{"taxonomy":"product_cat","embeddable":true,"href":"https:\/\/www.freeshopfrontiera.ch\/de\/wp-json\/wp\/v2\/product_cat?post=10562"},{"taxonomy":"product_tag","embeddable":true,"href":"https:\/\/www.freeshopfrontiera.ch\/de\/wp-json\/wp\/v2\/product_tag?post=10562"}],"curies":[{"name":"wp","href":"https:\/\/api.w.org\/{rel}","templated":true}]}}