{"id":10632,"date":"2025-02-06T12:35:29","date_gmt":"2025-02-06T12:35:29","guid":{"rendered":"https:\/\/freeshopswiss.alesca.org\/?post_type=product&#038;p=10632"},"modified":"2025-03-13T15:38:28","modified_gmt":"2025-03-13T15:38:28","slug":"rabanne-1-million-elixir-eau-de-parfum-intense-vapo","status":"publish","type":"product","link":"https:\/\/www.freeshopfrontiera.ch\/de\/shop\/rabanne-1-million-elixir-eau-de-parfum-intense-vapo\/","title":{"rendered":"RABANNE 1 Million Elixir Intense"},"content":{"rendered":"<p data-start=\"88\" data-end=\"447\"><strong data-start=\"88\" data-end=\"138\">RABANNE 1 Million Elixir Eau de Parfum Intense<\/strong> ist ein exklusiver und luxuri\u00f6ser Duft, der die Essenz von Raffinesse und sinnlicher Verf\u00fchrung in jedem Spr\u00fchsto\u00df einf\u00e4ngt. Als intensive Weiterentwicklung des ikonischen <strong data-start=\"311\" data-end=\"324\">1 Million<\/strong> ist dieses Eau de Parfum f\u00fcr diejenigen geschaffen, die einen bleibenden und unvergesslichen Eindruck hinterlassen wollen.<\/p>\n<p data-start=\"449\" data-end=\"992\">Die <strong data-start=\"453\" data-end=\"465\">Kopfnote<\/strong> er\u00f6ffnet mit einem goldenen, fruchtigen Aroma, das mit einer frischen, zitrischen Note perfekt harmoniert und sofort die Sinne weckt. Diese erfrischende und dennoch kraftvolle Er\u00f6ffnung wird sanft von einem floralen <strong data-start=\"682\" data-end=\"690\">Herz<\/strong> aus <strong data-start=\"695\" data-end=\"705\">Jasmin<\/strong> und <strong data-start=\"710\" data-end=\"721\">Vanille<\/strong> begleitet, was dem Duft eine s\u00fc\u00dfe, zugleich warme und verf\u00fchrerische Tiefe verleiht. Schlie\u00dflich m\u00fcndet der Duft in eine <strong data-start=\"843\" data-end=\"852\">Basis<\/strong> aus <strong data-start=\"857\" data-end=\"871\">Sandelholz<\/strong> und <strong data-start=\"876\" data-end=\"887\">Moschus<\/strong>, die eine langanhaltende, samtige W\u00e4rme hinterl\u00e4sst und dem Parfum seinen luxuri\u00f6sen Charakter verleiht.<\/p>\n<p data-start=\"994\" data-end=\"1299\">Das Ergebnis ist ein Duft, der sowohl <strong data-start=\"1032\" data-end=\"1046\">Raffinesse<\/strong> als auch <strong data-start=\"1056\" data-end=\"1067\">Eleganz<\/strong> ausstrahlt und eine unwiderstehliche Verf\u00fchrungskraft besitzt. Jeder Spr\u00fchsto\u00df von <strong data-start=\"1151\" data-end=\"1171\">1 Million Elixir<\/strong> ist ein einzigartiges olfaktorisches Erlebnis, das sowohl <strong data-start=\"1230\" data-end=\"1248\">starke Pr\u00e4senz<\/strong> als auch <strong data-start=\"1258\" data-end=\"1289\">charismatische Ausstrahlung<\/strong> verleiht.<\/p>\n<p data-start=\"1301\" data-end=\"1562\">Der edle <strong data-start=\"1310\" data-end=\"1320\">Flakon<\/strong> von <strong data-start=\"1325\" data-end=\"1353\">RABANNE 1 Million Elixir<\/strong>, in einem gl\u00e4nzenden Goldton, spiegelt den luxuri\u00f6sen Charakter dieses Parfums wider und macht es zu einem echten Schmuckst\u00fcck. Mit seinem eleganten Design ist der Flakon ebenso auff\u00e4llig wie der Duft selbst.<\/p>\n<p data-start=\"1564\" data-end=\"1954\" data-is-last-node=\"\" data-is-only-node=\"\"><strong data-start=\"1564\" data-end=\"1614\">RABANNE 1 Million Elixir Eau de Parfum Intense<\/strong> ist der perfekte Begleiter f\u00fcr <strong data-start=\"1646\" data-end=\"1666\">besondere Abende<\/strong> oder f\u00fcr diejenigen, die sich in jedem Moment des Tages unwiderstehlich f\u00fchlen m\u00f6chten. Ein Duft, der nie unbemerkt bleibt und die <strong data-start=\"1798\" data-end=\"1842\">starke und charismatische Pers\u00f6nlichkeit<\/strong> seines Tr\u00e4gers unterstreicht \u2013 f\u00fcr den Mann, der es liebt, im Mittelpunkt zu stehen und den Moment zu genie\u00dfen.<\/p>\n<p>Bleiben Sie auf dem Laufenden \u00fcber alle Neuigkeiten! <a href=\"https:\/\/www.instagram.com\/freeshopswiss\/\" target=\"_blank\" rel=\"noopener\">@freeshopswiss<\/a><\/p>\n","protected":false},"excerpt":{"rendered":"<p><b><i>Eau de Parfum<\/i><\/b><\/p>\n","protected":false},"featured_media":10644,"comment_status":"open","ping_status":"closed","template":"","meta":[],"pwb-brand":[378],"product_brand":[],"product_cat":[84,86],"product_tag":[790,952,254,293],"class_list":{"0":"post-10632","1":"product","2":"type-product","3":"status-publish","4":"has-post-thumbnail","6":"pwb-brand-rabanne","7":"product_cat-duefte","8":"product_cat-fur-ihn-de","9":"product_tag-womens-fragrances-de","10":"product_tag-profumi-de","11":"product_tag-eau-de-parfum-de","12":"product_tag-frau","14":"first","15":"outofstock","16":"sale","17":"taxable","18":"shipping-taxable","19":"purchasable","20":"product-type-variable","21":"has-default-attributes"},"brands":[{"id":378,"name":"Rabanne","slug":"rabanne"}],"_links":{"self":[{"href":"https:\/\/www.freeshopfrontiera.ch\/de\/wp-json\/wp\/v2\/product\/10632","targetHints":{"allow":["GET"]}}],"collection":[{"href":"https:\/\/www.freeshopfrontiera.ch\/de\/wp-json\/wp\/v2\/product"}],"about":[{"href":"https:\/\/www.freeshopfrontiera.ch\/de\/wp-json\/wp\/v2\/types\/product"}],"replies":[{"embeddable":true,"href":"https:\/\/www.freeshopfrontiera.ch\/de\/wp-json\/wp\/v2\/comments?post=10632"}],"version-history":[{"count":9,"href":"https:\/\/www.freeshopfrontiera.ch\/de\/wp-json\/wp\/v2\/product\/10632\/revisions"}],"predecessor-version":[{"id":18790,"href":"https:\/\/www.freeshopfrontiera.ch\/de\/wp-json\/wp\/v2\/product\/10632\/revisions\/18790"}],"wp:featuredmedia":[{"embeddable":true,"href":"https:\/\/www.freeshopfrontiera.ch\/de\/wp-json\/wp\/v2\/media\/10644"}],"wp:attachment":[{"href":"https:\/\/www.freeshopfrontiera.ch\/de\/wp-json\/wp\/v2\/media?parent=10632"}],"wp:term":[{"taxonomy":"pwb-brand","embeddable":true,"href":"https:\/\/www.freeshopfrontiera.ch\/de\/wp-json\/wp\/v2\/pwb-brand?post=10632"},{"taxonomy":"product_brand","embeddable":true,"href":"https:\/\/www.freeshopfrontiera.ch\/de\/wp-json\/wp\/v2\/product_brand?post=10632"},{"taxonomy":"product_cat","embeddable":true,"href":"https:\/\/www.freeshopfrontiera.ch\/de\/wp-json\/wp\/v2\/product_cat?post=10632"},{"taxonomy":"product_tag","embeddable":true,"href":"https:\/\/www.freeshopfrontiera.ch\/de\/wp-json\/wp\/v2\/product_tag?post=10632"}],"curies":[{"name":"wp","href":"https:\/\/api.w.org\/{rel}","templated":true}]}}