{"id":10870,"date":"2025-02-06T16:25:28","date_gmt":"2025-02-06T16:25:28","guid":{"rendered":"https:\/\/freeshopswiss.alesca.org\/?post_type=product&#038;p=10870"},"modified":"2025-03-13T15:44:30","modified_gmt":"2025-03-13T15:44:30","slug":"marc-jacobs-daisy-eau-so-fresh-eau-toilette-vapo","status":"publish","type":"product","link":"https:\/\/www.freeshopfrontiera.ch\/de\/shop\/marc-jacobs-daisy-eau-so-fresh-eau-toilette-vapo\/","title":{"rendered":"MARC JACOBS Daisy Eau So Fresh 30ml"},"content":{"rendered":"<p data-start=\"0\" data-end=\"376\"><strong data-start=\"0\" data-end=\"50\">Marc Jacobs Daisy Eau So Fresh Eau de Toilette<\/strong> ist ein s\u00fc\u00dfer und erfrischender Duft, der die perfekte Wahl f\u00fcr eine Frau darstellt, die einen leichten, lebendigen und romantischen Duft liebt. Mit seiner verspielten und gleichzeitig raffinierten Komposition ist dieser Duft die ideale Begleitung f\u00fcr jede Gelegenheit, bei der Frische und Weiblichkeit im Vordergrund stehen.<\/p>\n<p data-start=\"378\" data-end=\"768\">Die Komposition des Duftes beginnt mit einer sofort auff\u00e4lligen Explosion fruchtiger Noten, darunter <strong data-start=\"479\" data-end=\"492\">Himbeeren<\/strong>, <strong data-start=\"494\" data-end=\"513\">rote Grapefruit<\/strong>, <strong data-start=\"515\" data-end=\"524\">Birne<\/strong> und ein Hauch von gr\u00fcnen Nuancen. Diese Mischung vermittelt ein sofortiges Gef\u00fchl von Frische, Freude und Energie. Die fruchtigen Akkorde verleihen dem Duft eine spritzige und lebendige Ausstrahlung, die an den ersten Fr\u00fchlingsmorgen erinnert.<\/p>\n<p data-start=\"770\" data-end=\"1184\">Das Herz von <strong data-start=\"783\" data-end=\"817\">Marc Jacobs Daisy Eau So Fresh<\/strong> ist eine verf\u00fchrerische, florale Kombination, die den Duft besonders romantisch macht. Hier verschmelzen edle <strong data-start=\"928\" data-end=\"944\">Jasminbl\u00fcten<\/strong>, <strong data-start=\"946\" data-end=\"961\">wilde Rosen<\/strong>, <strong data-start=\"963\" data-end=\"975\">Veilchen<\/strong>, zarte <strong data-start=\"983\" data-end=\"998\">Apfelbl\u00fcten<\/strong> und exotische <strong data-start=\"1013\" data-end=\"1023\">Lychee<\/strong> miteinander. Diese floralen Noten sorgen f\u00fcr eine weiche, zarte und zugleich energische Pr\u00e4senz, die dem Duft eine wundersch\u00f6ne, feminine Ausstrahlung verleiht.<\/p>\n<p data-start=\"1186\" data-end=\"1573\">Die Basis des Duftes wird durch eine sinnliche Mischung aus <strong data-start=\"1246\" data-end=\"1257\">Moschus<\/strong>, <strong data-start=\"1259\" data-end=\"1278\">reifen Pflaumen<\/strong> und <strong data-start=\"1283\" data-end=\"1304\">warmen Zedernholz<\/strong> erg\u00e4nzt. Diese holzigen und s\u00fc\u00dfen Noten verleihen dem Duft eine tiefere, raffinierte Dimension und hinterlassen einen warmen, umh\u00fcllenden Eindruck, der sich \u00fcber den Tag hinweg entwickelt. Die Basisnoten sorgen f\u00fcr eine langanhaltende Pr\u00e4senz und ein elegantes Finish.<\/p>\n<p data-start=\"1575\" data-end=\"1971\">Der Flakon von <strong data-start=\"1590\" data-end=\"1624\">Marc Jacobs Daisy Eau So Fresh<\/strong> ist ebenso verspielt und elegant wie der Duft selbst. Mit seinem charakteristischen Design, das mit einem Deckel aus wei\u00dfen und goldenen Blumen verziert ist, vermittelt der Flakon das Gef\u00fchl eines bl\u00fchenden Gartens. Die Blumen im Deckel symbolisieren die Frische und Lebendigkeit, die der Duft vermittelt, und tragen so zur gesamten \u00c4sthetik bei.<\/p>\n<p data-start=\"1973\" data-end=\"2607\" data-is-last-node=\"\" data-is-only-node=\"\"><strong data-start=\"1973\" data-end=\"2007\">Marc Jacobs Daisy Eau So Fresh<\/strong> ist der perfekte Duft f\u00fcr diejenigen, die nach einem leichten, frischen und raffinierten Parfum suchen. Er ist ideal f\u00fcr den Alltag, aber auch f\u00fcr besondere Anl\u00e4sse, bei denen man einen bleibenden Eindruck hinterlassen m\u00f6chte. Besonders an w\u00e4rmeren Tagen, wenn ein frischer, leichter Duft am meisten erw\u00fcnscht ist, bietet diese Komposition die perfekte Balance aus Frische, Weiblichkeit und Raffinesse. <strong data-start=\"2411\" data-end=\"2433\">Daisy Eau So Fresh<\/strong> ist ein zeitloser Duft, der sowohl den Fr\u00fchling als auch den Sommer in all seiner Sch\u00f6nheit widerspiegelt und zu einem unverzichtbaren Bestandteil jeder Parfumsammlung wird.<\/p>\n<p>Follow us!\u00a0<a href=\"https:\/\/www.instagram.com\/freeshopswiss\/\" target=\"_blank\" rel=\"noopener\">@freeshopswiss<\/a><\/p>\n","protected":false},"excerpt":{"rendered":"<p><b><i>Eau de Parfum<\/i><\/b><\/p>\n","protected":false},"featured_media":10883,"comment_status":"open","ping_status":"closed","template":"","meta":[],"pwb-brand":[286],"product_brand":[],"product_cat":[84,111,98],"product_tag":[148,790,952,147,293],"class_list":{"0":"post-10870","1":"product","2":"type-product","3":"status-publish","4":"has-post-thumbnail","6":"pwb-brand-marc-jacobs","7":"product_cat-duefte","8":"product_cat-fur-sie-de","9":"product_cat-hohepunkte","10":"product_tag-angebot","11":"product_tag-womens-fragrances-de","12":"product_tag-profumi-de","13":"product_tag-eau-de-toilette-de","14":"product_tag-frau","16":"first","17":"outofstock","18":"sale","19":"taxable","20":"shipping-taxable","21":"purchasable","22":"product-type-simple"},"brands":[{"id":286,"name":"Marc Jacobs","slug":"marc-jacobs"}],"_links":{"self":[{"href":"https:\/\/www.freeshopfrontiera.ch\/de\/wp-json\/wp\/v2\/product\/10870","targetHints":{"allow":["GET"]}}],"collection":[{"href":"https:\/\/www.freeshopfrontiera.ch\/de\/wp-json\/wp\/v2\/product"}],"about":[{"href":"https:\/\/www.freeshopfrontiera.ch\/de\/wp-json\/wp\/v2\/types\/product"}],"replies":[{"embeddable":true,"href":"https:\/\/www.freeshopfrontiera.ch\/de\/wp-json\/wp\/v2\/comments?post=10870"}],"version-history":[{"count":8,"href":"https:\/\/www.freeshopfrontiera.ch\/de\/wp-json\/wp\/v2\/product\/10870\/revisions"}],"predecessor-version":[{"id":18454,"href":"https:\/\/www.freeshopfrontiera.ch\/de\/wp-json\/wp\/v2\/product\/10870\/revisions\/18454"}],"wp:featuredmedia":[{"embeddable":true,"href":"https:\/\/www.freeshopfrontiera.ch\/de\/wp-json\/wp\/v2\/media\/10883"}],"wp:attachment":[{"href":"https:\/\/www.freeshopfrontiera.ch\/de\/wp-json\/wp\/v2\/media?parent=10870"}],"wp:term":[{"taxonomy":"pwb-brand","embeddable":true,"href":"https:\/\/www.freeshopfrontiera.ch\/de\/wp-json\/wp\/v2\/pwb-brand?post=10870"},{"taxonomy":"product_brand","embeddable":true,"href":"https:\/\/www.freeshopfrontiera.ch\/de\/wp-json\/wp\/v2\/product_brand?post=10870"},{"taxonomy":"product_cat","embeddable":true,"href":"https:\/\/www.freeshopfrontiera.ch\/de\/wp-json\/wp\/v2\/product_cat?post=10870"},{"taxonomy":"product_tag","embeddable":true,"href":"https:\/\/www.freeshopfrontiera.ch\/de\/wp-json\/wp\/v2\/product_tag?post=10870"}],"curies":[{"name":"wp","href":"https:\/\/api.w.org\/{rel}","templated":true}]}}