{"id":11189,"date":"2025-02-07T14:26:54","date_gmt":"2025-02-07T14:26:54","guid":{"rendered":"https:\/\/freeshopswiss.alesca.org\/?post_type=product&#038;p=11189"},"modified":"2025-07-29T09:41:34","modified_gmt":"2025-07-29T09:41:34","slug":"rabanne-invictus-eau-de-toilette","status":"publish","type":"product","link":"https:\/\/www.freeshopfrontiera.ch\/de\/shop\/rabanne-invictus-eau-de-toilette\/","title":{"rendered":"RABANNE Invictus"},"content":{"rendered":"<p><strong>RABANNE Invictus Eau de Toilette<\/strong> ist ein kraftvoller und entschlossener Duft, der den k\u00fchnen und siegreichen Mann feiert. Kreiert f\u00fcr den modernen Mann, der Herausforderungen annimmt, ist dieser Duft eine Hommage an St\u00e4rke und Entschlossenheit.<\/p>\n<p>Der Auftakt ist lebendig und energetisch, mit frischen und spritzigen Noten von Grapefruit und Lorbeerblatt, die sofort ein Gef\u00fchl von Dynamik und Vitalit\u00e4t vermitteln. Das Herz der Fragrance findet das perfekte Gleichgewicht zwischen sportlichem Charakter und geheimnisvollem Charme, dank einer Mischung aus marinen und holzigen Noten, die Mut und Entschlossenheit hervorrufen. Die Basis aus Moschus und Guajakholz bildet einen intensiven und langanhaltenden Abschluss, der eine Spur von Kraft und Sinnlichkeit hinterl\u00e4sst. Der Flakon, inspiriert von der Form eines Pokals, symbolisiert Sieg und Triumph und macht den Duft zu einem echten Erfolgssymbol.<\/p>\n<p><strong>RABANNE Invictus<\/strong> ist der ideale Duft f\u00fcr den Mann, der die Welt mit Entschlossenheit und Energie erobern m\u00f6chte \u2013 ein perfekter Begleiter f\u00fcr besondere Anl\u00e4sse, von allt\u00e4glichen Herausforderungen bis hin zu au\u00dfergew\u00f6hnlichen Ereignissen.<\/p>\n<p>Verfolgen Sie alle unsere Neuigkeiten! <a href=\"https:\/\/www.instagram.com\/freeshopswiss\/\" target=\"_blank\" rel=\"noopener\">@freeshopswiss<\/a><\/p>\n","protected":false},"excerpt":{"rendered":"<p><em><strong>Eau de Toilette\u00a0<\/strong><\/em><\/p>\n","protected":false},"featured_media":11207,"comment_status":"open","ping_status":"closed","template":"","meta":[],"pwb-brand":[378],"product_brand":[],"product_cat":[84,86],"product_tag":[952,147,953,1642],"class_list":{"0":"post-11189","1":"product","2":"type-product","3":"status-publish","4":"has-post-thumbnail","6":"pwb-brand-rabanne","7":"product_cat-duefte","8":"product_cat-fur-ihn-de","9":"product_tag-profumi-de","10":"product_tag-eau-de-toilette-de","11":"product_tag-uomo-de","12":"product_tag-mens-fragrances-de","14":"first","15":"instock","16":"sale","17":"taxable","18":"shipping-taxable","19":"purchasable","20":"product-type-variable","21":"has-default-attributes"},"brands":[{"id":378,"name":"Rabanne","slug":"rabanne"}],"_links":{"self":[{"href":"https:\/\/www.freeshopfrontiera.ch\/de\/wp-json\/wp\/v2\/product\/11189","targetHints":{"allow":["GET"]}}],"collection":[{"href":"https:\/\/www.freeshopfrontiera.ch\/de\/wp-json\/wp\/v2\/product"}],"about":[{"href":"https:\/\/www.freeshopfrontiera.ch\/de\/wp-json\/wp\/v2\/types\/product"}],"replies":[{"embeddable":true,"href":"https:\/\/www.freeshopfrontiera.ch\/de\/wp-json\/wp\/v2\/comments?post=11189"}],"version-history":[{"count":4,"href":"https:\/\/www.freeshopfrontiera.ch\/de\/wp-json\/wp\/v2\/product\/11189\/revisions"}],"predecessor-version":[{"id":18083,"href":"https:\/\/www.freeshopfrontiera.ch\/de\/wp-json\/wp\/v2\/product\/11189\/revisions\/18083"}],"wp:featuredmedia":[{"embeddable":true,"href":"https:\/\/www.freeshopfrontiera.ch\/de\/wp-json\/wp\/v2\/media\/11207"}],"wp:attachment":[{"href":"https:\/\/www.freeshopfrontiera.ch\/de\/wp-json\/wp\/v2\/media?parent=11189"}],"wp:term":[{"taxonomy":"pwb-brand","embeddable":true,"href":"https:\/\/www.freeshopfrontiera.ch\/de\/wp-json\/wp\/v2\/pwb-brand?post=11189"},{"taxonomy":"product_brand","embeddable":true,"href":"https:\/\/www.freeshopfrontiera.ch\/de\/wp-json\/wp\/v2\/product_brand?post=11189"},{"taxonomy":"product_cat","embeddable":true,"href":"https:\/\/www.freeshopfrontiera.ch\/de\/wp-json\/wp\/v2\/product_cat?post=11189"},{"taxonomy":"product_tag","embeddable":true,"href":"https:\/\/www.freeshopfrontiera.ch\/de\/wp-json\/wp\/v2\/product_tag?post=11189"}],"curies":[{"name":"wp","href":"https:\/\/api.w.org\/{rel}","templated":true}]}}