{"id":11369,"date":"2025-02-10T08:20:13","date_gmt":"2025-02-10T08:20:13","guid":{"rendered":"https:\/\/freeshopswiss.alesca.org\/shop\/jp-gaultier-le-male-le-parfum-intense-eau-de-parfum\/"},"modified":"2025-07-29T09:41:40","modified_gmt":"2025-07-29T09:41:40","slug":"jp-gaultier-le-male-le-parfum-intense-eau-de-parfum","status":"publish","type":"product","link":"https:\/\/www.freeshopfrontiera.ch\/de\/shop\/jp-gaultier-le-male-le-parfum-intense-eau-de-parfum\/","title":{"rendered":"JEAN PAUL GAULTIER Le Male Le Parfum Intense"},"content":{"rendered":"<p><strong>Jean Paul Gaultier Le Male Le Parfum Intense Eau de Parfum<\/strong> ist eine raffinierte und gewagte Neuinterpretation des ikonischen Le Male-Duftes. Diese intensive Version bietet ein fesselndes und unvergessliches Dufterlebnis und hebt den Klassiker auf ein neues, mutiges Niveau.<\/p>\n<p>Der Duft beginnt mit einem erfrischenden Auftakt aus aromatischem Kardamom, kombiniert mit der zeitlosen Eleganz von Lavendel, der eine belebende und zugleich raffinierte Kopfnote bildet. Im Herzen entfaltet sich eine cremige und sinnliche Mischung aus Tonkabohne und Vanille, die der Komposition W\u00e4rme und S\u00fc\u00dfe verleiht. Der Duft endet mit einer reichen Basis aus Zedernholz und Amber, die eine elegante, holzige Note hinterl\u00e4sst, die stundenlang auf der Haut verweilt. Die Balance zwischen Frische, W\u00e4rme und Intensit\u00e4t macht ihn perfekt f\u00fcr den Abend, besondere Anl\u00e4sse oder wenn Sie einen bleibenden Eindruck hinterlassen m\u00f6chten.<\/p>\n<p>Der Duft ist in dem charakteristischen Bustenflakon abgef\u00fcllt, der nun mit einer dunkleren, raffinierteren Ausf\u00fchrung pr\u00e4sentiert wird und die Tiefe und Anziehungskraft dieses kraftvollen Dufts symbolisiert.<\/p>\n<p>Follow all our news! <a href=\"https:\/\/www.instagram.com\/freeshopswiss\/\" target=\"_blank\" rel=\"noopener\">@freeshopswiss<\/a><\/p>\n","protected":false},"excerpt":{"rendered":"<p><em><strong>Eau de Parfum<\/strong><\/em><\/p>\n","protected":false},"featured_media":11334,"comment_status":"open","ping_status":"closed","template":"","meta":[],"pwb-brand":[373],"product_brand":[],"product_cat":[84,86],"product_tag":[952,254,1642],"class_list":{"0":"post-11369","1":"product","2":"type-product","3":"status-publish","4":"has-post-thumbnail","6":"pwb-brand-jean-paul-gaultier","7":"product_cat-duefte","8":"product_cat-fur-ihn-de","9":"product_tag-profumi-de","10":"product_tag-eau-de-parfum-de","11":"product_tag-mens-fragrances-de","13":"first","14":"instock","15":"sale","16":"taxable","17":"shipping-taxable","18":"purchasable","19":"product-type-variable","20":"has-default-attributes"},"brands":[{"id":373,"name":"Jean Paul Gaultier","slug":"jean-paul-gaultier"}],"_links":{"self":[{"href":"https:\/\/www.freeshopfrontiera.ch\/de\/wp-json\/wp\/v2\/product\/11369","targetHints":{"allow":["GET"]}}],"collection":[{"href":"https:\/\/www.freeshopfrontiera.ch\/de\/wp-json\/wp\/v2\/product"}],"about":[{"href":"https:\/\/www.freeshopfrontiera.ch\/de\/wp-json\/wp\/v2\/types\/product"}],"replies":[{"embeddable":true,"href":"https:\/\/www.freeshopfrontiera.ch\/de\/wp-json\/wp\/v2\/comments?post=11369"}],"version-history":[{"count":4,"href":"https:\/\/www.freeshopfrontiera.ch\/de\/wp-json\/wp\/v2\/product\/11369\/revisions"}],"predecessor-version":[{"id":33923,"href":"https:\/\/www.freeshopfrontiera.ch\/de\/wp-json\/wp\/v2\/product\/11369\/revisions\/33923"}],"wp:featuredmedia":[{"embeddable":true,"href":"https:\/\/www.freeshopfrontiera.ch\/de\/wp-json\/wp\/v2\/media\/11334"}],"wp:attachment":[{"href":"https:\/\/www.freeshopfrontiera.ch\/de\/wp-json\/wp\/v2\/media?parent=11369"}],"wp:term":[{"taxonomy":"pwb-brand","embeddable":true,"href":"https:\/\/www.freeshopfrontiera.ch\/de\/wp-json\/wp\/v2\/pwb-brand?post=11369"},{"taxonomy":"product_brand","embeddable":true,"href":"https:\/\/www.freeshopfrontiera.ch\/de\/wp-json\/wp\/v2\/product_brand?post=11369"},{"taxonomy":"product_cat","embeddable":true,"href":"https:\/\/www.freeshopfrontiera.ch\/de\/wp-json\/wp\/v2\/product_cat?post=11369"},{"taxonomy":"product_tag","embeddable":true,"href":"https:\/\/www.freeshopfrontiera.ch\/de\/wp-json\/wp\/v2\/product_tag?post=11369"}],"curies":[{"name":"wp","href":"https:\/\/api.w.org\/{rel}","templated":true}]}}