{"id":11436,"date":"2025-02-10T09:35:40","date_gmt":"2025-02-10T09:35:40","guid":{"rendered":"https:\/\/freeshopswiss.alesca.org\/shop\/mont-blanc-explorer-men-eau-de-parfum\/"},"modified":"2025-07-30T07:19:44","modified_gmt":"2025-07-30T07:19:44","slug":"mont-blanc-explorer-men-eau-de-parfum","status":"publish","type":"product","link":"https:\/\/www.freeshopfrontiera.ch\/de\/shop\/mont-blanc-explorer-men-eau-de-parfum\/","title":{"rendered":"MONT BLANC Explorer Men"},"content":{"rendered":"<p><strong>MONT BLANC Explorer Men Eau de Parfum<\/strong> ist ein exklusiver m\u00e4nnlicher Duft, der den Geist der Abenteuerlust und Entdeckung verk\u00f6rpert. Er wurde f\u00fcr den modernen, neugierigen und mutigen Mann kreiert und f\u00e4ngt die Essenz von Freiheit mit einer perfekten Mischung aus frischen und holzigen Noten ein.<\/p>\n<p>Der Duft beginnt mit einer Explosion von Bergamot, rosa Pfeffer und aromatischen Akkorden, die sich in einem Herzen aus Vetiver, Patchouli und Lavendel vereinen und Tiefe sowie M\u00e4nnlichkeit verleihen.<\/p>\n<p>Die Basis aus Moschus und Amber sorgt f\u00fcr W\u00e4rme und Sinnlichkeit und macht den Duft langanhaltend und umh\u00fcllend. Perfekt f\u00fcr jede Gelegenheit, ist MONT BLANC Explorer Men Eau de Parfum ideal f\u00fcr M\u00e4nner, die einen raffinierten und vielseitigen Duft suchen, der ein Gef\u00fchl von Abenteuer und zeitloser Eleganz weckt. Der Duft ist in einem eleganten, modernen Flakon verpackt und ein absolutes Muss f\u00fcr jeden Mann, der sich abheben m\u00f6chte.<\/p>\n<p>&nbsp;<\/p>\n<p>Folllow us! <a href=\"https:\/\/www.instagram.com\/freeshopswiss\/\" target=\"_blank\" rel=\"noopener\">@freeshopswiss<\/a><\/p>\n<p>&nbsp;<\/p>\n<p>&nbsp;<\/p>\n","protected":false},"excerpt":{"rendered":"<p><em><strong>Eau de Parfum<\/strong><\/em><\/p>\n","protected":false},"featured_media":10799,"comment_status":"open","ping_status":"closed","template":"","meta":[],"pwb-brand":[283],"product_brand":[],"product_cat":[84,86],"product_tag":[952,254,1642],"class_list":{"0":"post-11436","1":"product","2":"type-product","3":"status-publish","4":"has-post-thumbnail","6":"pwb-brand-mont-blanc","7":"product_cat-duefte","8":"product_cat-fur-ihn-de","9":"product_tag-profumi-de","10":"product_tag-eau-de-parfum-de","11":"product_tag-mens-fragrances-de","13":"first","14":"instock","15":"taxable","16":"shipping-taxable","17":"product-type-variable","18":"has-default-attributes"},"brands":[{"id":283,"name":"Mont Blanc","slug":"mont-blanc"}],"_links":{"self":[{"href":"https:\/\/www.freeshopfrontiera.ch\/de\/wp-json\/wp\/v2\/product\/11436","targetHints":{"allow":["GET"]}}],"collection":[{"href":"https:\/\/www.freeshopfrontiera.ch\/de\/wp-json\/wp\/v2\/product"}],"about":[{"href":"https:\/\/www.freeshopfrontiera.ch\/de\/wp-json\/wp\/v2\/types\/product"}],"replies":[{"embeddable":true,"href":"https:\/\/www.freeshopfrontiera.ch\/de\/wp-json\/wp\/v2\/comments?post=11436"}],"version-history":[{"count":2,"href":"https:\/\/www.freeshopfrontiera.ch\/de\/wp-json\/wp\/v2\/product\/11436\/revisions"}],"predecessor-version":[{"id":18088,"href":"https:\/\/www.freeshopfrontiera.ch\/de\/wp-json\/wp\/v2\/product\/11436\/revisions\/18088"}],"wp:featuredmedia":[{"embeddable":true,"href":"https:\/\/www.freeshopfrontiera.ch\/de\/wp-json\/wp\/v2\/media\/10799"}],"wp:attachment":[{"href":"https:\/\/www.freeshopfrontiera.ch\/de\/wp-json\/wp\/v2\/media?parent=11436"}],"wp:term":[{"taxonomy":"pwb-brand","embeddable":true,"href":"https:\/\/www.freeshopfrontiera.ch\/de\/wp-json\/wp\/v2\/pwb-brand?post=11436"},{"taxonomy":"product_brand","embeddable":true,"href":"https:\/\/www.freeshopfrontiera.ch\/de\/wp-json\/wp\/v2\/product_brand?post=11436"},{"taxonomy":"product_cat","embeddable":true,"href":"https:\/\/www.freeshopfrontiera.ch\/de\/wp-json\/wp\/v2\/product_cat?post=11436"},{"taxonomy":"product_tag","embeddable":true,"href":"https:\/\/www.freeshopfrontiera.ch\/de\/wp-json\/wp\/v2\/product_tag?post=11436"}],"curies":[{"name":"wp","href":"https:\/\/api.w.org\/{rel}","templated":true}]}}