{"id":11467,"date":"2025-02-10T10:09:25","date_gmt":"2025-02-10T10:09:25","guid":{"rendered":"https:\/\/freeshopswiss.alesca.org\/shop\/carolina-herrera-good-girl-blush-elixir\/"},"modified":"2025-02-10T10:16:31","modified_gmt":"2025-02-10T10:16:31","slug":"carolina-herrera-good-girl-blush-elixir","status":"publish","type":"product","link":"https:\/\/www.freeshopfrontiera.ch\/de\/shop\/carolina-herrera-good-girl-blush-elixir\/","title":{"rendered":"CAROLINA HERRERA Good Girl Blush Elixir"},"content":{"rendered":"<p><strong>CAROLINA HERRERA Good Girl Blush Elixir Eau de Parfum<\/strong>\u00a0ist ein sinnlicher und raffinierter Duft, der f\u00fcr die Frau kreiert wurde, die eine unwiderstehliche Spur hinterlassen m\u00f6chte.<\/p>\n<p>Eine Mischung aus floralen und fruchtigen Noten \u00f6ffnet sich mit lebendigen Akzenten von Mandarine und Bergamot, gefolgt von einem zarten Herzen aus Rose, Jasmin und Iris, das eine raffinierte, umh\u00fcllende Sinnlichkeit verleiht.<\/p>\n<p>Die Basis aus Vanille und Moschus schafft ein warmes, lang anhaltendes Finish, das die Sinne verzaubert und einen bleibenden Eindruck hinterl\u00e4sst. Der elegante, feminine Flakon in Form eines Stiletto-Absatzes spiegelt das Wesen dieses einzigartigen Duftes wider und feiert die Sch\u00f6nheit und St\u00e4rke der modernen Frau. Perfekt f\u00fcr besondere Anl\u00e4sse, CAROLINA HERRERA Good Girl Blush Elixir ist ein Parfum, das zeitlose Eleganz und k\u00fchne Weiblichkeit feiert.<\/p>\n<p>Follow us! <a href=\"https:\/\/www.instagram.com\/freeshopswiss\/\" target=\"_blank\" rel=\"noopener\">@freeshopswiss<\/a><\/p>\n","protected":false},"excerpt":{"rendered":"<p><em><strong>Eau de Parfum<\/strong><\/em><\/p>\n","protected":false},"featured_media":11446,"comment_status":"open","ping_status":"closed","template":"","meta":[],"pwb-brand":[271],"product_brand":[],"product_cat":[84,111],"product_tag":[790,952,254,293],"class_list":{"0":"post-11467","1":"product","2":"type-product","3":"status-publish","4":"has-post-thumbnail","6":"pwb-brand-carolina-herrera","7":"product_cat-duefte","8":"product_cat-fur-sie-de","9":"product_tag-womens-fragrances-de","10":"product_tag-profumi-de","11":"product_tag-eau-de-parfum-de","12":"product_tag-frau","14":"first","15":"instock","16":"sale","17":"taxable","18":"shipping-taxable","19":"product-type-variable","20":"has-default-attributes"},"brands":[{"id":271,"name":"Carolina Herrera","slug":"carolina-herrera"}],"_links":{"self":[{"href":"https:\/\/www.freeshopfrontiera.ch\/de\/wp-json\/wp\/v2\/product\/11467","targetHints":{"allow":["GET"]}}],"collection":[{"href":"https:\/\/www.freeshopfrontiera.ch\/de\/wp-json\/wp\/v2\/product"}],"about":[{"href":"https:\/\/www.freeshopfrontiera.ch\/de\/wp-json\/wp\/v2\/types\/product"}],"replies":[{"embeddable":true,"href":"https:\/\/www.freeshopfrontiera.ch\/de\/wp-json\/wp\/v2\/comments?post=11467"}],"version-history":[{"count":2,"href":"https:\/\/www.freeshopfrontiera.ch\/de\/wp-json\/wp\/v2\/product\/11467\/revisions"}],"predecessor-version":[{"id":11471,"href":"https:\/\/www.freeshopfrontiera.ch\/de\/wp-json\/wp\/v2\/product\/11467\/revisions\/11471"}],"wp:featuredmedia":[{"embeddable":true,"href":"https:\/\/www.freeshopfrontiera.ch\/de\/wp-json\/wp\/v2\/media\/11446"}],"wp:attachment":[{"href":"https:\/\/www.freeshopfrontiera.ch\/de\/wp-json\/wp\/v2\/media?parent=11467"}],"wp:term":[{"taxonomy":"pwb-brand","embeddable":true,"href":"https:\/\/www.freeshopfrontiera.ch\/de\/wp-json\/wp\/v2\/pwb-brand?post=11467"},{"taxonomy":"product_brand","embeddable":true,"href":"https:\/\/www.freeshopfrontiera.ch\/de\/wp-json\/wp\/v2\/product_brand?post=11467"},{"taxonomy":"product_cat","embeddable":true,"href":"https:\/\/www.freeshopfrontiera.ch\/de\/wp-json\/wp\/v2\/product_cat?post=11467"},{"taxonomy":"product_tag","embeddable":true,"href":"https:\/\/www.freeshopfrontiera.ch\/de\/wp-json\/wp\/v2\/product_tag?post=11467"}],"curies":[{"name":"wp","href":"https:\/\/api.w.org\/{rel}","templated":true}]}}