{"id":11473,"date":"2025-02-10T10:23:05","date_gmt":"2025-02-10T10:23:05","guid":{"rendered":"https:\/\/freeshopswiss.alesca.org\/?post_type=product&#038;p=11473"},"modified":"2025-05-28T08:37:48","modified_gmt":"2025-05-28T08:37:48","slug":"rabanne-1-million-parfum","status":"publish","type":"product","link":"https:\/\/www.freeshopfrontiera.ch\/de\/shop\/rabanne-1-million-parfum\/","title":{"rendered":"RABANNE 1 Million Eau de Parfum 100ml"},"content":{"rendered":"<p><strong>RABANNE 1 Million Parfum Eau de Parfum<\/strong>\u00a0ist ein k\u00fchner und raffinierter Duft f\u00fcr den Mann, der auffallen m\u00f6chte.<\/p>\n<p>Die Komposition beginnt mit einer verlockenden Frische von Grapefruit- und Mandarinennoten, die sich mit einem w\u00fcrzigen Herzen aus Zimt und Pfeffer verbinden und einen warmen, faszinierenden Duft schaffen. Die Basis ist reich und sinnlich, mit Vanille-, Zedernholz- und Ambra-Noten, die langanhaltende Persistenz und einen starken Charakter verleihen.<\/p>\n<p>Der Flakon, ein Symbol f\u00fcr Luxus und Macht, nimmt die ikonische Form des Goldbarrens auf und spiegelt perfekt die Eleganz und Energie dieses Duftes wider. Perfekt f\u00fcr besondere Anl\u00e4sse ist RABANNE 1 Million Parfum der ideale Duft f\u00fcr den Mann, der einen bleibenden Eindruck hinterlassen m\u00f6chte.<\/p>\n<p>Bleiben Sie auf dem Laufenden \u00fcber alle Neuigkeiten!\u00a0<a href=\"https:\/\/www.instagram.com\/freeshopswiss\/\" target=\"_blank\" rel=\"noopener\">@freeshopswiss<\/a><\/p>\n","protected":false},"excerpt":{"rendered":"<p><b><i>Eau de Parfum<\/i><\/b><\/p>\n","protected":false},"featured_media":40575,"comment_status":"open","ping_status":"closed","template":"","meta":[],"pwb-brand":[378],"product_brand":[],"product_cat":[84,86,98],"product_tag":[148,952,254,1642],"class_list":{"0":"post-11473","1":"product","2":"type-product","3":"status-publish","4":"has-post-thumbnail","6":"pwb-brand-rabanne","7":"product_cat-duefte","8":"product_cat-fur-ihn-de","9":"product_cat-hohepunkte","10":"product_tag-angebot","11":"product_tag-profumi-de","12":"product_tag-eau-de-parfum-de","13":"product_tag-mens-fragrances-de","15":"first","16":"instock","17":"sale","18":"taxable","19":"shipping-taxable","20":"purchasable","21":"product-type-simple"},"brands":[{"id":378,"name":"Rabanne","slug":"rabanne"}],"_links":{"self":[{"href":"https:\/\/www.freeshopfrontiera.ch\/de\/wp-json\/wp\/v2\/product\/11473","targetHints":{"allow":["GET"]}}],"collection":[{"href":"https:\/\/www.freeshopfrontiera.ch\/de\/wp-json\/wp\/v2\/product"}],"about":[{"href":"https:\/\/www.freeshopfrontiera.ch\/de\/wp-json\/wp\/v2\/types\/product"}],"replies":[{"embeddable":true,"href":"https:\/\/www.freeshopfrontiera.ch\/de\/wp-json\/wp\/v2\/comments?post=11473"}],"version-history":[{"count":5,"href":"https:\/\/www.freeshopfrontiera.ch\/de\/wp-json\/wp\/v2\/product\/11473\/revisions"}],"predecessor-version":[{"id":31408,"href":"https:\/\/www.freeshopfrontiera.ch\/de\/wp-json\/wp\/v2\/product\/11473\/revisions\/31408"}],"wp:featuredmedia":[{"embeddable":true,"href":"https:\/\/www.freeshopfrontiera.ch\/de\/wp-json\/wp\/v2\/media\/40575"}],"wp:attachment":[{"href":"https:\/\/www.freeshopfrontiera.ch\/de\/wp-json\/wp\/v2\/media?parent=11473"}],"wp:term":[{"taxonomy":"pwb-brand","embeddable":true,"href":"https:\/\/www.freeshopfrontiera.ch\/de\/wp-json\/wp\/v2\/pwb-brand?post=11473"},{"taxonomy":"product_brand","embeddable":true,"href":"https:\/\/www.freeshopfrontiera.ch\/de\/wp-json\/wp\/v2\/product_brand?post=11473"},{"taxonomy":"product_cat","embeddable":true,"href":"https:\/\/www.freeshopfrontiera.ch\/de\/wp-json\/wp\/v2\/product_cat?post=11473"},{"taxonomy":"product_tag","embeddable":true,"href":"https:\/\/www.freeshopfrontiera.ch\/de\/wp-json\/wp\/v2\/product_tag?post=11473"}],"curies":[{"name":"wp","href":"https:\/\/api.w.org\/{rel}","templated":true}]}}