{"id":11573,"date":"2025-02-10T11:43:49","date_gmt":"2025-02-10T11:43:49","guid":{"rendered":"https:\/\/freeshopswiss.alesca.org\/?post_type=product&#038;p=11573"},"modified":"2025-03-11T16:59:23","modified_gmt":"2025-03-11T16:59:23","slug":"gucci-guilty-absolute-eau-de-parfum-30ml","status":"publish","type":"product","link":"https:\/\/www.freeshopfrontiera.ch\/de\/shop\/gucci-guilty-absolute-eau-de-parfum-30ml\/","title":{"rendered":"GUCCI Guilty Absolute 30ml"},"content":{"rendered":"<p><strong>GUCCI Guilty Absolute Eau de Parfum 30ml<\/strong> ist ein k\u00fchner und raffinierter Duft, der f\u00fcr den modernen Mann entwickelt wurde, der seine einzigartige Pers\u00f6nlichkeit ausdr\u00fccken m\u00f6chte.<\/p>\n<p>Dieser intensive und markante Duft er\u00f6ffnet mit einer lebendigen Mischung aus Wacholderbeeren und Leder, die sich mit einem einh\u00fcllenden Herzen aus Patchouli und Zypressen verbinden, was einen reichen und langanhaltenden Duft schafft. Die warme und sinnliche Basis wird durch edle H\u00f6lzer, einschlie\u00dflich Vetiver, charakterisiert und f\u00fcgt eine erdige und raffinierte Note hinzu.<\/p>\n<p>Die Komposition ist ausgewogen, aber gleichzeitig k\u00fchn und perfekt f\u00fcr den Mann, der mit einem starken und markanten Duft hervorstechen m\u00f6chte. Der elegante Flakon mit seinem minimalistischen Design spiegelt das Wesen dieses Duftes wider: luxuri\u00f6s und zeitlos. GUCCI Guilty Absolute ist ideal f\u00fcr besondere Abende oder f\u00fcr den Mann, der einen Duft sucht, der Charakter und Selbstbewusstsein ausstrahlt.<\/p>\n<p>&nbsp;<\/p>\n<p>Bleiben Sie auf dem Laufenden \u00fcber alle Neuigkeiten!\u00a0<a href=\"https:\/\/www.instagram.com\/freeshopswiss\/\" target=\"_blank\" rel=\"noopener\">@freeshopswiss<\/a><\/p>\n","protected":false},"excerpt":{"rendered":"<p><b><i>Eau de Parfum<\/i><\/b><\/p>\n","protected":false},"featured_media":11579,"comment_status":"open","ping_status":"closed","template":"","meta":[],"pwb-brand":[270],"product_brand":[],"product_cat":[84,111,98],"product_tag":[148,952,254,293],"class_list":{"0":"post-11573","1":"product","2":"type-product","3":"status-publish","4":"has-post-thumbnail","6":"pwb-brand-gucci","7":"product_cat-duefte","8":"product_cat-fur-sie-de","9":"product_cat-hohepunkte","10":"product_tag-angebot","11":"product_tag-profumi-de","12":"product_tag-eau-de-parfum-de","13":"product_tag-frau","15":"first","16":"outofstock","17":"sale","18":"taxable","19":"shipping-taxable","20":"purchasable","21":"product-type-simple"},"brands":[{"id":270,"name":"Gucci","slug":"gucci"}],"_links":{"self":[{"href":"https:\/\/www.freeshopfrontiera.ch\/de\/wp-json\/wp\/v2\/product\/11573","targetHints":{"allow":["GET"]}}],"collection":[{"href":"https:\/\/www.freeshopfrontiera.ch\/de\/wp-json\/wp\/v2\/product"}],"about":[{"href":"https:\/\/www.freeshopfrontiera.ch\/de\/wp-json\/wp\/v2\/types\/product"}],"replies":[{"embeddable":true,"href":"https:\/\/www.freeshopfrontiera.ch\/de\/wp-json\/wp\/v2\/comments?post=11573"}],"version-history":[{"count":4,"href":"https:\/\/www.freeshopfrontiera.ch\/de\/wp-json\/wp\/v2\/product\/11573\/revisions"}],"predecessor-version":[{"id":18090,"href":"https:\/\/www.freeshopfrontiera.ch\/de\/wp-json\/wp\/v2\/product\/11573\/revisions\/18090"}],"wp:featuredmedia":[{"embeddable":true,"href":"https:\/\/www.freeshopfrontiera.ch\/de\/wp-json\/wp\/v2\/media\/11579"}],"wp:attachment":[{"href":"https:\/\/www.freeshopfrontiera.ch\/de\/wp-json\/wp\/v2\/media?parent=11573"}],"wp:term":[{"taxonomy":"pwb-brand","embeddable":true,"href":"https:\/\/www.freeshopfrontiera.ch\/de\/wp-json\/wp\/v2\/pwb-brand?post=11573"},{"taxonomy":"product_brand","embeddable":true,"href":"https:\/\/www.freeshopfrontiera.ch\/de\/wp-json\/wp\/v2\/product_brand?post=11573"},{"taxonomy":"product_cat","embeddable":true,"href":"https:\/\/www.freeshopfrontiera.ch\/de\/wp-json\/wp\/v2\/product_cat?post=11573"},{"taxonomy":"product_tag","embeddable":true,"href":"https:\/\/www.freeshopfrontiera.ch\/de\/wp-json\/wp\/v2\/product_tag?post=11573"}],"curies":[{"name":"wp","href":"https:\/\/api.w.org\/{rel}","templated":true}]}}