{"id":11935,"date":"2024-09-05T13:44:16","date_gmt":"2024-09-05T13:44:16","guid":{"rendered":"https:\/\/freeshopswiss.alesca.org\/shop\/chopard-pink-wish\/"},"modified":"2025-02-11T09:39:59","modified_gmt":"2025-02-11T09:39:59","slug":"chopard-pink-wish","status":"publish","type":"product","link":"https:\/\/www.freeshopfrontiera.ch\/de\/shop\/chopard-pink-wish\/","title":{"rendered":"CHOPARD Pink Wish Eau de Toilette"},"content":{"rendered":"<p data-start=\"2863\" data-end=\"3799\"><strong data-start=\"1896\" data-end=\"1933\">Chopard Pink Wish Eau de Toilette<\/strong> ist ein frischer und fruchtiger Duft, der die Leichtigkeit und Lebensfreude in jeder Note widerspiegelt.<\/p>\n<p data-start=\"2863\" data-end=\"3799\">Dieser Duft, der f\u00fcr die elegante und raffinierte Frau geschaffen wurde, beginnt mit einer Explosion von Frische dank der Kopfnoten von Bergamot und roten Fr\u00fcchten, die einen lebhaften und leuchtenden Auftakt bieten. Das Herz der Komposition bildet ein zartes Blumenbouquet mit Rose und Jasmin, das eine s\u00fc\u00dfe und feminine Note verleiht. Die Basis, warm und sinnlich, ist mit Moschus und edlen H\u00f6lzern angereichert, was dem Duft Tiefe und Langlebigkeit verleiht.<\/p>\n<p data-start=\"2863\" data-end=\"3799\"><strong data-start=\"2501\" data-end=\"2522\">Chopard Pink Wish<\/strong> ist eine olfaktorische Kreation, die sorglose Eleganz verk\u00f6rpert und perfekt f\u00fcr Fr\u00fchlingstage und Sommerabende geeignet ist. Aber auch f\u00fcr jede Gelegenheit, bei der man eine Spur von Frische und Anmut hinterlassen m\u00f6chte, ist dieser Duft ideal. Die elegante und zarte Flasche spiegelt die Leichtigkeit und Frische des Parfums wider.<\/p>\n<p>Suivez toutes nos actualit\u00e9s ! <a href=\"https:\/\/www.instagram.com\/freeshopswiss\/\" target=\"_blank\" rel=\"noopener\">@freeshopswiss<\/a><\/p>\n","protected":false},"excerpt":{"rendered":"<p><em><strong>Eau de Toilette<\/strong><\/em><\/p>\n","protected":false},"featured_media":5093,"comment_status":"closed","ping_status":"closed","template":"","meta":[],"pwb-brand":[273],"product_brand":[],"product_cat":[84,111],"product_tag":[790,952,147,293,5051,5073],"class_list":{"0":"post-11935","1":"product","2":"type-product","3":"status-publish","4":"has-post-thumbnail","6":"pwb-brand-chopard","7":"product_cat-duefte","8":"product_cat-fur-sie-de","9":"product_tag-womens-fragrances-de","10":"product_tag-profumi-de","11":"product_tag-eau-de-toilette-de","12":"product_tag-frau","13":"product_tag-muttertag","14":"product_tag-muttertags-parfums","16":"first","17":"instock","18":"sale","19":"taxable","20":"shipping-taxable","21":"purchasable","22":"product-type-variable","23":"has-default-attributes"},"brands":[{"id":273,"name":"Chopard","slug":"chopard"}],"_links":{"self":[{"href":"https:\/\/www.freeshopfrontiera.ch\/de\/wp-json\/wp\/v2\/product\/11935","targetHints":{"allow":["GET"]}}],"collection":[{"href":"https:\/\/www.freeshopfrontiera.ch\/de\/wp-json\/wp\/v2\/product"}],"about":[{"href":"https:\/\/www.freeshopfrontiera.ch\/de\/wp-json\/wp\/v2\/types\/product"}],"replies":[{"embeddable":true,"href":"https:\/\/www.freeshopfrontiera.ch\/de\/wp-json\/wp\/v2\/comments?post=11935"}],"version-history":[{"count":2,"href":"https:\/\/www.freeshopfrontiera.ch\/de\/wp-json\/wp\/v2\/product\/11935\/revisions"}],"predecessor-version":[{"id":11939,"href":"https:\/\/www.freeshopfrontiera.ch\/de\/wp-json\/wp\/v2\/product\/11935\/revisions\/11939"}],"wp:featuredmedia":[{"embeddable":true,"href":"https:\/\/www.freeshopfrontiera.ch\/de\/wp-json\/wp\/v2\/media\/5093"}],"wp:attachment":[{"href":"https:\/\/www.freeshopfrontiera.ch\/de\/wp-json\/wp\/v2\/media?parent=11935"}],"wp:term":[{"taxonomy":"pwb-brand","embeddable":true,"href":"https:\/\/www.freeshopfrontiera.ch\/de\/wp-json\/wp\/v2\/pwb-brand?post=11935"},{"taxonomy":"product_brand","embeddable":true,"href":"https:\/\/www.freeshopfrontiera.ch\/de\/wp-json\/wp\/v2\/product_brand?post=11935"},{"taxonomy":"product_cat","embeddable":true,"href":"https:\/\/www.freeshopfrontiera.ch\/de\/wp-json\/wp\/v2\/product_cat?post=11935"},{"taxonomy":"product_tag","embeddable":true,"href":"https:\/\/www.freeshopfrontiera.ch\/de\/wp-json\/wp\/v2\/product_tag?post=11935"}],"curies":[{"name":"wp","href":"https:\/\/api.w.org\/{rel}","templated":true}]}}