{"id":12206,"date":"2025-02-11T14:52:49","date_gmt":"2025-02-11T14:52:49","guid":{"rendered":"https:\/\/freeshopswiss.alesca.org\/shop\/rabanne-1-million-eau-de-toilette\/"},"modified":"2025-03-13T09:46:10","modified_gmt":"2025-03-13T09:46:10","slug":"rabanne-1-million-eau-de-toilette","status":"publish","type":"product","link":"https:\/\/www.freeshopfrontiera.ch\/de\/shop\/rabanne-1-million-eau-de-toilette\/","title":{"rendered":"RABANNE 1 Million"},"content":{"rendered":"<p data-start=\"3165\" data-end=\"4263\"><strong data-start=\"2115\" data-end=\"2157\">Paco Rabanne 1 Million Eau de Toilette<\/strong> ist eine Ikone der Herrenparf\u00fcmerie, die f\u00fcr Luxus, Erfolg und Charisma steht.<\/p>\n<p data-start=\"3165\" data-end=\"4263\">Dieser intensive und k\u00fchne Duft ist f\u00fcr den Mann gemacht, der wei\u00df, wie er auffallen kann, und Ausdruck von Macht und Verf\u00fchrung in jeder Nuance. Der Duft beginnt mit einer lebhaften, frischen Explosion aus Grapefruit, Minze und Blutorange, die einen spritzigen und energischen Kontrast erzeugt \u2013 perfekt, um den Tag mit Vitalit\u00e4t zu beginnen. Im Herzen vereinen sich w\u00fcrzige Noten von Zimt und Rose mit einem warmen Orangenbl\u00fctenakkord, der dem Duft eine raffinierte und sinnliche Tiefe verleiht. Die Basis von <strong data-start=\"2749\" data-end=\"2762\">1 Million<\/strong> wird von Zedernholz, Amber und Leder dominiert, was dem Duft m\u00e4nnliche Tiefe und zeitlose Eleganz verleiht. Der Duft hinterl\u00e4sst eine langanhaltende Spur, die sich bei jeder Gelegenheit bemerkbar macht und eine unwiderstehliche Energie und nat\u00fcrliche Sinnlichkeit ausdr\u00fcckt.<\/p>\n<p data-start=\"3165\" data-end=\"4263\"><strong data-start=\"3038\" data-end=\"3051\">1 Million<\/strong> ist der Duft f\u00fcr den Mann, der auffallen, Eindruck machen und ein Leben in Luxus und Erfolg f\u00fchren m\u00f6chte.<\/p>\n<p>Suivez toutes nos actualit\u00e9s! <a href=\"https:\/\/www.instagram.com\/freeshopswiss\/\" target=\"_blank\" rel=\"noopener\">@freeshopswiss<\/a><\/p>\n<p>&nbsp;<\/p>\n","protected":false},"excerpt":{"rendered":"<p><em><strong>Eau de Toilette<\/strong><\/em><\/p>\n","protected":false},"featured_media":12194,"comment_status":"open","ping_status":"closed","template":"","meta":[],"pwb-brand":[378],"product_brand":[],"product_cat":[84,86],"product_tag":[790,952,147,293],"class_list":{"0":"post-12206","1":"product","2":"type-product","3":"status-publish","4":"has-post-thumbnail","6":"pwb-brand-rabanne","7":"product_cat-duefte","8":"product_cat-fur-ihn-de","9":"product_tag-womens-fragrances-de","10":"product_tag-profumi-de","11":"product_tag-eau-de-toilette-de","12":"product_tag-frau","14":"first","15":"instock","16":"sale","17":"taxable","18":"shipping-taxable","19":"purchasable","20":"product-type-variable"},"brands":[{"id":378,"name":"Rabanne","slug":"rabanne"}],"_links":{"self":[{"href":"https:\/\/www.freeshopfrontiera.ch\/de\/wp-json\/wp\/v2\/product\/12206","targetHints":{"allow":["GET"]}}],"collection":[{"href":"https:\/\/www.freeshopfrontiera.ch\/de\/wp-json\/wp\/v2\/product"}],"about":[{"href":"https:\/\/www.freeshopfrontiera.ch\/de\/wp-json\/wp\/v2\/types\/product"}],"replies":[{"embeddable":true,"href":"https:\/\/www.freeshopfrontiera.ch\/de\/wp-json\/wp\/v2\/comments?post=12206"}],"version-history":[{"count":3,"href":"https:\/\/www.freeshopfrontiera.ch\/de\/wp-json\/wp\/v2\/product\/12206\/revisions"}],"predecessor-version":[{"id":18587,"href":"https:\/\/www.freeshopfrontiera.ch\/de\/wp-json\/wp\/v2\/product\/12206\/revisions\/18587"}],"wp:featuredmedia":[{"embeddable":true,"href":"https:\/\/www.freeshopfrontiera.ch\/de\/wp-json\/wp\/v2\/media\/12194"}],"wp:attachment":[{"href":"https:\/\/www.freeshopfrontiera.ch\/de\/wp-json\/wp\/v2\/media?parent=12206"}],"wp:term":[{"taxonomy":"pwb-brand","embeddable":true,"href":"https:\/\/www.freeshopfrontiera.ch\/de\/wp-json\/wp\/v2\/pwb-brand?post=12206"},{"taxonomy":"product_brand","embeddable":true,"href":"https:\/\/www.freeshopfrontiera.ch\/de\/wp-json\/wp\/v2\/product_brand?post=12206"},{"taxonomy":"product_cat","embeddable":true,"href":"https:\/\/www.freeshopfrontiera.ch\/de\/wp-json\/wp\/v2\/product_cat?post=12206"},{"taxonomy":"product_tag","embeddable":true,"href":"https:\/\/www.freeshopfrontiera.ch\/de\/wp-json\/wp\/v2\/product_tag?post=12206"}],"curies":[{"name":"wp","href":"https:\/\/api.w.org\/{rel}","templated":true}]}}