{"id":12242,"date":"2025-02-11T15:26:02","date_gmt":"2025-02-11T15:26:02","guid":{"rendered":"https:\/\/freeshopswiss.alesca.org\/shop\/rabanne-fame-parfum\/"},"modified":"2025-02-11T15:32:38","modified_gmt":"2025-02-11T15:32:38","slug":"rabanne-fame-parfum","status":"publish","type":"product","link":"https:\/\/www.freeshopfrontiera.ch\/de\/shop\/rabanne-fame-parfum\/","title":{"rendered":"RABANNE Fame Parfum"},"content":{"rendered":"<p data-start=\"2811\" data-end=\"3762\"><strong data-start=\"1861\" data-end=\"1889\">Paco Rabanne Fame Parfum<\/strong> ist eine au\u00dfergew\u00f6hnliche Mischung aus Luxus und Sinnlichkeit, ein Duft, der die k\u00fchne und einzigartige Energie der modernen Frau feiert. Dieser berauschende Duft beginnt mit einer frischen Note von Bergamot und Mango, die ein lebendiges und spritziges Gef\u00fchl vermittelt.<\/p>\n<p data-start=\"2811\" data-end=\"3762\">Im Herzen verschmilzt die Cremigkeit von Jasmin und Orangenbl\u00fcte perfekt mit einer s\u00fc\u00dfen Vanille-Note und schafft eine florale und gleichzeitig s\u00fc\u00dfe Komposition. Die Basis von <strong data-start=\"2338\" data-end=\"2346\">Fame<\/strong> ist gepr\u00e4gt von einem einh\u00fcllenden Akkord aus Moschus, Sandelholz und Benzoe, der Tiefe und einen sinnlichen Touch verleiht, der auf der Haut verweilt. Der Duft kombiniert Frische, S\u00fc\u00dfe und Sinnlichkeit und verk\u00f6rpert eine Frau, die selbstbewusst, unabh\u00e4ngig und bereit ist, die Welt zu erobern.<\/p>\n<p data-start=\"2811\" data-end=\"3762\"><strong data-start=\"2643\" data-end=\"2651\">Fame<\/strong> ist perfekt f\u00fcr besondere Anl\u00e4sse und f\u00fcr diejenigen, die einen bleibenden Eindruck hinterlassen und mit Eleganz und Entschlossenheit auffallen m\u00f6chten.<\/p>\n<p>Verfolgen Sie alle unsere Neuigkeiten! <a href=\"https:\/\/www.instagram.com\/freeshopswiss\/\" target=\"_blank\" rel=\"noopener\">@freeshopswiss<\/a><\/p>\n<p>&nbsp;<\/p>\n","protected":false},"excerpt":{"rendered":"<p><em><strong>Eau de Parfum<\/strong><\/em><\/p>\n","protected":false},"featured_media":12218,"comment_status":"open","ping_status":"closed","template":"","meta":[],"pwb-brand":[378],"product_brand":[],"product_cat":[84,111],"product_tag":[790,952,254,293],"class_list":{"0":"post-12242","1":"product","2":"type-product","3":"status-publish","4":"has-post-thumbnail","6":"pwb-brand-rabanne","7":"product_cat-duefte","8":"product_cat-fur-sie-de","9":"product_tag-womens-fragrances-de","10":"product_tag-profumi-de","11":"product_tag-eau-de-parfum-de","12":"product_tag-frau","14":"first","15":"instock","16":"sale","17":"taxable","18":"shipping-taxable","19":"purchasable","20":"product-type-variable","21":"has-default-attributes"},"brands":[{"id":378,"name":"Rabanne","slug":"rabanne"}],"_links":{"self":[{"href":"https:\/\/www.freeshopfrontiera.ch\/de\/wp-json\/wp\/v2\/product\/12242","targetHints":{"allow":["GET"]}}],"collection":[{"href":"https:\/\/www.freeshopfrontiera.ch\/de\/wp-json\/wp\/v2\/product"}],"about":[{"href":"https:\/\/www.freeshopfrontiera.ch\/de\/wp-json\/wp\/v2\/types\/product"}],"replies":[{"embeddable":true,"href":"https:\/\/www.freeshopfrontiera.ch\/de\/wp-json\/wp\/v2\/comments?post=12242"}],"version-history":[{"count":2,"href":"https:\/\/www.freeshopfrontiera.ch\/de\/wp-json\/wp\/v2\/product\/12242\/revisions"}],"predecessor-version":[{"id":12246,"href":"https:\/\/www.freeshopfrontiera.ch\/de\/wp-json\/wp\/v2\/product\/12242\/revisions\/12246"}],"wp:featuredmedia":[{"embeddable":true,"href":"https:\/\/www.freeshopfrontiera.ch\/de\/wp-json\/wp\/v2\/media\/12218"}],"wp:attachment":[{"href":"https:\/\/www.freeshopfrontiera.ch\/de\/wp-json\/wp\/v2\/media?parent=12242"}],"wp:term":[{"taxonomy":"pwb-brand","embeddable":true,"href":"https:\/\/www.freeshopfrontiera.ch\/de\/wp-json\/wp\/v2\/pwb-brand?post=12242"},{"taxonomy":"product_brand","embeddable":true,"href":"https:\/\/www.freeshopfrontiera.ch\/de\/wp-json\/wp\/v2\/product_brand?post=12242"},{"taxonomy":"product_cat","embeddable":true,"href":"https:\/\/www.freeshopfrontiera.ch\/de\/wp-json\/wp\/v2\/product_cat?post=12242"},{"taxonomy":"product_tag","embeddable":true,"href":"https:\/\/www.freeshopfrontiera.ch\/de\/wp-json\/wp\/v2\/product_tag?post=12242"}],"curies":[{"name":"wp","href":"https:\/\/api.w.org\/{rel}","templated":true}]}}