{"id":12266,"date":"2025-02-11T16:10:20","date_gmt":"2025-02-11T16:10:20","guid":{"rendered":"https:\/\/freeshopswiss.alesca.org\/?post_type=product&#038;p=12266"},"modified":"2026-04-29T10:45:10","modified_gmt":"2026-04-29T10:45:10","slug":"lanvin-oxygene-homme-eau-de-toilette-100ml","status":"publish","type":"product","link":"https:\/\/www.freeshopfrontiera.ch\/de\/shop\/lanvin-oxygene-homme-eau-de-toilette-100ml\/","title":{"rendered":"LANVIN Oxygene Homme 100ml"},"content":{"rendered":"<p data-start=\"1892\" data-end=\"2900\"><strong data-start=\"1923\" data-end=\"1971\">House of Perfumes Precious Oud Eau de Parfum<\/strong> ist ein raffinierter Duft, der den Luxus und die Tiefe orientalischer Parfums verk\u00f6rpert.<\/p>\n<p data-start=\"1892\" data-end=\"2900\">Dieser intensive und umh\u00fcllende Duft beginnt mit reichen Noten exotischer Gew\u00fcrze, darunter schwarzer Pfeffer und Safran, die dem Duft W\u00e4rme und Geheimnis verleihen. Im Herzen verschmilzt das Oud-Holz \u2013 eine der seltensten und wertvollsten Noten der Welt \u2013 mit der balsamischen Kraft von Labdanum-Harz und schafft eine faszinierende und opulente Kombination, die die Sinne verzaubert.<\/p>\n<p data-start=\"1892\" data-end=\"2900\">Die Basis von <strong data-start=\"2461\" data-end=\"2477\">Precious Oud<\/strong> ist gepr\u00e4gt von einer eleganten Mischung aus Sandelholz und Moschus, die dem Duft eine erdige und umh\u00fcllende Tiefe verleiht und eine anhaltende Spur von Luxus und Raffinesse hinterl\u00e4sst. Perfekt f\u00fcr besondere Anl\u00e4sse und f\u00fcr diejenigen, die einen Duft suchen, der Macht und Verf\u00fchrung vermittelt, ist <strong data-start=\"2779\" data-end=\"2795\">Precious Oud<\/strong> ideal f\u00fcr diejenigen, die sich von einem Gef\u00fchl zeitloser Eleganz und Geheimnis umh\u00fcllen lassen m\u00f6chten.<\/p>\n<p>Bleiben Sie auf dem Laufenden \u00fcber alle Neuigkeiten!\u00a0<a href=\"https:\/\/www.instagram.com\/freeshopswiss\/\" target=\"_blank\" rel=\"noopener\">@freeshopswiss<\/a><\/p>\n","protected":false},"excerpt":{"rendered":"<p><b><i>Eau de Toilette<\/i><\/b><\/p>\n","protected":false},"featured_media":12273,"comment_status":"open","ping_status":"closed","template":"","meta":[],"pwb-brand":[392],"product_brand":[],"product_cat":[84,86],"product_tag":[148,952,147,953,1642],"class_list":{"0":"post-12266","1":"product","2":"type-product","3":"status-publish","4":"has-post-thumbnail","6":"pwb-brand-lanvin","7":"product_cat-duefte","8":"product_cat-fur-ihn-de","9":"product_tag-angebot","10":"product_tag-profumi-de","11":"product_tag-eau-de-toilette-de","12":"product_tag-uomo-de","13":"product_tag-mens-fragrances-de","15":"first","16":"instock","17":"sale","18":"taxable","19":"shipping-taxable","20":"purchasable","21":"product-type-simple"},"brands":[{"id":392,"name":"Lanvin","slug":"lanvin"}],"_links":{"self":[{"href":"https:\/\/www.freeshopfrontiera.ch\/de\/wp-json\/wp\/v2\/product\/12266","targetHints":{"allow":["GET"]}}],"collection":[{"href":"https:\/\/www.freeshopfrontiera.ch\/de\/wp-json\/wp\/v2\/product"}],"about":[{"href":"https:\/\/www.freeshopfrontiera.ch\/de\/wp-json\/wp\/v2\/types\/product"}],"replies":[{"embeddable":true,"href":"https:\/\/www.freeshopfrontiera.ch\/de\/wp-json\/wp\/v2\/comments?post=12266"}],"version-history":[{"count":3,"href":"https:\/\/www.freeshopfrontiera.ch\/de\/wp-json\/wp\/v2\/product\/12266\/revisions"}],"predecessor-version":[{"id":18056,"href":"https:\/\/www.freeshopfrontiera.ch\/de\/wp-json\/wp\/v2\/product\/12266\/revisions\/18056"}],"wp:featuredmedia":[{"embeddable":true,"href":"https:\/\/www.freeshopfrontiera.ch\/de\/wp-json\/wp\/v2\/media\/12273"}],"wp:attachment":[{"href":"https:\/\/www.freeshopfrontiera.ch\/de\/wp-json\/wp\/v2\/media?parent=12266"}],"wp:term":[{"taxonomy":"pwb-brand","embeddable":true,"href":"https:\/\/www.freeshopfrontiera.ch\/de\/wp-json\/wp\/v2\/pwb-brand?post=12266"},{"taxonomy":"product_brand","embeddable":true,"href":"https:\/\/www.freeshopfrontiera.ch\/de\/wp-json\/wp\/v2\/product_brand?post=12266"},{"taxonomy":"product_cat","embeddable":true,"href":"https:\/\/www.freeshopfrontiera.ch\/de\/wp-json\/wp\/v2\/product_cat?post=12266"},{"taxonomy":"product_tag","embeddable":true,"href":"https:\/\/www.freeshopfrontiera.ch\/de\/wp-json\/wp\/v2\/product_tag?post=12266"}],"curies":[{"name":"wp","href":"https:\/\/api.w.org\/{rel}","templated":true}]}}