{"id":12460,"date":"2025-02-12T09:35:14","date_gmt":"2025-02-12T09:35:14","guid":{"rendered":"https:\/\/freeshopswiss.alesca.org\/?post_type=product&#038;p=12460"},"modified":"2026-04-29T10:48:39","modified_gmt":"2026-04-29T10:48:39","slug":"gianni-versace-bright-crystal-eau-de-toilette-90ml","status":"publish","type":"product","link":"https:\/\/www.freeshopfrontiera.ch\/shop\/gianni-versace-bright-crystal-eau-de-toilette-90ml\/","title":{"rendered":"VERSACE Bright Crystal 90ml"},"content":{"rendered":"<p data-start=\"0\" data-end=\"362\"><strong>Versace Bright Crystal Eau de Toilette<\/strong> \u00e8 una fragranza che emana freschezza, eleganza e raffinatezza, perfetta per una donna che ama esprimere la propria femminilit\u00e0 con delicatezza e modernit\u00e0. Questa fragranza luminosa e vivace \u00e8 un\u2019ode alla grazia e alla leggerezza, pensata per chi desidera un profumo che rispecchi un carattere sofisticato ma fresco.<\/p>\n<p data-start=\"364\" data-end=\"1192\">L\u2019apertura di Bright Crystal \u00e8 un\u2019esplosione di freschezza, grazie alle note fruttate di melograno e yuzu. Questi ingredienti donano una sensazione di vitalit\u00e0 immediata, come un respiro di aria fresca al mattino, che risveglia i sensi. Il melograno aggiunge un tocco di dolcezza fruttata, mentre il yuzu, con la sua freschezza agrumata, conferisce una vivacit\u00e0 che rinfresca e incanta. Questa apertura fruttata \u00e8 seguita da un cuore delicato e floreale, composto da loto, peonia e magnolia. Questi fiori, simbolo di eleganza e femminilit\u00e0, si intrecciano perfettamente, creando una composizione che esprime grazia e leggerezza, ma anche un pizzico di sensualit\u00e0. La peonia, con il suo profumo fresco e delicato, \u00e8 un richiamo alla bellezza naturale, mentre il loto e la magnolia aggiungono una sensazione di purezza e serenit\u00e0.<\/p>\n<p data-start=\"1194\" data-end=\"1581\">La base della fragranza si arricchisce con una fusione calda e avvolgente di muschio, ambra e patchouli. Questi ingredienti aggiungono profondit\u00e0 alla composizione, bilanciando la freschezza iniziale con una scia elegante e sofisticata. Il muschio dona un effetto morbido e sensuale, mentre l\u2019ambra e il patchouli creano una persistenza che dura nel tempo, senza mai risultare eccessiva.<\/p>\n<p data-start=\"1583\" data-end=\"2027\" data-is-last-node=\"\" data-is-only-node=\"\">Versace Bright Crystal \u00e8 il profumo ideale per la donna che cerca una fragranza leggera, ma sofisticata. Perfetto per ogni occasione, dal giorno alla sera, questo profumo \u00e8 una scelta elegante per chi desidera lasciare una traccia di freschezza e femminilit\u00e0 senza mai perdere in raffinatezza. Con Bright Crystal, ogni momento diventa una celebrazione della bellezza naturale e della purezza, incorniciata da una scia di eleganza irresistibile.<\/p>\n<p>Segui tutte le nostre novit\u00e0! <a href=\"https:\/\/www.instagram.com\/freeshopswiss\/\" target=\"_blank\" rel=\"noopener\">@freeshopswiss<\/a><\/p>\n","protected":false},"excerpt":{"rendered":"<p><em><strong>Eau de Toilette<\/strong><\/em><\/p>\n","protected":false},"featured_media":12463,"comment_status":"open","ping_status":"closed","template":"","meta":[],"pwb-brand":[124],"product_brand":[],"product_cat":[31,43],"product_tag":[290,177,151,5048,128,94],"class_list":{"0":"post-12460","1":"product","2":"type-product","3":"status-publish","4":"has-post-thumbnail","6":"pwb-brand-versace","7":"product_cat-profumi","8":"product_cat-per-lei","9":"product_tag-donna","10":"product_tag-eau-de-parfum","11":"product_tag-fragranze-donna","12":"product_tag-idee-regalo-festa-della-mamma","13":"product_tag-offerte","14":"product_tag-profumi","16":"first","17":"instock","18":"sale","19":"taxable","20":"shipping-taxable","21":"purchasable","22":"product-type-simple"},"brands":[{"id":124,"name":"Versace","slug":"versace"}],"_links":{"self":[{"href":"https:\/\/www.freeshopfrontiera.ch\/de\/wp-json\/wp\/v2\/product\/12460","targetHints":{"allow":["GET"]}}],"collection":[{"href":"https:\/\/www.freeshopfrontiera.ch\/de\/wp-json\/wp\/v2\/product"}],"about":[{"href":"https:\/\/www.freeshopfrontiera.ch\/de\/wp-json\/wp\/v2\/types\/product"}],"replies":[{"embeddable":true,"href":"https:\/\/www.freeshopfrontiera.ch\/de\/wp-json\/wp\/v2\/comments?post=12460"}],"version-history":[{"count":5,"href":"https:\/\/www.freeshopfrontiera.ch\/de\/wp-json\/wp\/v2\/product\/12460\/revisions"}],"predecessor-version":[{"id":41242,"href":"https:\/\/www.freeshopfrontiera.ch\/de\/wp-json\/wp\/v2\/product\/12460\/revisions\/41242"}],"wp:featuredmedia":[{"embeddable":true,"href":"https:\/\/www.freeshopfrontiera.ch\/de\/wp-json\/wp\/v2\/media\/12463"}],"wp:attachment":[{"href":"https:\/\/www.freeshopfrontiera.ch\/de\/wp-json\/wp\/v2\/media?parent=12460"}],"wp:term":[{"taxonomy":"pwb-brand","embeddable":true,"href":"https:\/\/www.freeshopfrontiera.ch\/de\/wp-json\/wp\/v2\/pwb-brand?post=12460"},{"taxonomy":"product_brand","embeddable":true,"href":"https:\/\/www.freeshopfrontiera.ch\/de\/wp-json\/wp\/v2\/product_brand?post=12460"},{"taxonomy":"product_cat","embeddable":true,"href":"https:\/\/www.freeshopfrontiera.ch\/de\/wp-json\/wp\/v2\/product_cat?post=12460"},{"taxonomy":"product_tag","embeddable":true,"href":"https:\/\/www.freeshopfrontiera.ch\/de\/wp-json\/wp\/v2\/product_tag?post=12460"}],"curies":[{"name":"wp","href":"https:\/\/api.w.org\/{rel}","templated":true}]}}