{"id":12798,"date":"2025-02-12T15:15:06","date_gmt":"2025-02-12T15:15:06","guid":{"rendered":"https:\/\/freeshopswiss.alesca.org\/?post_type=product&#038;p=12798"},"modified":"2026-05-04T15:26:51","modified_gmt":"2026-05-04T15:26:51","slug":"burberry-hero-eau-de-parfum-100ml","status":"publish","type":"product","link":"https:\/\/www.freeshopfrontiera.ch\/de\/shop\/burberry-hero-eau-de-parfum-100ml\/","title":{"rendered":"BURBERRY Hero Eau de Parfum 100ml"},"content":{"rendered":"<article class=\"w-full text-token-text-primary focus-visible:outline-2 focus-visible:outline-offset-[-4px]\" dir=\"auto\" data-testid=\"conversation-turn-91\" data-scroll-anchor=\"true\">\n<div class=\"m-auto text-base py-[18px] px-6\">\n<div class=\"mx-auto flex flex-1 text-base gap-4 md:gap-5 lg:gap-6 md:max-w-3xl\">\n<div class=\"group\/conversation-turn relative flex w-full min-w-0 flex-col agent-turn @xs\/thread:px-0 @sm\/thread:px-1.5 @md\/thread:px-4\">\n<div class=\"flex-col gap-1 md:gap-3\">\n<div class=\"flex max-w-full flex-col flex-grow\">\n<div class=\"min-h-8 text-message flex w-full flex-col items-end gap-2 whitespace-normal break-words text-start [.text-message+&amp;]:mt-5\" dir=\"auto\" data-message-author-role=\"assistant\" data-message-id=\"0918e996-ee2e-4016-bac7-d18f77bf985e\" data-message-model-slug=\"gpt-4o-mini\">\n<div class=\"flex w-full flex-col gap-1 empty:hidden first:pt-[3px]\">\n<div class=\"markdown prose w-full break-words dark:prose-invert light\">\n<p data-start=\"82\" data-end=\"449\"><strong>BURBERRY Hero Eau de Parfum<\/strong> ist ein kraftvoller und eleganter Duft, der den modernen Mann verk\u00f6rpert. Ein intensiver, facettenreicher Duft, der Mut, Abenteuerlust und Stil in einer au\u00dfergew\u00f6hnlichen Komposition vereint. Dieses Parfum wurde f\u00fcr den Mann kreiert, der sich durch Selbstbewusstsein und Leidenschaft auszeichnet und sich seiner inneren St\u00e4rke bewusst ist.<\/p>\n<p data-start=\"451\" data-end=\"1045\">Die Kopfnote \u00f6ffnet mit einer frischen, spritzigen Kombination aus Zitrusfr\u00fcchten, die dem Duft eine lebendige und energiegeladene Ausstrahlung verleihen. Die spritzige Frische von Zitrone und Bergamot wird perfekt mit den holzigen und w\u00fcrzigen Noten der Herznoten harmonisiert. Im Herzen des Duftes entfaltet sich eine maskuline Mischung aus schwarzen Pfeffer und Zedernholz, die den Duft mit einer warmen, erdigen Tiefe und einer raffinierten Intensit\u00e4t bereichern. Diese Kombination aus intensiven Gew\u00fcrzen und Holznoten spiegelt die Entschlossenheit und die innere St\u00e4rke des Tr\u00e4gers wider.<\/p>\n<p data-start=\"1047\" data-end=\"1408\">Die Basisnoten aus Amber und Weihrauch verleihen dem Duft eine mystische und mysteri\u00f6se Dimension, die gleichzeitig eine warme, umh\u00fcllende Ausstrahlung erzeugt. Diese tiefen, sinnlichen Noten verleihen dem Parfum Langlebigkeit und eine beeindruckende Pr\u00e4senz, die den ganzen Tag anh\u00e4lt und den Tr\u00e4ger mit einer kraftvollen, unwiderstehlichen Duftspur begleitet.<\/p>\n<p data-start=\"1410\" data-end=\"1745\">Der Flakon von BURBERRY Hero Eau de Parfum ist ein weiteres Meisterwerk, das die moderne Eleganz der Marke verk\u00f6rpert. Die klare, schlichte Form des Flakons mit seiner geschwungenen Silhouette erinnert an die St\u00e4rke und Dynamik des modernen Mannes und spiegelt die unersch\u00fctterliche Selbstsicherheit wider, die der Duft ausstrahlt.<\/p>\n<p data-start=\"1747\" data-end=\"2095\" data-is-last-node=\"\" data-is-only-node=\"\">BURBERRY Hero Eau de Parfum ist der perfekte Duft f\u00fcr den Mann, der es liebt, seine Grenzen zu testen und seine Abenteuerlust zu leben, w\u00e4hrend er gleichzeitig seine elegante und raffinierte Seite zum Ausdruck bringt. Ideal f\u00fcr den t\u00e4glichen Gebrauch sowie besondere Anl\u00e4sse, hinterl\u00e4sst dieser Duft einen bleibenden Eindruck von Kraft und Eleganz.<\/p>\n<\/div>\n<\/div>\n<\/div>\n<\/div>\n<div class=\"mb-2 flex gap-3 empty:hidden -ml-2\">\n<div class=\"items-center justify-start rounded-xl p-1 flex\">\n<div class=\"flex items-center\"><\/div>\n<\/div>\n<\/div>\n<div class=\"mt-3 w-full empty:hidden\">\n<div class=\"text-center\"><\/div>\n<\/div>\n<\/div>\n<\/div>\n<\/div>\n<\/div>\n<\/article>\n<p data-start=\"1892\" data-end=\"2900\">Bleiben Sie auf dem Laufenden \u00fcber alle Neuigkeiten! <a href=\"https:\/\/www.instagram.com\/freeshopswiss\/\" target=\"_blank\" rel=\"noopener\">@freeshopswiss<\/a><\/p>\n","protected":false},"excerpt":{"rendered":"<p><b><i>Eau de Parfum<\/i><\/b><\/p>\n","protected":false},"featured_media":12805,"comment_status":"open","ping_status":"closed","template":"","meta":[],"pwb-brand":[261],"product_brand":[],"product_cat":[84,86],"product_tag":[148,952,254,1642],"class_list":{"0":"post-12798","1":"product","2":"type-product","3":"status-publish","4":"has-post-thumbnail","6":"pwb-brand-burberry","7":"product_cat-duefte","8":"product_cat-fur-ihn-de","9":"product_tag-angebot","10":"product_tag-profumi-de","11":"product_tag-eau-de-parfum-de","12":"product_tag-mens-fragrances-de","14":"first","15":"instock","16":"sale","17":"taxable","18":"shipping-taxable","19":"purchasable","20":"product-type-simple"},"brands":[{"id":261,"name":"Burberry","slug":"burberry"}],"_links":{"self":[{"href":"https:\/\/www.freeshopfrontiera.ch\/de\/wp-json\/wp\/v2\/product\/12798","targetHints":{"allow":["GET"]}}],"collection":[{"href":"https:\/\/www.freeshopfrontiera.ch\/de\/wp-json\/wp\/v2\/product"}],"about":[{"href":"https:\/\/www.freeshopfrontiera.ch\/de\/wp-json\/wp\/v2\/types\/product"}],"replies":[{"embeddable":true,"href":"https:\/\/www.freeshopfrontiera.ch\/de\/wp-json\/wp\/v2\/comments?post=12798"}],"version-history":[{"count":5,"href":"https:\/\/www.freeshopfrontiera.ch\/de\/wp-json\/wp\/v2\/product\/12798\/revisions"}],"predecessor-version":[{"id":24430,"href":"https:\/\/www.freeshopfrontiera.ch\/de\/wp-json\/wp\/v2\/product\/12798\/revisions\/24430"}],"wp:featuredmedia":[{"embeddable":true,"href":"https:\/\/www.freeshopfrontiera.ch\/de\/wp-json\/wp\/v2\/media\/12805"}],"wp:attachment":[{"href":"https:\/\/www.freeshopfrontiera.ch\/de\/wp-json\/wp\/v2\/media?parent=12798"}],"wp:term":[{"taxonomy":"pwb-brand","embeddable":true,"href":"https:\/\/www.freeshopfrontiera.ch\/de\/wp-json\/wp\/v2\/pwb-brand?post=12798"},{"taxonomy":"product_brand","embeddable":true,"href":"https:\/\/www.freeshopfrontiera.ch\/de\/wp-json\/wp\/v2\/product_brand?post=12798"},{"taxonomy":"product_cat","embeddable":true,"href":"https:\/\/www.freeshopfrontiera.ch\/de\/wp-json\/wp\/v2\/product_cat?post=12798"},{"taxonomy":"product_tag","embeddable":true,"href":"https:\/\/www.freeshopfrontiera.ch\/de\/wp-json\/wp\/v2\/product_tag?post=12798"}],"curies":[{"name":"wp","href":"https:\/\/api.w.org\/{rel}","templated":true}]}}