{"id":12902,"date":"2025-02-13T08:16:23","date_gmt":"2025-02-13T08:16:23","guid":{"rendered":"https:\/\/freeshopswiss.alesca.org\/?post_type=product&#038;p=12902"},"modified":"2026-04-13T13:27:37","modified_gmt":"2026-04-13T13:27:37","slug":"house-of-perfumes-black-oud-eau-de-parfum-100ml","status":"publish","type":"product","link":"https:\/\/www.freeshopfrontiera.ch\/de\/shop\/house-of-perfumes-black-oud-eau-de-parfum-100ml\/","title":{"rendered":"HOUSE OF PERFUMES Black Oud 100ml"},"content":{"rendered":"<p data-start=\"2173\" data-end=\"2951\"><strong data-start=\"2173\" data-end=\"2224\">HOUSE OF PERFUMES Black Oud Eau de Parfum 100ml<\/strong> ist ein raffinierter und fesselnder Duft, der f\u00fcr den modernen Mann entwickelt wurde, der orientalische und holzige D\u00fcfte sch\u00e4tzt.<\/p>\n<p data-start=\"2173\" data-end=\"2951\">Das Eau de Parfum \u00f6ffnet sich mit einer reichen Mischung aus <strong data-start=\"2417\" data-end=\"2430\">Bernstein<\/strong>, die perfekt mit <strong data-start=\"2448\" data-end=\"2460\">holzigen<\/strong> Noten harmoniert und einen warmen, umh\u00fcllenden und geheimnisvollen Duft erzeugt.<\/p>\n<p data-start=\"2173\" data-end=\"2951\">Die Komposition eignet sich ideal f\u00fcr diejenigen, die ein einzigartiges olfaktorisches Erlebnis suchen, das den ganzen Tag anh\u00e4lt. <strong data-start=\"2673\" data-end=\"2686\">Black Oud<\/strong> ist perfekt f\u00fcr besondere Abende, formelle Anl\u00e4sse oder jeden Moment, in dem man einen unvergesslichen Eindruck hinterlassen m\u00f6chte. Die Haltbarkeit macht ihn zu einem gro\u00dfartigen Begleiter f\u00fcr den ganzen Tag, mit einer Spur, die anh\u00e4lt, ohne aufdringlich zu sein.<\/p>\n<p data-start=\"1892\" data-end=\"2900\">Bleiben Sie auf dem Laufenden \u00fcber alle Neuigkeiten! <a href=\"https:\/\/www.instagram.com\/freeshopswiss\/\" target=\"_blank\" rel=\"noopener\">@freeshopswiss<\/a><\/p>\n","protected":false},"excerpt":{"rendered":"<p><b><i>Eau de Parfum<\/i><\/b><\/p>\n","protected":false},"featured_media":17563,"comment_status":"open","ping_status":"closed","template":"","meta":[],"pwb-brand":[391],"product_brand":[],"product_cat":[84,86],"product_tag":[148,952,254,1642],"class_list":{"0":"post-12902","1":"product","2":"type-product","3":"status-publish","4":"has-post-thumbnail","6":"pwb-brand-house-of-perfumes","7":"product_cat-duefte","8":"product_cat-fur-ihn-de","9":"product_tag-angebot","10":"product_tag-profumi-de","11":"product_tag-eau-de-parfum-de","12":"product_tag-mens-fragrances-de","14":"first","15":"instock","16":"sale","17":"taxable","18":"shipping-taxable","19":"purchasable","20":"product-type-simple"},"brands":[{"id":391,"name":"House of Perfumes","slug":"house-of-perfumes"}],"_links":{"self":[{"href":"https:\/\/www.freeshopfrontiera.ch\/de\/wp-json\/wp\/v2\/product\/12902","targetHints":{"allow":["GET"]}}],"collection":[{"href":"https:\/\/www.freeshopfrontiera.ch\/de\/wp-json\/wp\/v2\/product"}],"about":[{"href":"https:\/\/www.freeshopfrontiera.ch\/de\/wp-json\/wp\/v2\/types\/product"}],"replies":[{"embeddable":true,"href":"https:\/\/www.freeshopfrontiera.ch\/de\/wp-json\/wp\/v2\/comments?post=12902"}],"version-history":[{"count":4,"href":"https:\/\/www.freeshopfrontiera.ch\/de\/wp-json\/wp\/v2\/product\/12902\/revisions"}],"predecessor-version":[{"id":18036,"href":"https:\/\/www.freeshopfrontiera.ch\/de\/wp-json\/wp\/v2\/product\/12902\/revisions\/18036"}],"wp:featuredmedia":[{"embeddable":true,"href":"https:\/\/www.freeshopfrontiera.ch\/de\/wp-json\/wp\/v2\/media\/17563"}],"wp:attachment":[{"href":"https:\/\/www.freeshopfrontiera.ch\/de\/wp-json\/wp\/v2\/media?parent=12902"}],"wp:term":[{"taxonomy":"pwb-brand","embeddable":true,"href":"https:\/\/www.freeshopfrontiera.ch\/de\/wp-json\/wp\/v2\/pwb-brand?post=12902"},{"taxonomy":"product_brand","embeddable":true,"href":"https:\/\/www.freeshopfrontiera.ch\/de\/wp-json\/wp\/v2\/product_brand?post=12902"},{"taxonomy":"product_cat","embeddable":true,"href":"https:\/\/www.freeshopfrontiera.ch\/de\/wp-json\/wp\/v2\/product_cat?post=12902"},{"taxonomy":"product_tag","embeddable":true,"href":"https:\/\/www.freeshopfrontiera.ch\/de\/wp-json\/wp\/v2\/product_tag?post=12902"}],"curies":[{"name":"wp","href":"https:\/\/api.w.org\/{rel}","templated":true}]}}