{"id":13664,"date":"2025-02-14T13:59:47","date_gmt":"2025-02-14T13:59:47","guid":{"rendered":"https:\/\/freeshopswiss.alesca.org\/shop\/jean-paul-gaultier-le-male-eau-de-toilette-75ml\/"},"modified":"2025-07-29T09:34:56","modified_gmt":"2025-07-29T09:34:56","slug":"jean-paul-gaultier-le-male-eau-de-toilette-75ml","status":"publish","type":"product","link":"https:\/\/www.freeshopfrontiera.ch\/de\/shop\/jean-paul-gaultier-le-male-eau-de-toilette-75ml\/","title":{"rendered":"Jean Paul Gaultier Le Male"},"content":{"rendered":"<article class=\"w-full text-token-text-primary focus-visible:outline-2 focus-visible:outline-offset-[-4px]\" dir=\"auto\" data-testid=\"conversation-turn-73\" data-scroll-anchor=\"true\">\n<div class=\"m-auto text-base py-[18px] px-6\">\n<div class=\"mx-auto flex flex-1 text-base gap-4 md:gap-5 lg:gap-6 md:max-w-3xl\">\n<div class=\"group\/conversation-turn relative flex w-full min-w-0 flex-col agent-turn @xs\/thread:px-0 @sm\/thread:px-1.5 @md\/thread:px-4\">\n<div class=\"flex-col gap-1 md:gap-3\">\n<div class=\"flex max-w-full flex-col flex-grow\">\n<div class=\"min-h-8 text-message flex w-full flex-col items-end gap-2 whitespace-normal break-words text-start [.text-message+&amp;]:mt-5\" dir=\"auto\" data-message-author-role=\"assistant\" data-message-id=\"5883f1f0-3e1b-486c-bde1-627ce76171f6\" data-message-model-slug=\"gpt-4o-mini\">\n<div class=\"flex w-full flex-col gap-1 empty:hidden first:pt-[3px]\">\n<div class=\"markdown prose w-full break-words dark:prose-invert light\">\n<p data-start=\"87\" data-end=\"410\"><strong>Jean Paul Gaultier Le Male Eau de Toilette<\/strong> ist ein legend\u00e4rer Duft, der die Essenz der m\u00e4nnlichen Sinnlichkeit und St\u00e4rke perfekt einf\u00e4ngt. Seit seiner Lancierung im Jahr 1995 ist dieser ikonische Duft ein Inbegriff f\u00fcr Selbstbewusstsein und Eleganz und hat sich zu einem der beliebtesten M\u00e4nnerparf\u00fcms weltweit entwickelt.<\/p>\n<p data-start=\"412\" data-end=\"800\">Der Duft er\u00f6ffnet mit einer erfrischenden und lebendigen Minznote, die sofort Energie und Frische verleiht. Diese spritzige Kopfnote wird im weiteren Verlauf von einem kr\u00e4ftigen Herz aus Lavendel begleitet, das St\u00e4rke und Charakter symbolisiert. Der Lavendel sorgt f\u00fcr einen aromatischen und zugleich maskulinen Duft, der den Tr\u00e4ger in eine Aura von Raffinesse und Selbstsicherheit h\u00fcllt.<\/p>\n<p data-start=\"802\" data-end=\"1236\">In der Basis des Duftes kommen warme und sinnliche Noten von Vanille und Zedernholz zum Tragen. Die s\u00fc\u00dfe Vanille harmoniert perfekt mit dem holzigen Zedernholz und verleiht dem Duft eine tiefgr\u00fcndige, warme Note, die sowohl beruhigend als auch anziehend wirkt. Diese Komposition macht den Duft von Jean Paul Gaultier Le Male zu einem vielseitigen Begleiter, der sowohl f\u00fcr besondere Anl\u00e4sse als auch f\u00fcr den Alltag ideal geeignet ist.<\/p>\n<p data-start=\"1238\" data-end=\"1630\">Der Flakon dieses Parfums ist ein wahres Meisterwerk \u2013 mit seinem unverwechselbaren Design, das die Form eines m\u00e4nnlichen Oberk\u00f6rpers darstellt, wird er zum Symbol f\u00fcr Eleganz, K\u00fchnheit und Originalit\u00e4t. Dieser einzigartige Flakon ist nicht nur ein Hingucker, sondern auch ein Ausdruck der Philosophie von Jean Paul Gaultier, der seine Kreationen stets mit einer starken Aussage versehen hat.<\/p>\n<p data-start=\"1632\" data-end=\"1944\" data-is-last-node=\"\" data-is-only-node=\"\">Jean Paul Gaultier Le Male ist die perfekte Wahl f\u00fcr den modernen Mann, der einen Duft sucht, der sowohl Sinnlichkeit als auch St\u00e4rke verk\u00f6rpert und dabei eine unvergessliche Spur hinterl\u00e4sst. Ob f\u00fcr den besonderen Abend oder f\u00fcr den t\u00e4glichen Gebrauch \u2013 dieser Duft wird in jeder Situation zum wahren Highlight.<\/p>\n<\/div>\n<\/div>\n<\/div>\n<\/div>\n<div class=\"mb-2 flex gap-3 empty:hidden -ml-2\">\n<div class=\"items-center justify-start rounded-xl p-1 flex\">\n<div class=\"flex items-center\"><\/div>\n<\/div>\n<\/div>\n<div class=\"mt-3 w-full empty:hidden\">\n<div class=\"text-center\"><\/div>\n<\/div>\n<\/div>\n<\/div>\n<\/div>\n<\/div>\n<\/article>\n<p data-start=\"813\" data-end=\"1228\">Folge all unseren Neuigkeiten!<a href=\"https:\/\/www.instagram.com\/freeshopswiss\/\" target=\"_blank\" rel=\"noopener\"> @freeshopswiss<\/a><\/p>\n","protected":false},"excerpt":{"rendered":"<p><em><strong>Eau de Toilette<\/strong><\/em><\/p>\n","protected":false},"featured_media":13648,"comment_status":"open","ping_status":"closed","template":"","meta":[],"pwb-brand":[373],"product_brand":[],"product_cat":[84,86],"product_tag":[952,254,4368,1642],"class_list":{"0":"post-13664","1":"product","2":"type-product","3":"status-publish","4":"has-post-thumbnail","6":"pwb-brand-jean-paul-gaultier","7":"product_cat-duefte","8":"product_cat-fur-ihn-de","9":"product_tag-profumi-de","10":"product_tag-eau-de-parfum-de","11":"product_tag-fruehlingsspecial","12":"product_tag-mens-fragrances-de","14":"first","15":"instock","16":"sale","17":"taxable","18":"shipping-taxable","19":"purchasable","20":"product-type-variable","21":"has-default-attributes"},"brands":[{"id":373,"name":"Jean Paul Gaultier","slug":"jean-paul-gaultier"}],"_links":{"self":[{"href":"https:\/\/www.freeshopfrontiera.ch\/de\/wp-json\/wp\/v2\/product\/13664","targetHints":{"allow":["GET"]}}],"collection":[{"href":"https:\/\/www.freeshopfrontiera.ch\/de\/wp-json\/wp\/v2\/product"}],"about":[{"href":"https:\/\/www.freeshopfrontiera.ch\/de\/wp-json\/wp\/v2\/types\/product"}],"replies":[{"embeddable":true,"href":"https:\/\/www.freeshopfrontiera.ch\/de\/wp-json\/wp\/v2\/comments?post=13664"}],"version-history":[{"count":6,"href":"https:\/\/www.freeshopfrontiera.ch\/de\/wp-json\/wp\/v2\/product\/13664\/revisions"}],"predecessor-version":[{"id":18017,"href":"https:\/\/www.freeshopfrontiera.ch\/de\/wp-json\/wp\/v2\/product\/13664\/revisions\/18017"}],"wp:featuredmedia":[{"embeddable":true,"href":"https:\/\/www.freeshopfrontiera.ch\/de\/wp-json\/wp\/v2\/media\/13648"}],"wp:attachment":[{"href":"https:\/\/www.freeshopfrontiera.ch\/de\/wp-json\/wp\/v2\/media?parent=13664"}],"wp:term":[{"taxonomy":"pwb-brand","embeddable":true,"href":"https:\/\/www.freeshopfrontiera.ch\/de\/wp-json\/wp\/v2\/pwb-brand?post=13664"},{"taxonomy":"product_brand","embeddable":true,"href":"https:\/\/www.freeshopfrontiera.ch\/de\/wp-json\/wp\/v2\/product_brand?post=13664"},{"taxonomy":"product_cat","embeddable":true,"href":"https:\/\/www.freeshopfrontiera.ch\/de\/wp-json\/wp\/v2\/product_cat?post=13664"},{"taxonomy":"product_tag","embeddable":true,"href":"https:\/\/www.freeshopfrontiera.ch\/de\/wp-json\/wp\/v2\/product_tag?post=13664"}],"curies":[{"name":"wp","href":"https:\/\/api.w.org\/{rel}","templated":true}]}}