{"id":13856,"date":"2025-02-17T09:40:24","date_gmt":"2025-02-17T09:40:24","guid":{"rendered":"https:\/\/freeshopswiss.alesca.org\/shop\/narciso-rodriguez-for-her-musc-nude\/"},"modified":"2025-12-15T09:14:19","modified_gmt":"2025-12-15T09:14:19","slug":"narciso-rodriguez-for-her-musc-nude","status":"publish","type":"product","link":"https:\/\/www.freeshopfrontiera.ch\/de\/shop\/narciso-rodriguez-for-her-musc-nude\/","title":{"rendered":"NARCISO RODRIGUEZ For Her Musc Nude EdP"},"content":{"rendered":"<p data-start=\"92\" data-end=\"382\"><strong>Narciso Rodriguez For Him Bleu Noir<\/strong> ist ein faszinierender Duft, der moderne Eleganz mit raffinierter M\u00e4nnlichkeit vereint. Seit seiner Einf\u00fchrung im Jahr 2015 ist dieser Duft eine Hommage an den selbstbewussten und anspruchsvollen Mann, der sowohl St\u00e4rke als auch Sinnlichkeit ausstrahlt.<\/p>\n<p data-start=\"384\" data-end=\"781\">Die olfaktorische Reise beginnt mit einer lebhaften und energiegeladenen Er\u00f6ffnung aus frischen, zitrusartigen Bergamottnoten, kombiniert mit dem w\u00fcrzigen Charakter von schwarzem Pfeffer. Diese aufregende Er\u00f6ffnungsnote verleiht dem Duft einen dynamischen Touch und setzt den Ton f\u00fcr das gesamte Erlebnis. Die Frische und W\u00fcrze des ersten Eindrucks ziehen die Sinne an und wecken sofort Interesse.<\/p>\n<p data-start=\"783\" data-end=\"1189\">Im Herzen des Duftes entfaltet sich eine verf\u00fchrerische Mischung aus Moschus und Zedernholz. Diese Kombination strahlt eine tiefe W\u00e4rme und umh\u00fcllende Pr\u00e4senz aus, die dem Duft eine geheimnisvolle und gleichzeitig luxuri\u00f6se Dimension verleiht. Der Moschus f\u00fcgt eine subtile, sinnliche Tiefe hinzu, w\u00e4hrend das Zedernholz f\u00fcr eine holzige Eleganz sorgt, die perfekt mit der Frische der Kopfnoten harmoniert.<\/p>\n<p data-start=\"1191\" data-end=\"1533\">Der Duft wird durch einen fond von Amber und weiteren holzigen Noten abgerundet, die dem Parfum eine au\u00dfergew\u00f6hnliche Tiefe und langanhaltende W\u00e4rme verleihen. Diese Basisnoten schaffen eine bet\u00f6rende, fast mystische Aura, die den Duft \u00fcber Stunden hinweg sp\u00fcrbar macht und ihn zu einem perfekten Begleiter f\u00fcr den anspruchsvollen Mann macht.<\/p>\n<p data-start=\"1535\" data-end=\"1809\">Die elegante, minimalistische Flasche von Narciso Rodriguez For Him Bleu Noir spiegelt die Raffinesse und Modernit\u00e4t des Parfums wider. Mit ihrem klaren Design und den markanten Linien ist die Flasche ein wahres Kunstwerk, das die schlichte Eleganz des Duftes unterstreicht.<\/p>\n<p data-start=\"1811\" data-end=\"2215\" data-is-last-node=\"\" data-is-only-node=\"\">Dieser Duft ist ideal f\u00fcr den Mann, der einen bleibenden Eindruck hinterlassen m\u00f6chte \u2013 sei es im B\u00fcro, bei besonderen Anl\u00e4ssen oder in den abendlichen Stunden. NARCISO RODRIGUEZ For Her Bleu Noir ist die perfekte Wahl f\u00fcr den modernen Mann, der seine Pers\u00f6nlichkeit mit einem einzigartigen, unverwechselbaren Duft ausdr\u00fccken m\u00f6chte. Ein Duft, der Frische, W\u00e4rme und Mystik in perfektem Einklang vereint.<\/p>\n<p>&nbsp;<\/p>\n<p>Follow us! <a href=\"https:\/\/www.instagram.com\/freeshopswiss\/\" target=\"_blank\" rel=\"noopener\">@freeshopswiss<\/a><\/p>\n","protected":false},"excerpt":{"rendered":"<p><em><strong>Eau de Parfum<\/strong><\/em><\/p>\n","protected":false},"featured_media":13838,"comment_status":"open","ping_status":"closed","template":"","meta":[],"pwb-brand":[284],"product_brand":[],"product_cat":[84,111],"product_tag":[790,952,254,293],"class_list":{"0":"post-13856","1":"product","2":"type-product","3":"status-publish","4":"has-post-thumbnail","6":"pwb-brand-narciso-rodriguez","7":"product_cat-duefte","8":"product_cat-fur-sie-de","9":"product_tag-womens-fragrances-de","10":"product_tag-profumi-de","11":"product_tag-eau-de-parfum-de","12":"product_tag-frau","14":"first","15":"instock","16":"sale","17":"taxable","18":"shipping-taxable","19":"purchasable","20":"product-type-variable","21":"has-default-attributes"},"brands":[{"id":284,"name":"Narciso Rodriguez","slug":"narciso-rodriguez"}],"_links":{"self":[{"href":"https:\/\/www.freeshopfrontiera.ch\/de\/wp-json\/wp\/v2\/product\/13856","targetHints":{"allow":["GET"]}}],"collection":[{"href":"https:\/\/www.freeshopfrontiera.ch\/de\/wp-json\/wp\/v2\/product"}],"about":[{"href":"https:\/\/www.freeshopfrontiera.ch\/de\/wp-json\/wp\/v2\/types\/product"}],"replies":[{"embeddable":true,"href":"https:\/\/www.freeshopfrontiera.ch\/de\/wp-json\/wp\/v2\/comments?post=13856"}],"version-history":[{"count":6,"href":"https:\/\/www.freeshopfrontiera.ch\/de\/wp-json\/wp\/v2\/product\/13856\/revisions"}],"predecessor-version":[{"id":37880,"href":"https:\/\/www.freeshopfrontiera.ch\/de\/wp-json\/wp\/v2\/product\/13856\/revisions\/37880"}],"wp:featuredmedia":[{"embeddable":true,"href":"https:\/\/www.freeshopfrontiera.ch\/de\/wp-json\/wp\/v2\/media\/13838"}],"wp:attachment":[{"href":"https:\/\/www.freeshopfrontiera.ch\/de\/wp-json\/wp\/v2\/media?parent=13856"}],"wp:term":[{"taxonomy":"pwb-brand","embeddable":true,"href":"https:\/\/www.freeshopfrontiera.ch\/de\/wp-json\/wp\/v2\/pwb-brand?post=13856"},{"taxonomy":"product_brand","embeddable":true,"href":"https:\/\/www.freeshopfrontiera.ch\/de\/wp-json\/wp\/v2\/product_brand?post=13856"},{"taxonomy":"product_cat","embeddable":true,"href":"https:\/\/www.freeshopfrontiera.ch\/de\/wp-json\/wp\/v2\/product_cat?post=13856"},{"taxonomy":"product_tag","embeddable":true,"href":"https:\/\/www.freeshopfrontiera.ch\/de\/wp-json\/wp\/v2\/product_tag?post=13856"}],"curies":[{"name":"wp","href":"https:\/\/api.w.org\/{rel}","templated":true}]}}