{"id":13920,"date":"2025-02-17T10:45:16","date_gmt":"2025-02-17T10:45:16","guid":{"rendered":"https:\/\/freeshopswiss.alesca.org\/?post_type=product&#038;p=13920"},"modified":"2025-03-11T16:35:59","modified_gmt":"2025-03-11T16:35:59","slug":"hugo-boss-hugo-reversed-eau-de-toilette-125ml","status":"publish","type":"product","link":"https:\/\/www.freeshopfrontiera.ch\/de\/shop\/hugo-boss-hugo-reversed-eau-de-toilette-125ml\/","title":{"rendered":"HUGO BOSS Hugo Reversed 125ml"},"content":{"rendered":"<p data-start=\"86\" data-end=\"460\"><strong>HUGO BOSS Hugo Reversed Eau de Toilette<\/strong> Intense ist ein mutiger und eleganter Duft, der die Unverwechselbarkeit und den modernen Spirit des Mannes verk\u00f6rpert. Mit seiner faszinierenden Komposition aus frischen, aromatischen und warmen Noten, ist dieser Duft die perfekte Wahl f\u00fcr den Mann, der seine Pers\u00f6nlichkeit durch einen einzigartigen Duft zum Ausdruck bringen m\u00f6chte.<\/p>\n<p data-start=\"462\" data-end=\"853\">Der Auftakt dieses au\u00dfergew\u00f6hnlichen Parfums ist spritzig und lebendig \u2013 die Kopfnote besticht durch die Frische von Grapefruit und Bergamotte. Diese intensiven Zitrusnoten verleihen dem Duft sofort eine belebende Energie, die den Tag mit einer erfrischenden Brise einl\u00e4utet. Sie sorgen f\u00fcr einen sofortigen, kraftvollen ersten Eindruck, der die Sinne weckt und den Duft unvergesslich macht.<\/p>\n<p data-start=\"855\" data-end=\"1275\">Das Herz von Hugo Reversed wird von aromatischen Kr\u00e4utern wie Lavendel und Rosmarin gepr\u00e4gt, die dem Duft eine nat\u00fcrliche, elegante Frische verleihen. Diese lebendigen Noten schaffen eine perfekte Balance zwischen Frische und Intensit\u00e4t, die den Duft sowohl tags\u00fcber als auch bei besonderen Anl\u00e4ssen tragen l\u00e4sst. Die Kombination dieser beiden Kr\u00e4uter f\u00fcgt dem Duft Tiefe und Komplexit\u00e4t hinzu, ohne ihn zu \u00fcberw\u00e4ltigen.<\/p>\n<p data-start=\"1277\" data-end=\"1739\">Die Basisnoten aus Zedernholz und Amber verleihen dem Duft eine warme, holzige und langanhaltende Pr\u00e4senz. Diese umh\u00fcllenden Akkorde sorgen f\u00fcr eine subtile, aber dennoch markante Tiefe, die dem Duft eine sinnliche und zugleich maskuline Qualit\u00e4t verleiht. Die erdigen Holznoten bilden die perfekte Grundlage f\u00fcr den frischen Auftakt und das aromatische Herz, wodurch Hugo Reversed eine harmonische und komplexe Komposition wird, die lange auf der Haut verweilt.<\/p>\n<p data-start=\"1741\" data-end=\"2035\">Mit seiner minimalistischen, modernen Flasche spiegelt Hugo Reversed das zeitgem\u00e4\u00dfe Design des Parfums wider. Diese elegante, puristische Verpackung ist ebenso ein Statement wie der Duft selbst \u2013 eine Hommage an den modernen, selbstbewussten Mann, der Wert auf Qualit\u00e4t und Individualit\u00e4t legt.<\/p>\n<p data-start=\"2037\" data-end=\"2316\" data-is-last-node=\"\" data-is-only-node=\"\">Ob bei einem dynamischen Tag im B\u00fcro oder bei einem besonderen Abend, HUGO BOSS Hugo Reversed Eau de Toilette Intense ist der ideale Duft f\u00fcr den Mann, der einen bleibenden Eindruck hinterlassen m\u00f6chte. Ein Duft, der Frische, Intensit\u00e4t und Eleganz in perfektem Einklang vereint.<\/p>\n<p data-start=\"1892\" data-end=\"2900\">Bleiben Sie auf dem Laufenden \u00fcber alle Neuigkeiten! <a href=\"https:\/\/www.instagram.com\/freeshopswiss\/\" target=\"_blank\" rel=\"noopener\">@freeshopswiss<\/a><\/p>\n","protected":false},"excerpt":{"rendered":"<p><b><i>Eau de Toilette<\/i><\/b><\/p>\n","protected":false},"featured_media":13926,"comment_status":"open","ping_status":"closed","template":"","meta":[],"pwb-brand":[260],"product_brand":[],"product_cat":[84,86],"product_tag":[148,952,147,1642],"class_list":{"0":"post-13920","1":"product","2":"type-product","3":"status-publish","4":"has-post-thumbnail","6":"pwb-brand-hugo-boss","7":"product_cat-duefte","8":"product_cat-fur-ihn-de","9":"product_tag-angebot","10":"product_tag-profumi-de","11":"product_tag-eau-de-toilette-de","12":"product_tag-mens-fragrances-de","14":"first","15":"outofstock","16":"sale","17":"taxable","18":"shipping-taxable","19":"purchasable","20":"product-type-simple"},"brands":[{"id":260,"name":"Hugo Boss","slug":"hugo-boss"}],"_links":{"self":[{"href":"https:\/\/www.freeshopfrontiera.ch\/de\/wp-json\/wp\/v2\/product\/13920","targetHints":{"allow":["GET"]}}],"collection":[{"href":"https:\/\/www.freeshopfrontiera.ch\/de\/wp-json\/wp\/v2\/product"}],"about":[{"href":"https:\/\/www.freeshopfrontiera.ch\/de\/wp-json\/wp\/v2\/types\/product"}],"replies":[{"embeddable":true,"href":"https:\/\/www.freeshopfrontiera.ch\/de\/wp-json\/wp\/v2\/comments?post=13920"}],"version-history":[{"count":5,"href":"https:\/\/www.freeshopfrontiera.ch\/de\/wp-json\/wp\/v2\/product\/13920\/revisions"}],"predecessor-version":[{"id":18010,"href":"https:\/\/www.freeshopfrontiera.ch\/de\/wp-json\/wp\/v2\/product\/13920\/revisions\/18010"}],"wp:featuredmedia":[{"embeddable":true,"href":"https:\/\/www.freeshopfrontiera.ch\/de\/wp-json\/wp\/v2\/media\/13926"}],"wp:attachment":[{"href":"https:\/\/www.freeshopfrontiera.ch\/de\/wp-json\/wp\/v2\/media?parent=13920"}],"wp:term":[{"taxonomy":"pwb-brand","embeddable":true,"href":"https:\/\/www.freeshopfrontiera.ch\/de\/wp-json\/wp\/v2\/pwb-brand?post=13920"},{"taxonomy":"product_brand","embeddable":true,"href":"https:\/\/www.freeshopfrontiera.ch\/de\/wp-json\/wp\/v2\/product_brand?post=13920"},{"taxonomy":"product_cat","embeddable":true,"href":"https:\/\/www.freeshopfrontiera.ch\/de\/wp-json\/wp\/v2\/product_cat?post=13920"},{"taxonomy":"product_tag","embeddable":true,"href":"https:\/\/www.freeshopfrontiera.ch\/de\/wp-json\/wp\/v2\/product_tag?post=13920"}],"curies":[{"name":"wp","href":"https:\/\/api.w.org\/{rel}","templated":true}]}}