{"id":14040,"date":"2025-02-17T12:37:10","date_gmt":"2025-02-17T12:37:10","guid":{"rendered":"https:\/\/freeshopswiss.alesca.org\/shop\/bulgari-man-in-black-eau-de-parfum\/"},"modified":"2025-07-30T07:22:33","modified_gmt":"2025-07-30T07:22:33","slug":"bulgari-man-in-black-eau-de-parfum","status":"publish","type":"product","link":"https:\/\/www.freeshopfrontiera.ch\/de\/shop\/bulgari-man-in-black-eau-de-parfum\/","title":{"rendered":"BULGARI Man In Black"},"content":{"rendered":"<article class=\"w-full text-token-text-primary focus-visible:outline-2 focus-visible:outline-offset-[-4px]\" dir=\"auto\" data-testid=\"conversation-turn-43\" data-scroll-anchor=\"true\">\n<div class=\"m-auto text-base py-[18px] px-6\">\n<div class=\"mx-auto flex flex-1 text-base gap-4 md:gap-5 lg:gap-6 md:max-w-3xl\">\n<div class=\"group\/conversation-turn relative flex w-full min-w-0 flex-col agent-turn @xs\/thread:px-0 @sm\/thread:px-1.5 @md\/thread:px-4\">\n<div class=\"flex-col gap-1 md:gap-3\">\n<div class=\"flex max-w-full flex-col flex-grow\">\n<div class=\"min-h-8 text-message flex w-full flex-col items-end gap-2 whitespace-normal break-words text-start [.text-message+&amp;]:mt-5\" dir=\"auto\" data-message-author-role=\"assistant\" data-message-id=\"c55b0431-1eb7-40ed-9cfd-fba738c066ba\" data-message-model-slug=\"gpt-4o-mini\">\n<div class=\"flex w-full flex-col gap-1 empty:hidden first:pt-[3px]\">\n<div class=\"markdown prose w-full break-words dark:prose-invert light\">\n<p data-start=\"0\" data-end=\"394\"><strong>BULGARI Man In Black Eau de Parfum<\/strong> ist ein kraftvoller und markanter Duft, der die maskuline St\u00e4rke und Leidenschaft in jeder Note verk\u00f6rpert. Diese olfaktorische Kreation ist eine Hommage an den modernen Mann, der seine Pers\u00f6nlichkeit mit einem einzigartigen und unverwechselbaren Duft betonen m\u00f6chte. Ideal f\u00fcr den selbstbewussten Mann, der wei\u00df, wie er einen bleibenden Eindruck hinterl\u00e4sst.<\/p>\n<p data-start=\"396\" data-end=\"978\">Die Komposition er\u00f6ffnet mit einer Explosion w\u00fcrziger Noten, in der das intensive Aroma von Rum mit der W\u00e4rme von schwarzem Pfeffer harmoniert. Diese spannende Er\u00f6ffnung verleiht dem Duft eine sofortige Pr\u00e4senz und Energie, die sowohl aufregend als auch verf\u00fchrerisch ist. Im Herzen des Duftes entfaltet sich eine fesselnde Mischung aus Hibiskusbl\u00fcten und Leder, die dem Duft eine sinnliche und elegante Tiefe verleiht. Diese floralen und ledrigen Noten f\u00fcgen sich perfekt zusammen und bilden einen unwiderstehlichen, intensiven Akkord, der den Duft zu einem echten Statement macht.<\/p>\n<p data-start=\"980\" data-end=\"1289\">Die Basisnoten aus Guajakholz, Amber und Harzen bieten eine langanhaltende, warme und w\u00fcrzige Tiefe, die dem Duft eine au\u00dfergew\u00f6hnliche Haltbarkeit verleiht. Diese holzigen und harzigen Noten sorgen daf\u00fcr, dass Man In Black auch nach Stunden noch pr\u00e4sent bleibt und eine Aura von zeitloser Eleganz ausstrahlt.<\/p>\n<p data-start=\"1291\" data-end=\"1619\">BULGARI Man In Black ist nicht nur ein Duft, sondern eine vollst\u00e4ndige olfaktorische Erfahrung, die perfekt f\u00fcr jede Gelegenheit geeignet ist \u2013 sei es f\u00fcr den Alltag oder besondere Anl\u00e4sse. Die elegante, moderne Flasche spiegelt die Raffinesse und den Luxus des Duftes wider und macht sie zu einem begehrenswerten Sammlerst\u00fcck.<\/p>\n<p data-start=\"1621\" data-end=\"1839\" data-is-last-node=\"\" data-is-only-node=\"\">Mit BULGARI Man In Black wirst du in der Lage sein, die Welt mit deinem Charisma zu erobern und die Aufmerksamkeit auf dich zu ziehen, wo immer du hingehst. Ein Duft, der St\u00e4rke, Raffinesse und Leidenschaft verk\u00f6rpert.<\/p>\n<\/div>\n<\/div>\n<\/div>\n<\/div>\n<\/div>\n<\/div>\n<\/div>\n<\/div>\n<\/article>\n<p>&nbsp;<\/p>\n<p>Follow us! <a href=\"https:\/\/www.instagram.com\/freeshopswiss\/\" target=\"_blank\" rel=\"noopener\">@freeshopswiss<\/a><\/p>\n","protected":false},"excerpt":{"rendered":"<p><em><strong>Eau de Parfum<\/strong><\/em><\/p>\n","protected":false},"featured_media":14024,"comment_status":"open","ping_status":"closed","template":"","meta":[],"pwb-brand":[399],"product_brand":[],"product_cat":[84,86],"product_tag":[952,254,953],"class_list":{"0":"post-14040","1":"product","2":"type-product","3":"status-publish","4":"has-post-thumbnail","6":"pwb-brand-bulgari","7":"product_cat-duefte","8":"product_cat-fur-ihn-de","9":"product_tag-profumi-de","10":"product_tag-eau-de-parfum-de","11":"product_tag-uomo-de","13":"first","14":"instock","15":"sale","16":"taxable","17":"shipping-taxable","18":"purchasable","19":"product-type-variable","20":"has-default-attributes"},"brands":[{"id":399,"name":"Bulgari","slug":"bulgari"}],"_links":{"self":[{"href":"https:\/\/www.freeshopfrontiera.ch\/de\/wp-json\/wp\/v2\/product\/14040","targetHints":{"allow":["GET"]}}],"collection":[{"href":"https:\/\/www.freeshopfrontiera.ch\/de\/wp-json\/wp\/v2\/product"}],"about":[{"href":"https:\/\/www.freeshopfrontiera.ch\/de\/wp-json\/wp\/v2\/types\/product"}],"replies":[{"embeddable":true,"href":"https:\/\/www.freeshopfrontiera.ch\/de\/wp-json\/wp\/v2\/comments?post=14040"}],"version-history":[{"count":5,"href":"https:\/\/www.freeshopfrontiera.ch\/de\/wp-json\/wp\/v2\/product\/14040\/revisions"}],"predecessor-version":[{"id":14047,"href":"https:\/\/www.freeshopfrontiera.ch\/de\/wp-json\/wp\/v2\/product\/14040\/revisions\/14047"}],"wp:featuredmedia":[{"embeddable":true,"href":"https:\/\/www.freeshopfrontiera.ch\/de\/wp-json\/wp\/v2\/media\/14024"}],"wp:attachment":[{"href":"https:\/\/www.freeshopfrontiera.ch\/de\/wp-json\/wp\/v2\/media?parent=14040"}],"wp:term":[{"taxonomy":"pwb-brand","embeddable":true,"href":"https:\/\/www.freeshopfrontiera.ch\/de\/wp-json\/wp\/v2\/pwb-brand?post=14040"},{"taxonomy":"product_brand","embeddable":true,"href":"https:\/\/www.freeshopfrontiera.ch\/de\/wp-json\/wp\/v2\/product_brand?post=14040"},{"taxonomy":"product_cat","embeddable":true,"href":"https:\/\/www.freeshopfrontiera.ch\/de\/wp-json\/wp\/v2\/product_cat?post=14040"},{"taxonomy":"product_tag","embeddable":true,"href":"https:\/\/www.freeshopfrontiera.ch\/de\/wp-json\/wp\/v2\/product_tag?post=14040"}],"curies":[{"name":"wp","href":"https:\/\/api.w.org\/{rel}","templated":true}]}}