{"id":14398,"date":"2025-02-18T10:51:08","date_gmt":"2025-02-18T10:51:08","guid":{"rendered":"https:\/\/freeshopswiss.alesca.org\/shop\/biotherm-homme-day-control\/"},"modified":"2025-02-18T11:03:04","modified_gmt":"2025-02-18T11:03:04","slug":"biotherm-homme-day-control","status":"publish","type":"product","link":"https:\/\/www.freeshopfrontiera.ch\/de\/shop\/biotherm-homme-day-control\/","title":{"rendered":"Biotherm Homme Day Control 48h Protect Roll-on 75ml"},"content":{"rendered":"<p data-start=\"67\" data-end=\"630\"><strong>Biotherm Homme Day Control 48h Protect<\/strong> bietet 48 Stunden lang anhaltende Frische und h\u00e4lt die Haut frisch und gesch\u00fctzt. Die Formel, angereichert mit Life Plankton\u2122, hilft, die Haut zu beruhigen und zu regenerieren, w\u00e4hrend Perlite Feuchtigkeit absorbiert und ein trockenes Gef\u00fchl hinterl\u00e4sst.<\/p>\n<p data-start=\"67\" data-end=\"630\">Die fl\u00fcssige Textur im praktischen Roll-on-Format l\u00e4sst sich leicht auftragen und hinterl\u00e4sst keine R\u00fcckst\u00e4nde auf der Haut oder der Kleidung. Sie bietet Schutz vor Ger\u00fcchen und Flecken, trocknet schnell und lindert Irritationen. Ideal f\u00fcr M\u00e4nner, die ein effektives und langanhaltendes Deo suchen.<\/p>\n<p data-start=\"67\" data-end=\"630\">Verfolgen Sie alle unsere Neuigkeiten! <a href=\"https:\/\/www.instagram.com\/freeshopswiss\/\" target=\"_blank\" rel=\"noopener\">@freeshopswiss\u00a0<\/a><\/p>\n","protected":false},"excerpt":{"rendered":"<p>Biotherm Homme Day Control 48h Protect bietet 48 Stunden lang anhaltende Frische und h\u00e4lt die Haut frisch und gesch\u00fctzt. Die Formel, angereichert mit Life Plankton\u2122, hilft, die Haut zu beruhigen und zu regenerieren, w\u00e4hrend Perlite Feuchtigkeit absorbiert und ein trockenes Gef\u00fchl hinterl\u00e4sst. Die fl\u00fcssige Textur im praktischen Roll-on-Format l\u00e4sst sich leicht auftragen und hinterl\u00e4sst keine [&hellip;]<\/p>\n","protected":false},"featured_media":14394,"comment_status":"open","ping_status":"closed","template":"","meta":[],"pwb-brand":[405],"product_brand":[],"product_cat":[292,86],"product_tag":[408,953],"class_list":{"0":"post-14398","1":"product","2":"type-product","3":"status-publish","4":"has-post-thumbnail","6":"pwb-brand-biotherm","7":"product_cat-behandlungen","8":"product_cat-fur-ihn-de","9":"product_tag-deodorants-de","10":"product_tag-uomo-de","12":"first","13":"instock","14":"sale","15":"taxable","16":"shipping-taxable","17":"purchasable","18":"product-type-simple"},"brands":[{"id":405,"name":"Biotherm","slug":"biotherm"}],"_links":{"self":[{"href":"https:\/\/www.freeshopfrontiera.ch\/de\/wp-json\/wp\/v2\/product\/14398","targetHints":{"allow":["GET"]}}],"collection":[{"href":"https:\/\/www.freeshopfrontiera.ch\/de\/wp-json\/wp\/v2\/product"}],"about":[{"href":"https:\/\/www.freeshopfrontiera.ch\/de\/wp-json\/wp\/v2\/types\/product"}],"replies":[{"embeddable":true,"href":"https:\/\/www.freeshopfrontiera.ch\/de\/wp-json\/wp\/v2\/comments?post=14398"}],"version-history":[{"count":2,"href":"https:\/\/www.freeshopfrontiera.ch\/de\/wp-json\/wp\/v2\/product\/14398\/revisions"}],"predecessor-version":[{"id":14404,"href":"https:\/\/www.freeshopfrontiera.ch\/de\/wp-json\/wp\/v2\/product\/14398\/revisions\/14404"}],"wp:featuredmedia":[{"embeddable":true,"href":"https:\/\/www.freeshopfrontiera.ch\/de\/wp-json\/wp\/v2\/media\/14394"}],"wp:attachment":[{"href":"https:\/\/www.freeshopfrontiera.ch\/de\/wp-json\/wp\/v2\/media?parent=14398"}],"wp:term":[{"taxonomy":"pwb-brand","embeddable":true,"href":"https:\/\/www.freeshopfrontiera.ch\/de\/wp-json\/wp\/v2\/pwb-brand?post=14398"},{"taxonomy":"product_brand","embeddable":true,"href":"https:\/\/www.freeshopfrontiera.ch\/de\/wp-json\/wp\/v2\/product_brand?post=14398"},{"taxonomy":"product_cat","embeddable":true,"href":"https:\/\/www.freeshopfrontiera.ch\/de\/wp-json\/wp\/v2\/product_cat?post=14398"},{"taxonomy":"product_tag","embeddable":true,"href":"https:\/\/www.freeshopfrontiera.ch\/de\/wp-json\/wp\/v2\/product_tag?post=14398"}],"curies":[{"name":"wp","href":"https:\/\/api.w.org\/{rel}","templated":true}]}}