{"id":14422,"date":"2025-02-18T11:50:13","date_gmt":"2025-02-18T11:50:13","guid":{"rendered":"https:\/\/freeshopswiss.alesca.org\/shop\/olaplex-n-3-hair-perfector-100ml\/"},"modified":"2025-02-20T14:02:17","modified_gmt":"2025-02-20T14:02:17","slug":"olaplex-n-3-hair-perfector-100ml","status":"publish","type":"product","link":"https:\/\/www.freeshopfrontiera.ch\/de\/shop\/olaplex-n-3-hair-perfector-100ml\/","title":{"rendered":"OLAPLEX N. 3 Hair Perfector 100ml"},"content":{"rendered":"<p data-start=\"1731\" data-end=\"2322\"><strong>Olaplex Hair Perfector N\u00b03<\/strong> ist eine innovative Haarkur, die mit patentierter Technologie entwickelt wurde, um Sch\u00e4den durch F\u00e4rben und andere chemische Behandlungen dauerhaft zu reparieren. Im Gegensatz zu herk\u00f6mmlichen Produkten, die das Haar nur vor weiteren Sch\u00e4den sch\u00fctzen, repariert Olaplex N\u00b03 die inneren Disulfidbr\u00fccken im Haar und stellt St\u00e4rke, Glanz und Vitalit\u00e4t wieder her. Diese professionelle Behandlung, die zuvor nur in Salons verwendet wurde, ist jetzt auch f\u00fcr den Heimgebrauch erh\u00e4ltlich und erm\u00f6glicht es Ihnen, gesundes und gl\u00e4nzendes Haar bequem zu Hause zu erzielen.<\/p>\n<p data-start=\"2324\" data-end=\"2768\">Die Behandlung ist ideal f\u00fcr trockenes, gesch\u00e4digtes, gebleichtes oder coloriertes Haar. Disulfidbr\u00fccken, die die Keratinmolek\u00fcle im Haar verbinden, sind f\u00fcr die St\u00e4rke und Elastizit\u00e4t des Haares entscheidend. Faktoren wie W\u00e4rme, UV-Strahlung oder chemische Behandlungen k\u00f6nnen diese Br\u00fccken brechen und das Haar br\u00fcchig und stumpf machen. Olaplex N\u00b03 repariert diese besch\u00e4digten Br\u00fccken und stellt die nat\u00fcrliche St\u00e4rke des Haares wieder her.<\/p>\n<p data-start=\"2770\" data-end=\"3009\">Frei von Sulfaten, Silikonen, Phthalaten, DEA, Aldehyden und Gluten ist diese Behandlung sanft und sicher f\u00fcr alle Haartypen. Dar\u00fcber hinaus ist Olaplex Hair Perfector N\u00b03 ein tierversuchsfreies Produkt, das nicht an Tieren getestet wurde.<\/p>\n<p data-start=\"3011\" data-end=\"3029\"><strong data-start=\"3011\" data-end=\"3029\">Hauptmerkmale:<\/strong><\/p>\n<ul data-start=\"3030\" data-end=\"3327\">\n<li data-start=\"3030\" data-end=\"3086\">Repariert dauerhaft gebrochene Disulfidbr\u00fccken im Haar<\/li>\n<li data-start=\"3087\" data-end=\"3145\">Stellt St\u00e4rke, Glanz und Vitalit\u00e4t des Haares wieder her<\/li>\n<li data-start=\"3146\" data-end=\"3215\">Ideal f\u00fcr trockenes, besch\u00e4digtes, gebleichtes und coloriertes Haar<\/li>\n<li data-start=\"3216\" data-end=\"3282\">Frei von Sulfaten, Silikonen, Phthalaten, DEA, Aldehyden, Gluten<\/li>\n<li data-start=\"3283\" data-end=\"3327\">Tierversuchsfrei, nicht an Tieren getestet<\/li>\n<\/ul>\n<p>&nbsp;<\/p>\n<p>Follow us! <a href=\"https:\/\/www.instagram.com\/freeshopswiss\/\" target=\"_blank\" rel=\"noopener\">@freeshopswiss\u00a0<\/a><\/p>\n<p>&nbsp;<\/p>\n","protected":false},"excerpt":{"rendered":"<p>Olaplex Hair Perfector N\u00b03 ist eine innovative Haarkur, die mit patentierter Technologie entwickelt wurde, um Sch\u00e4den durch F\u00e4rben und andere chemische Behandlungen dauerhaft zu reparieren. Im Gegensatz zu herk\u00f6mmlichen Produkten, die das Haar nur vor weiteren Sch\u00e4den sch\u00fctzen, repariert Olaplex N\u00b03 die inneren Disulfidbr\u00fccken im Haar und stellt St\u00e4rke, Glanz und Vitalit\u00e4t wieder her. Diese [&hellip;]<\/p>\n","protected":false},"featured_media":14418,"comment_status":"open","ping_status":"closed","template":"","meta":[],"pwb-brand":[412],"product_brand":[],"product_cat":[292,111,543],"product_tag":[419,293,420],"class_list":{"0":"post-14422","1":"product","2":"type-product","3":"status-publish","4":"has-post-thumbnail","6":"pwb-brand-olaplex","7":"product_cat-behandlungen","8":"product_cat-fur-sie-de","9":"product_cat-haarbehandlung","10":"product_tag-behandlungen-de","11":"product_tag-frau","12":"product_tag-haarbehandlung-de","14":"first","15":"instock","16":"taxable","17":"shipping-taxable","18":"purchasable","19":"product-type-simple"},"brands":[{"id":412,"name":"Olaplex","slug":"olaplex"}],"_links":{"self":[{"href":"https:\/\/www.freeshopfrontiera.ch\/de\/wp-json\/wp\/v2\/product\/14422","targetHints":{"allow":["GET"]}}],"collection":[{"href":"https:\/\/www.freeshopfrontiera.ch\/de\/wp-json\/wp\/v2\/product"}],"about":[{"href":"https:\/\/www.freeshopfrontiera.ch\/de\/wp-json\/wp\/v2\/types\/product"}],"replies":[{"embeddable":true,"href":"https:\/\/www.freeshopfrontiera.ch\/de\/wp-json\/wp\/v2\/comments?post=14422"}],"version-history":[{"count":2,"href":"https:\/\/www.freeshopfrontiera.ch\/de\/wp-json\/wp\/v2\/product\/14422\/revisions"}],"predecessor-version":[{"id":14426,"href":"https:\/\/www.freeshopfrontiera.ch\/de\/wp-json\/wp\/v2\/product\/14422\/revisions\/14426"}],"wp:featuredmedia":[{"embeddable":true,"href":"https:\/\/www.freeshopfrontiera.ch\/de\/wp-json\/wp\/v2\/media\/14418"}],"wp:attachment":[{"href":"https:\/\/www.freeshopfrontiera.ch\/de\/wp-json\/wp\/v2\/media?parent=14422"}],"wp:term":[{"taxonomy":"pwb-brand","embeddable":true,"href":"https:\/\/www.freeshopfrontiera.ch\/de\/wp-json\/wp\/v2\/pwb-brand?post=14422"},{"taxonomy":"product_brand","embeddable":true,"href":"https:\/\/www.freeshopfrontiera.ch\/de\/wp-json\/wp\/v2\/product_brand?post=14422"},{"taxonomy":"product_cat","embeddable":true,"href":"https:\/\/www.freeshopfrontiera.ch\/de\/wp-json\/wp\/v2\/product_cat?post=14422"},{"taxonomy":"product_tag","embeddable":true,"href":"https:\/\/www.freeshopfrontiera.ch\/de\/wp-json\/wp\/v2\/product_tag?post=14422"}],"curies":[{"name":"wp","href":"https:\/\/api.w.org\/{rel}","templated":true}]}}