{"id":14486,"date":"2025-02-18T13:53:42","date_gmt":"2025-02-18T13:53:42","guid":{"rendered":"https:\/\/freeshopswiss.alesca.org\/?post_type=product&#038;p=14486"},"modified":"2025-02-18T14:17:25","modified_gmt":"2025-02-18T14:17:25","slug":"clarins-deodorant-roll-on-50ml","status":"publish","type":"product","link":"https:\/\/www.freeshopfrontiera.ch\/de\/shop\/clarins-deodorant-roll-on-50ml\/","title":{"rendered":"CLARINS Deodorant Roll-On 50ml"},"content":{"rendered":"<p data-start=\"2888\" data-end=\"3344\"><strong data-start=\"2888\" data-end=\"2922\">CLARINS Deodorant Roll-On 50ml<\/strong> ist ein sanftes und hochwirksames Deodorant, das langanhaltenden Schutz vor unangenehmen Ger\u00fcchen bietet. Die Formel, angereichert mit pflanzlichen Extrakten, respektiert die Haut und h\u00e4lt sie den ganzen Tag \u00fcber frisch und trocken. Die Roll-on-Anwendung sorgt f\u00fcr eine gleichm\u00e4\u00dfige Verteilung des Produkts, ohne R\u00fcckst\u00e4nde zu hinterlassen, w\u00e4hrend die leichte, nicht klebrige Textur ein angenehmes Hautgef\u00fchl vermittelt.<\/p>\n<p data-start=\"3346\" data-end=\"3660\">Alkoholfrei ist das <strong data-start=\"3366\" data-end=\"3395\">CLARINS Roll-On-Deodorant<\/strong> auch f\u00fcr empfindliche Haut geeignet und bietet effektiven Schutz vor Ger\u00fcchen, ohne das nat\u00fcrliche Gleichgewicht der Haut zu st\u00f6ren. Die Formel ist mit pflanzlichen Extrakten angereichert, die die Haut beruhigen und reinigen und sie frisch und hydratisiert halten.<\/p>\n<p data-start=\"3662\" data-end=\"3923\">Ideal f\u00fcr den t\u00e4glichen Gebrauch, bietet dieses Deodorant eine nat\u00fcrliche Frische und diskreten, langanhaltenden Schutz. Die 50 ml Verpackung ist praktisch und bequem, um sie in Ihrer Tasche oder auf Reisen mitzunehmen und h\u00e4lt Sie \u00fcberall frisch und gesch\u00fctzt.<\/p>\n<p data-start=\"731\" data-end=\"1030\">Follow us! <a href=\"https:\/\/www.instagram.com\/freeshopswiss\/\" target=\"_blank\" rel=\"noopener\">@freeshopswiss\u00a0<\/a><\/p>\n","protected":false},"excerpt":{"rendered":"<p>CLARINS Deodorant Roll-On 50ml ist ein sanftes und hochwirksames Deodorant, das langanhaltenden Schutz vor unangenehmen Ger\u00fcchen bietet. Die Formel, angereichert mit pflanzlichen Extrakten, respektiert die Haut und h\u00e4lt sie den ganzen Tag \u00fcber frisch und trocken. Die Roll-on-Anwendung sorgt f\u00fcr eine gleichm\u00e4\u00dfige Verteilung des Produkts, ohne R\u00fcckst\u00e4nde zu hinterlassen, w\u00e4hrend die leichte, nicht klebrige Textur [&hellip;]<\/p>\n","protected":false},"featured_media":14492,"comment_status":"open","ping_status":"closed","template":"","meta":[],"pwb-brand":[311],"product_brand":[],"product_cat":[436],"product_tag":[408,293],"class_list":{"0":"post-14486","1":"product","2":"type-product","3":"status-publish","4":"has-post-thumbnail","6":"pwb-brand-clarins","7":"product_cat-deos","8":"product_tag-deodorants-de","9":"product_tag-frau","11":"first","12":"instock","13":"sale","14":"taxable","15":"shipping-taxable","16":"purchasable","17":"product-type-simple"},"brands":[{"id":311,"name":"Clarins","slug":"clarins"}],"_links":{"self":[{"href":"https:\/\/www.freeshopfrontiera.ch\/de\/wp-json\/wp\/v2\/product\/14486","targetHints":{"allow":["GET"]}}],"collection":[{"href":"https:\/\/www.freeshopfrontiera.ch\/de\/wp-json\/wp\/v2\/product"}],"about":[{"href":"https:\/\/www.freeshopfrontiera.ch\/de\/wp-json\/wp\/v2\/types\/product"}],"replies":[{"embeddable":true,"href":"https:\/\/www.freeshopfrontiera.ch\/de\/wp-json\/wp\/v2\/comments?post=14486"}],"version-history":[{"count":3,"href":"https:\/\/www.freeshopfrontiera.ch\/de\/wp-json\/wp\/v2\/product\/14486\/revisions"}],"predecessor-version":[{"id":14502,"href":"https:\/\/www.freeshopfrontiera.ch\/de\/wp-json\/wp\/v2\/product\/14486\/revisions\/14502"}],"wp:featuredmedia":[{"embeddable":true,"href":"https:\/\/www.freeshopfrontiera.ch\/de\/wp-json\/wp\/v2\/media\/14492"}],"wp:attachment":[{"href":"https:\/\/www.freeshopfrontiera.ch\/de\/wp-json\/wp\/v2\/media?parent=14486"}],"wp:term":[{"taxonomy":"pwb-brand","embeddable":true,"href":"https:\/\/www.freeshopfrontiera.ch\/de\/wp-json\/wp\/v2\/pwb-brand?post=14486"},{"taxonomy":"product_brand","embeddable":true,"href":"https:\/\/www.freeshopfrontiera.ch\/de\/wp-json\/wp\/v2\/product_brand?post=14486"},{"taxonomy":"product_cat","embeddable":true,"href":"https:\/\/www.freeshopfrontiera.ch\/de\/wp-json\/wp\/v2\/product_cat?post=14486"},{"taxonomy":"product_tag","embeddable":true,"href":"https:\/\/www.freeshopfrontiera.ch\/de\/wp-json\/wp\/v2\/product_tag?post=14486"}],"curies":[{"name":"wp","href":"https:\/\/api.w.org\/{rel}","templated":true}]}}