{"id":14518,"date":"2025-02-18T14:37:04","date_gmt":"2025-02-18T14:37:04","guid":{"rendered":"https:\/\/freeshopswiss.alesca.org\/?post_type=product&#038;p=14518"},"modified":"2025-02-18T15:07:30","modified_gmt":"2025-02-18T15:07:30","slug":"erborian-cc-creme-dore-45ml-copie","status":"publish","type":"product","link":"https:\/\/www.freeshopfrontiera.ch\/de\/shop\/erborian-cc-creme-dore-45ml-copie\/","title":{"rendered":"ERBORIAN CC Creme Dor\u00e8 45ml"},"content":{"rendered":"<p data-start=\"2694\" data-end=\"3245\">Gewinner des Preises f\u00fcr die beste CC Cream bei den j\u00e4hrlichen Tatler Beauty Awards,<strong data-start=\"2779\" data-end=\"2806\">\u00a0ERBORIAN CC Creme Dore 45ml<\/strong>\u00a0ist das koreanische Geheimnis f\u00fcr einen perfekten und strahlenden Teint. Diese High-Definition-Creme passt sich perfekt dem Hautton an, verbessert die Textur und sorgt f\u00fcr einen gleichm\u00e4\u00dfigen Teint, ohne schwer zu wirken. Die innovative Formel, angereichert mit verkapselten Pigmenten, verschmilzt mit der Haut, beleuchtet und perfektioniert das Erscheinungsbild, reduziert Unvollkommenheiten und hinterl\u00e4sst die Haut weich und strahlend.<\/p>\n<p data-start=\"3247\" data-end=\"3673\">Die CC Cream Dor\u00e8 ist nicht nur ein Sch\u00f6nheitsprodukt, sondern auch eine vollst\u00e4ndige Behandlung, dank <strong data-start=\"3351\" data-end=\"3372\">Centella Asiatica<\/strong>, einem starken Anti-Aging-Wirkstoff, der die Kollagenproduktion anregt und die Hautbarriere st\u00e4rkt. Angereichert mit <strong data-start=\"3490\" data-end=\"3502\">Adenosin<\/strong> und <strong data-start=\"3507\" data-end=\"3521\">Vitamin B3<\/strong>, sch\u00fctzt diese Creme vor freien Radikalen, verbessert die Hautelastizit\u00e4t und reduziert Unregelm\u00e4\u00dfigkeiten, wodurch die Haut sichtbar j\u00fcnger erscheint.<\/p>\n<p data-start=\"3675\" data-end=\"4146\" data-is-last-node=\"\">Mit Sonnenschutz SPF 25 hilft die CC Cream, Sch\u00e4den durch UV-Strahlen zu verhindern und h\u00e4lt die Haut den ganzen Tag \u00fcber gesch\u00fctzt und hydratisiert. Die leichte, nicht komedogene Textur l\u00e4sst sich leicht auftragen und hinterl\u00e4sst ein nat\u00fcrliches, weiches und strahlendes Finish, ohne die Poren zu verstopfen. Ideal f\u00fcr alle Hauttypen, ist die CC Cream Clair perfekt f\u00fcr diejenigen, die eine leichte, aber effektive Abdeckung suchen, die die Haut mit der Zeit verbessert.<\/p>\n<p data-start=\"3675\" data-end=\"4146\" data-is-last-node=\"\"><strong>CC CREAM DOR\u00c9 ist der breiteste Farbton in der aktuellen Kollektion und passt zu einer Vielzahl von Hautt\u00f6nen. F\u00fcr einen helleren Teint w\u00e4hlen Sie CC CREAM CLAIR.<\/strong><\/p>\n<p>Follow us! <a href=\"https:\/\/www.instagram.com\/freeshopswiss\/\" target=\"_blank\" rel=\"noopener\">@freeshopswiss\u00a0<\/a><\/p>\n","protected":false},"excerpt":{"rendered":"<p>Gewinner des Preises f\u00fcr die beste CC Cream bei den j\u00e4hrlichen Tatler Beauty Awards,\u00a0ERBORIAN CC Creme Dore 45ml\u00a0ist das koreanische Geheimnis f\u00fcr einen perfekten und strahlenden Teint. Diese High-Definition-Creme passt sich perfekt dem Hautton an, verbessert die Textur und sorgt f\u00fcr einen gleichm\u00e4\u00dfigen Teint, ohne schwer zu wirken. Die innovative Formel, angereichert mit verkapselten Pigmenten, [&hellip;]<\/p>\n","protected":false},"featured_media":39487,"comment_status":"open","ping_status":"closed","template":"","meta":[],"pwb-brand":[411],"product_brand":[],"product_cat":[292,111,540,546,567],"product_tag":[419,293,473,300,3612,476],"class_list":{"0":"post-14518","1":"product","2":"type-product","3":"status-publish","4":"has-post-thumbnail","6":"pwb-brand-erborian","7":"product_cat-behandlungen","8":"product_cat-fur-sie-de","9":"product_cat-gesicht-make-up","10":"product_cat-gesichtsbehandlung","11":"product_cat-make-up-de-2","12":"product_tag-behandlungen-de","13":"product_tag-frau","14":"product_tag-gesichts-make-up","15":"product_tag-gesichtsbehandlungen","16":"product_tag-k-beauty-de","17":"product_tag-make-up-de","19":"first","20":"instock","21":"sale","22":"taxable","23":"shipping-taxable","24":"purchasable","25":"product-type-simple"},"brands":[{"id":411,"name":"Erborian","slug":"erborian"}],"_links":{"self":[{"href":"https:\/\/www.freeshopfrontiera.ch\/de\/wp-json\/wp\/v2\/product\/14518","targetHints":{"allow":["GET"]}}],"collection":[{"href":"https:\/\/www.freeshopfrontiera.ch\/de\/wp-json\/wp\/v2\/product"}],"about":[{"href":"https:\/\/www.freeshopfrontiera.ch\/de\/wp-json\/wp\/v2\/types\/product"}],"replies":[{"embeddable":true,"href":"https:\/\/www.freeshopfrontiera.ch\/de\/wp-json\/wp\/v2\/comments?post=14518"}],"version-history":[{"count":3,"href":"https:\/\/www.freeshopfrontiera.ch\/de\/wp-json\/wp\/v2\/product\/14518\/revisions"}],"predecessor-version":[{"id":14535,"href":"https:\/\/www.freeshopfrontiera.ch\/de\/wp-json\/wp\/v2\/product\/14518\/revisions\/14535"}],"wp:featuredmedia":[{"embeddable":true,"href":"https:\/\/www.freeshopfrontiera.ch\/de\/wp-json\/wp\/v2\/media\/39487"}],"wp:attachment":[{"href":"https:\/\/www.freeshopfrontiera.ch\/de\/wp-json\/wp\/v2\/media?parent=14518"}],"wp:term":[{"taxonomy":"pwb-brand","embeddable":true,"href":"https:\/\/www.freeshopfrontiera.ch\/de\/wp-json\/wp\/v2\/pwb-brand?post=14518"},{"taxonomy":"product_brand","embeddable":true,"href":"https:\/\/www.freeshopfrontiera.ch\/de\/wp-json\/wp\/v2\/product_brand?post=14518"},{"taxonomy":"product_cat","embeddable":true,"href":"https:\/\/www.freeshopfrontiera.ch\/de\/wp-json\/wp\/v2\/product_cat?post=14518"},{"taxonomy":"product_tag","embeddable":true,"href":"https:\/\/www.freeshopfrontiera.ch\/de\/wp-json\/wp\/v2\/product_tag?post=14518"}],"curies":[{"name":"wp","href":"https:\/\/api.w.org\/{rel}","templated":true}]}}