{"id":14567,"date":"2025-02-18T15:47:16","date_gmt":"2025-02-18T15:47:16","guid":{"rendered":"https:\/\/freeshopswiss.alesca.org\/?post_type=product&#038;p=14567"},"modified":"2025-02-18T16:13:53","modified_gmt":"2025-02-18T16:13:53","slug":"erborian-bb-creme-au-ginseng-spf20-40ml-clair","status":"publish","type":"product","link":"https:\/\/www.freeshopfrontiera.ch\/de\/shop\/erborian-bb-creme-au-ginseng-spf20-40ml-clair\/","title":{"rendered":"ERBORIAN BB Creme Au Ginseng SPF20 40ml Clair"},"content":{"rendered":"<p data-start=\"2980\" data-end=\"3458\">Die <strong data-start=\"2756\" data-end=\"2777\">Erborian BB Cream<\/strong> vereint perfekt Pflege und Make-up. Dieses Produkt bietet sofort den &#8222;Baby Skin&#8220;-Effekt mit seiner leichten Textur, die sich perfekt in die Haut einf\u00fcgt und ihr ein gleichm\u00e4\u00dfiges, strahlendes Aussehen verleiht.<\/p>\n<p data-start=\"2980\" data-end=\"3458\">Mit <strong data-start=\"2993\" data-end=\"3011\">Wei\u00dfem Ginseng<\/strong>, einem bekannten koreanischen Wirkstoff, der f\u00fcr seine gl\u00e4ttenden Eigenschaften gesch\u00e4tzt wird, perfektioniert diese Creme nicht nur den Teint, sondern pflegt die Haut jeden Tag. Die <strong data-start=\"3195\" data-end=\"3207\">BB Cream<\/strong> von Erborian ist ideal f\u00fcr diejenigen, die den Teint ausgleichen und perfektionieren m\u00f6chten, kleine Unregelm\u00e4\u00dfigkeiten abdecken wollen, die Hauttextur verfeinern m\u00f6chten, f\u00fcr einen strahlenden Teint hydratisieren wollen und ein samtiges, nicht fettendes Finish bevorzugen.<\/p>\n<p data-start=\"2980\" data-end=\"3458\">Mit <strong data-start=\"3486\" data-end=\"3496\">SPF 20<\/strong> bietet sie Sonnenschutz und sch\u00fctzt die Haut vor sch\u00e4dlichen UV-Strahlen. Die modulare Abdeckung erm\u00f6glicht es, den gew\u00fcnschten Look zu erzielen, ohne die Haut zu beschweren.<\/p>\n<p>Follow us! <a href=\"https:\/\/www.instagram.com\/freeshopswiss\/\" target=\"_blank\" rel=\"noopener\">@freeshopswiss\u00a0<\/a><\/p>\n","protected":false},"excerpt":{"rendered":"<p>Die Erborian BB Cream vereint perfekt Pflege und Make-up. Dieses Produkt bietet sofort den &#8222;Baby Skin&#8220;-Effekt mit seiner leichten Textur, die sich perfekt in die Haut einf\u00fcgt und ihr ein gleichm\u00e4\u00dfiges, strahlendes Aussehen verleiht. Mit Wei\u00dfem Ginseng, einem bekannten koreanischen Wirkstoff, der f\u00fcr seine gl\u00e4ttenden Eigenschaften gesch\u00e4tzt wird, perfektioniert diese Creme nicht nur den Teint, [&hellip;]<\/p>\n","protected":false},"featured_media":14578,"comment_status":"open","ping_status":"closed","template":"","meta":[],"pwb-brand":[411],"product_brand":[],"product_cat":[292,111,540,546,567],"product_tag":[419,293,300,3612,5051],"class_list":{"0":"post-14567","1":"product","2":"type-product","3":"status-publish","4":"has-post-thumbnail","6":"pwb-brand-erborian","7":"product_cat-behandlungen","8":"product_cat-fur-sie-de","9":"product_cat-gesicht-make-up","10":"product_cat-gesichtsbehandlung","11":"product_cat-make-up-de-2","12":"product_tag-behandlungen-de","13":"product_tag-frau","14":"product_tag-gesichtsbehandlungen","15":"product_tag-k-beauty-de","16":"product_tag-muttertag","18":"first","19":"instock","20":"sale","21":"taxable","22":"shipping-taxable","23":"purchasable","24":"product-type-simple"},"brands":[{"id":411,"name":"Erborian","slug":"erborian"}],"_links":{"self":[{"href":"https:\/\/www.freeshopfrontiera.ch\/de\/wp-json\/wp\/v2\/product\/14567","targetHints":{"allow":["GET"]}}],"collection":[{"href":"https:\/\/www.freeshopfrontiera.ch\/de\/wp-json\/wp\/v2\/product"}],"about":[{"href":"https:\/\/www.freeshopfrontiera.ch\/de\/wp-json\/wp\/v2\/types\/product"}],"replies":[{"embeddable":true,"href":"https:\/\/www.freeshopfrontiera.ch\/de\/wp-json\/wp\/v2\/comments?post=14567"}],"version-history":[{"count":3,"href":"https:\/\/www.freeshopfrontiera.ch\/de\/wp-json\/wp\/v2\/product\/14567\/revisions"}],"predecessor-version":[{"id":14584,"href":"https:\/\/www.freeshopfrontiera.ch\/de\/wp-json\/wp\/v2\/product\/14567\/revisions\/14584"}],"wp:featuredmedia":[{"embeddable":true,"href":"https:\/\/www.freeshopfrontiera.ch\/de\/wp-json\/wp\/v2\/media\/14578"}],"wp:attachment":[{"href":"https:\/\/www.freeshopfrontiera.ch\/de\/wp-json\/wp\/v2\/media?parent=14567"}],"wp:term":[{"taxonomy":"pwb-brand","embeddable":true,"href":"https:\/\/www.freeshopfrontiera.ch\/de\/wp-json\/wp\/v2\/pwb-brand?post=14567"},{"taxonomy":"product_brand","embeddable":true,"href":"https:\/\/www.freeshopfrontiera.ch\/de\/wp-json\/wp\/v2\/product_brand?post=14567"},{"taxonomy":"product_cat","embeddable":true,"href":"https:\/\/www.freeshopfrontiera.ch\/de\/wp-json\/wp\/v2\/product_cat?post=14567"},{"taxonomy":"product_tag","embeddable":true,"href":"https:\/\/www.freeshopfrontiera.ch\/de\/wp-json\/wp\/v2\/product_tag?post=14567"}],"curies":[{"name":"wp","href":"https:\/\/api.w.org\/{rel}","templated":true}]}}