{"id":14609,"date":"2025-02-18T17:02:23","date_gmt":"2025-02-18T17:02:23","guid":{"rendered":"https:\/\/freeshopswiss.alesca.org\/?post_type=product&#038;p=14609"},"modified":"2025-02-19T08:08:03","modified_gmt":"2025-02-19T08:08:03","slug":"lancaster-sun-sport-protection-in-motion-body","status":"publish","type":"product","link":"https:\/\/www.freeshopfrontiera.ch\/de\/shop\/lancaster-sun-sport-protection-in-motion-body\/","title":{"rendered":"LANCASTER Sun Sport Protection in Motion Body Mist SPF50 200ml"},"content":{"rendered":"<p data-start=\"2980\" data-end=\"3458\">Entdecken Sie den <strong data-start=\"2373\" data-end=\"2451\">LANCASTER Sun Sport Protection in Motion Cooling Invisible Body Mist SPF50<\/strong> 200ml, das innovative Sonnenspray, das ideal f\u00fcr alle ist, die w\u00e4hrend Outdoor-Aktivit\u00e4ten Schutz und Frische suchen. Die leichte und schnell einziehende Formel bietet fortschrittlichen Schutz vor sch\u00e4dlichen UVA- und UVB-Strahlen und sorgt f\u00fcr eine sichere und lang anhaltende Br\u00e4une.<\/p>\n<p data-start=\"2980\" data-end=\"3458\">Dank der &#8222;Cooling Invisible&#8220;-Technologie bietet das Produkt ein sofortiges Frischegef\u00fchl und Unsichtbarkeit auf der Haut, ohne fettige R\u00fcckst\u00e4nde zu hinterlassen. Perfekt f\u00fcr Sportler und aktive Menschen, ist es wasser- und schwei\u00dfbest\u00e4ndig und sch\u00fctzt die Haut in jeder Situation.<\/p>\n<p data-start=\"2980\" data-end=\"3458\">Die praktische 200ml-Flasche l\u00e4sst sich bequem \u00fcberall hin mitnehmen, ideal f\u00fcr den t\u00e4glichen Gebrauch und f\u00fcr alle Hauttypen. Erleben Sie ultimativen Sonnenschutz mit dem Komfort einer schnellen und erfrischenden Anwendung!<\/p>\n<p>Follow us! <a href=\"https:\/\/www.instagram.com\/freeshopswiss\/\" target=\"_blank\" rel=\"noopener\">@freeshopswiss\u00a0<\/a><\/p>\n","protected":false},"excerpt":{"rendered":"<p>Entdecken Sie den LANCASTER Sun Sport Protection in Motion Cooling Invisible Body Mist SPF50 200ml, das innovative Sonnenspray, das ideal f\u00fcr alle ist, die w\u00e4hrend Outdoor-Aktivit\u00e4ten Schutz und Frische suchen. Die leichte und schnell einziehende Formel bietet fortschrittlichen Schutz vor sch\u00e4dlichen UVA- und UVB-Strahlen und sorgt f\u00fcr eine sichere und lang anhaltende Br\u00e4une. Dank der [&hellip;]<\/p>\n","protected":false},"featured_media":14615,"comment_status":"open","ping_status":"closed","template":"","meta":[],"pwb-brand":[421],"product_brand":[],"product_cat":[86,111,425],"product_tag":[293,953,554,492],"class_list":{"0":"post-14609","1":"product","2":"type-product","3":"status-publish","4":"has-post-thumbnail","6":"pwb-brand-lancaster","7":"product_cat-fur-ihn-de","8":"product_cat-fur-sie-de","9":"product_cat-solari-de","10":"product_tag-frau","11":"product_tag-uomo-de","12":"product_tag-sonnenschutzcreme","13":"product_tag-sonnenschutzmittel","15":"first","16":"outofstock","17":"sale","18":"taxable","19":"shipping-taxable","20":"purchasable","21":"product-type-simple"},"brands":[{"id":421,"name":"Lancaster","slug":"lancaster"}],"_links":{"self":[{"href":"https:\/\/www.freeshopfrontiera.ch\/de\/wp-json\/wp\/v2\/product\/14609","targetHints":{"allow":["GET"]}}],"collection":[{"href":"https:\/\/www.freeshopfrontiera.ch\/de\/wp-json\/wp\/v2\/product"}],"about":[{"href":"https:\/\/www.freeshopfrontiera.ch\/de\/wp-json\/wp\/v2\/types\/product"}],"replies":[{"embeddable":true,"href":"https:\/\/www.freeshopfrontiera.ch\/de\/wp-json\/wp\/v2\/comments?post=14609"}],"version-history":[{"count":3,"href":"https:\/\/www.freeshopfrontiera.ch\/de\/wp-json\/wp\/v2\/product\/14609\/revisions"}],"predecessor-version":[{"id":14627,"href":"https:\/\/www.freeshopfrontiera.ch\/de\/wp-json\/wp\/v2\/product\/14609\/revisions\/14627"}],"wp:featuredmedia":[{"embeddable":true,"href":"https:\/\/www.freeshopfrontiera.ch\/de\/wp-json\/wp\/v2\/media\/14615"}],"wp:attachment":[{"href":"https:\/\/www.freeshopfrontiera.ch\/de\/wp-json\/wp\/v2\/media?parent=14609"}],"wp:term":[{"taxonomy":"pwb-brand","embeddable":true,"href":"https:\/\/www.freeshopfrontiera.ch\/de\/wp-json\/wp\/v2\/pwb-brand?post=14609"},{"taxonomy":"product_brand","embeddable":true,"href":"https:\/\/www.freeshopfrontiera.ch\/de\/wp-json\/wp\/v2\/product_brand?post=14609"},{"taxonomy":"product_cat","embeddable":true,"href":"https:\/\/www.freeshopfrontiera.ch\/de\/wp-json\/wp\/v2\/product_cat?post=14609"},{"taxonomy":"product_tag","embeddable":true,"href":"https:\/\/www.freeshopfrontiera.ch\/de\/wp-json\/wp\/v2\/product_tag?post=14609"}],"curies":[{"name":"wp","href":"https:\/\/api.w.org\/{rel}","templated":true}]}}