{"id":14640,"date":"2025-02-19T08:22:30","date_gmt":"2025-02-19T08:22:30","guid":{"rendered":"https:\/\/freeshopswiss.alesca.org\/?post_type=product&#038;p=14640"},"modified":"2025-02-19T08:39:33","modified_gmt":"2025-02-19T08:39:33","slug":"olaplex-n-0-intensive-bond-builder-155ml","status":"publish","type":"product","link":"https:\/\/www.freeshopfrontiera.ch\/de\/shop\/olaplex-n-0-intensive-bond-builder-155ml\/","title":{"rendered":"OLAPLEX N. 0 Intensive Bond Builder 155ml"},"content":{"rendered":"<p data-start=\"2980\" data-end=\"3458\">Entdecke die Kraft der professionellen Haarpflege zu Hause mit <strong data-start=\"2489\" data-end=\"2528\">OLAPLEX N. 0 Intensive Bond Builder<\/strong> 155ml. Dieses Produkt wurde entwickelt, um gesch\u00e4digte Disulfidbr\u00fccken im Haar zu st\u00e4rken und zu reparieren und wirkt als ideale Vorbehandlung f\u00fcr OLAPLEX N. 3 Hair Perfector.<\/p>\n<p data-start=\"2980\" data-end=\"3458\">Die einzigartige Formel dringt tief in den Haarschaft ein und stellt die Struktur wieder her, wodurch die St\u00e4rke, Elastizit\u00e4t und der Glanz der Haare verbessert werden. Ideal f\u00fcr Haare, die durch chemische Behandlungen, Hitze oder Haarbruch besch\u00e4digt wurden, hilft OLAPLEX N. 0, das Haar zu regenerieren und sichtbar ges\u00fcnder und widerstandsf\u00e4higer zu machen. Einfach anzuwenden: Das Produkt auf trockenes Haar auftragen, ca. 10 Minuten einwirken lassen und anschlie\u00dfend mit OLAPLEX N. 3 fortfahren, um optimale Ergebnisse zu erzielen.<\/p>\n<p data-start=\"2980\" data-end=\"3458\">Die Formel ist frei von Parabenen, Sulfaten und Phthalaten und f\u00fcr alle Haartypen geeignet, auch f\u00fcr coloriertes oder chemisch behandeltes Haar. Mit OLAPLEX N. 0 ist Ihr Haar bereit f\u00fcr professionelle Pflege und maximalen Schutz!<\/p>\n<p>Follow us! <a href=\"https:\/\/www.instagram.com\/freeshopswiss\/\" target=\"_blank\" rel=\"noopener\">@freeshopswiss\u00a0<\/a><\/p>\n","protected":false},"excerpt":{"rendered":"<p>Entdecke die Kraft der professionellen Haarpflege zu Hause mit OLAPLEX N. 0 Intensive Bond Builder 155ml. Dieses Produkt wurde entwickelt, um gesch\u00e4digte Disulfidbr\u00fccken im Haar zu st\u00e4rken und zu reparieren und wirkt als ideale Vorbehandlung f\u00fcr OLAPLEX N. 3 Hair Perfector. Die einzigartige Formel dringt tief in den Haarschaft ein und stellt die Struktur wieder [&hellip;]<\/p>\n","protected":false},"featured_media":14646,"comment_status":"open","ping_status":"closed","template":"","meta":[],"pwb-brand":[412],"product_brand":[],"product_cat":[292,111,543],"product_tag":[419,293,420],"class_list":{"0":"post-14640","1":"product","2":"type-product","3":"status-publish","4":"has-post-thumbnail","6":"pwb-brand-olaplex","7":"product_cat-behandlungen","8":"product_cat-fur-sie-de","9":"product_cat-haarbehandlung","10":"product_tag-behandlungen-de","11":"product_tag-frau","12":"product_tag-haarbehandlung-de","14":"first","15":"instock","16":"taxable","17":"shipping-taxable","18":"purchasable","19":"product-type-simple"},"brands":[{"id":412,"name":"Olaplex","slug":"olaplex"}],"_links":{"self":[{"href":"https:\/\/www.freeshopfrontiera.ch\/de\/wp-json\/wp\/v2\/product\/14640","targetHints":{"allow":["GET"]}}],"collection":[{"href":"https:\/\/www.freeshopfrontiera.ch\/de\/wp-json\/wp\/v2\/product"}],"about":[{"href":"https:\/\/www.freeshopfrontiera.ch\/de\/wp-json\/wp\/v2\/types\/product"}],"replies":[{"embeddable":true,"href":"https:\/\/www.freeshopfrontiera.ch\/de\/wp-json\/wp\/v2\/comments?post=14640"}],"version-history":[{"count":3,"href":"https:\/\/www.freeshopfrontiera.ch\/de\/wp-json\/wp\/v2\/product\/14640\/revisions"}],"predecessor-version":[{"id":14656,"href":"https:\/\/www.freeshopfrontiera.ch\/de\/wp-json\/wp\/v2\/product\/14640\/revisions\/14656"}],"wp:featuredmedia":[{"embeddable":true,"href":"https:\/\/www.freeshopfrontiera.ch\/de\/wp-json\/wp\/v2\/media\/14646"}],"wp:attachment":[{"href":"https:\/\/www.freeshopfrontiera.ch\/de\/wp-json\/wp\/v2\/media?parent=14640"}],"wp:term":[{"taxonomy":"pwb-brand","embeddable":true,"href":"https:\/\/www.freeshopfrontiera.ch\/de\/wp-json\/wp\/v2\/pwb-brand?post=14640"},{"taxonomy":"product_brand","embeddable":true,"href":"https:\/\/www.freeshopfrontiera.ch\/de\/wp-json\/wp\/v2\/product_brand?post=14640"},{"taxonomy":"product_cat","embeddable":true,"href":"https:\/\/www.freeshopfrontiera.ch\/de\/wp-json\/wp\/v2\/product_cat?post=14640"},{"taxonomy":"product_tag","embeddable":true,"href":"https:\/\/www.freeshopfrontiera.ch\/de\/wp-json\/wp\/v2\/product_tag?post=14640"}],"curies":[{"name":"wp","href":"https:\/\/api.w.org\/{rel}","templated":true}]}}