{"id":14714,"date":"2025-02-19T10:15:01","date_gmt":"2025-02-19T10:15:01","guid":{"rendered":"https:\/\/freeshopswiss.alesca.org\/?post_type=product&#038;p=14714"},"modified":"2025-03-12T10:48:46","modified_gmt":"2025-03-12T10:48:46","slug":"swissoxx-sublime-platinum","status":"publish","type":"product","link":"https:\/\/www.freeshopfrontiera.ch\/de\/shop\/swissoxx-sublime-platinum\/","title":{"rendered":"SWISSOXX Sublime Platinum &#8211; Face Lifting Cream 50ml"},"content":{"rendered":"<p data-start=\"2980\" data-end=\"3458\"><strong data-start=\"2423\" data-end=\"2496\">SWISSOXX Sublime Platinum &#8211; Platinum &amp; Caviar Face Lifting Cream 50ml<\/strong> ist eine innovative Gesichtscreme, die f\u00fcr diejenigen entwickelt wurde, die eine hochwertige Anti-Aging-Behandlung suchen.<\/p>\n<p data-start=\"2980\" data-end=\"3458\">Angereichert mit Platinum- und Kaviarextrakten, zwei Zutaten, die f\u00fcr ihre regenerierenden und antioxidativen Eigenschaften bekannt sind, wirkt diese Creme tiefenwirksam, um die Hautelastizit\u00e4t zu verbessern und sichtbare Anzeichen der Hautalterung zu reduzieren. Platinum f\u00f6rdert die Kollagenproduktion, w\u00e4hrend Kaviar eine intensive Ern\u00e4hrung und Feuchtigkeit spendet, wodurch die Haut straffer, glatter und strahlender aussieht. Ihre reiche, aber leichte Formel zieht schnell ein und hinterl\u00e4sst die Haut weich, frisch und verj\u00fcngt.<\/p>\n<p data-start=\"2980\" data-end=\"3458\"><strong data-start=\"3156\" data-end=\"3185\">SWISSOXX Sublime Platinum<\/strong> ist die ideale L\u00f6sung, um Falten, feine Linien und den Verlust von Festigkeit zu bek\u00e4mpfen und eine sichtbar straffere und regenerierte Haut zu erhalten. Diese luxuri\u00f6se Creme eignet sich f\u00fcr alle Hauttypen und ist die perfekte Wahl f\u00fcr eine t\u00e4gliche Pflege, die sofortige und langanhaltende Ergebnisse liefert.<\/p>\n<p>Follow us! <a href=\"https:\/\/www.instagram.com\/freeshopswiss\/\" target=\"_blank\" rel=\"noopener\">@freeshopswiss\u00a0<\/a><\/p>\n","protected":false},"excerpt":{"rendered":"<p>SWISSOXX Sublime Platinum &#8211; Platinum &amp; Caviar Face Lifting Cream 50ml ist eine innovative Gesichtscreme, die f\u00fcr diejenigen entwickelt wurde, die eine hochwertige Anti-Aging-Behandlung suchen. Angereichert mit Platinum- und Kaviarextrakten, zwei Zutaten, die f\u00fcr ihre regenerierenden und antioxidativen Eigenschaften bekannt sind, wirkt diese Creme tiefenwirksam, um die Hautelastizit\u00e4t zu verbessern und sichtbare Anzeichen der Hautalterung [&hellip;]<\/p>\n","protected":false},"featured_media":14720,"comment_status":"open","ping_status":"closed","template":"","meta":[],"pwb-brand":[432],"product_brand":[],"product_cat":[292,111,546],"product_tag":[482,419,293,300],"class_list":{"0":"post-14714","1":"product","2":"type-product","3":"status-publish","4":"has-post-thumbnail","6":"pwb-brand-swissoxx","7":"product_cat-behandlungen","8":"product_cat-fur-sie-de","9":"product_cat-gesichtsbehandlung","10":"product_tag-anti-falten","11":"product_tag-behandlungen-de","12":"product_tag-frau","13":"product_tag-gesichtsbehandlungen","15":"first","16":"outofstock","17":"sale","18":"taxable","19":"shipping-taxable","20":"purchasable","21":"product-type-simple"},"brands":[{"id":432,"name":"Swissoxx","slug":"swissoxx"}],"_links":{"self":[{"href":"https:\/\/www.freeshopfrontiera.ch\/de\/wp-json\/wp\/v2\/product\/14714","targetHints":{"allow":["GET"]}}],"collection":[{"href":"https:\/\/www.freeshopfrontiera.ch\/de\/wp-json\/wp\/v2\/product"}],"about":[{"href":"https:\/\/www.freeshopfrontiera.ch\/de\/wp-json\/wp\/v2\/types\/product"}],"replies":[{"embeddable":true,"href":"https:\/\/www.freeshopfrontiera.ch\/de\/wp-json\/wp\/v2\/comments?post=14714"}],"version-history":[{"count":4,"href":"https:\/\/www.freeshopfrontiera.ch\/de\/wp-json\/wp\/v2\/product\/14714\/revisions"}],"predecessor-version":[{"id":18252,"href":"https:\/\/www.freeshopfrontiera.ch\/de\/wp-json\/wp\/v2\/product\/14714\/revisions\/18252"}],"wp:featuredmedia":[{"embeddable":true,"href":"https:\/\/www.freeshopfrontiera.ch\/de\/wp-json\/wp\/v2\/media\/14720"}],"wp:attachment":[{"href":"https:\/\/www.freeshopfrontiera.ch\/de\/wp-json\/wp\/v2\/media?parent=14714"}],"wp:term":[{"taxonomy":"pwb-brand","embeddable":true,"href":"https:\/\/www.freeshopfrontiera.ch\/de\/wp-json\/wp\/v2\/pwb-brand?post=14714"},{"taxonomy":"product_brand","embeddable":true,"href":"https:\/\/www.freeshopfrontiera.ch\/de\/wp-json\/wp\/v2\/product_brand?post=14714"},{"taxonomy":"product_cat","embeddable":true,"href":"https:\/\/www.freeshopfrontiera.ch\/de\/wp-json\/wp\/v2\/product_cat?post=14714"},{"taxonomy":"product_tag","embeddable":true,"href":"https:\/\/www.freeshopfrontiera.ch\/de\/wp-json\/wp\/v2\/product_tag?post=14714"}],"curies":[{"name":"wp","href":"https:\/\/api.w.org\/{rel}","templated":true}]}}