{"id":14736,"date":"2025-02-19T10:34:21","date_gmt":"2025-02-19T10:34:21","guid":{"rendered":"https:\/\/freeshopswiss.alesca.org\/?post_type=product&#038;p=14736"},"modified":"2025-02-19T11:16:04","modified_gmt":"2025-02-19T11:16:04","slug":"erborian-super-bb-concealer-nude-10ml","status":"publish","type":"product","link":"https:\/\/www.freeshopfrontiera.ch\/de\/shop\/erborian-super-bb-concealer-nude-10ml\/","title":{"rendered":"ERBORIAN Super BB Concealer Nude 10ml"},"content":{"rendered":"<p data-start=\"2980\" data-end=\"3458\"><strong data-start=\"2164\" data-end=\"2205\">ERBORIAN Super BB Concealer Nude 10ml<\/strong> ist der perfekte Concealer f\u00fcr eine makellose und strahlende Haut. Mit seiner innovativen Formel kombiniert dieses Produkt die Eigenschaften einer Hautpflege mit der Effektivit\u00e4t eines Concealers und bietet eine mittlere Deckkraft, die sich perfekt an den Hautton anpasst.<\/p>\n<p data-start=\"2980\" data-end=\"3458\">Angereichert mit nat\u00fcrlichen Inhaltsstoffen minimiert der Concealer Unvollkommenheiten, Augenringe und Anzeichen von M\u00fcdigkeit und hinterl\u00e4sst die Haut frisch und strahlend. Die leichte, cremige Textur verschmilzt m\u00fchelos mit der Haut und sorgt f\u00fcr ein nat\u00fcrliches Finish ohne Streifen. Dank des praktischen Applikators ist die Anwendung einfach und pr\u00e4zise.<\/p>\n<p data-start=\"2980\" data-end=\"3458\"><strong data-start=\"2838\" data-end=\"2874\">ERBORIAN Super BB Concealer Nude<\/strong> ist ideal f\u00fcr alle, die ein Produkt suchen, das nicht nur korrigiert, sondern auch die Haut n\u00e4hrt und mit Feuchtigkeit versorgt, um ein gesundes und strahlendes Aussehen zu erzielen. Perfekt f\u00fcr den t\u00e4glichen Gebrauch, eignet sich dieser Concealer f\u00fcr alle Hauttypen, auch f\u00fcr empfindliche Haut.<\/p>\n<p>Follow us! <a href=\"https:\/\/www.instagram.com\/freeshopswiss\/\" target=\"_blank\" rel=\"noopener\">@freeshopswiss\u00a0<\/a><\/p>\n","protected":false},"excerpt":{"rendered":"<p>ERBORIAN Super BB Concealer Nude 10ml ist der perfekte Concealer f\u00fcr eine makellose und strahlende Haut. Mit seiner innovativen Formel kombiniert dieses Produkt die Eigenschaften einer Hautpflege mit der Effektivit\u00e4t eines Concealers und bietet eine mittlere Deckkraft, die sich perfekt an den Hautton anpasst. Angereichert mit nat\u00fcrlichen Inhaltsstoffen minimiert der Concealer Unvollkommenheiten, Augenringe und Anzeichen [&hellip;]<\/p>\n","protected":false},"featured_media":14763,"comment_status":"open","ping_status":"closed","template":"","meta":[],"pwb-brand":[411],"product_brand":[],"product_cat":[292,111,540,546,3769,567],"product_tag":[419,293,473,300,3612,476],"class_list":{"0":"post-14736","1":"product","2":"type-product","3":"status-publish","4":"has-post-thumbnail","6":"pwb-brand-erborian","7":"product_cat-behandlungen","8":"product_cat-fur-sie-de","9":"product_cat-gesicht-make-up","10":"product_cat-gesichtsbehandlung","11":"product_cat-k-beauty-de","12":"product_cat-make-up-de-2","13":"product_tag-behandlungen-de","14":"product_tag-frau","15":"product_tag-gesichts-make-up","16":"product_tag-gesichtsbehandlungen","17":"product_tag-k-beauty-de","18":"product_tag-make-up-de","20":"first","21":"instock","22":"sale","23":"taxable","24":"shipping-taxable","25":"purchasable","26":"product-type-simple"},"brands":[{"id":411,"name":"Erborian","slug":"erborian"}],"_links":{"self":[{"href":"https:\/\/www.freeshopfrontiera.ch\/de\/wp-json\/wp\/v2\/product\/14736","targetHints":{"allow":["GET"]}}],"collection":[{"href":"https:\/\/www.freeshopfrontiera.ch\/de\/wp-json\/wp\/v2\/product"}],"about":[{"href":"https:\/\/www.freeshopfrontiera.ch\/de\/wp-json\/wp\/v2\/types\/product"}],"replies":[{"embeddable":true,"href":"https:\/\/www.freeshopfrontiera.ch\/de\/wp-json\/wp\/v2\/comments?post=14736"}],"version-history":[{"count":4,"href":"https:\/\/www.freeshopfrontiera.ch\/de\/wp-json\/wp\/v2\/product\/14736\/revisions"}],"predecessor-version":[{"id":14773,"href":"https:\/\/www.freeshopfrontiera.ch\/de\/wp-json\/wp\/v2\/product\/14736\/revisions\/14773"}],"wp:featuredmedia":[{"embeddable":true,"href":"https:\/\/www.freeshopfrontiera.ch\/de\/wp-json\/wp\/v2\/media\/14763"}],"wp:attachment":[{"href":"https:\/\/www.freeshopfrontiera.ch\/de\/wp-json\/wp\/v2\/media?parent=14736"}],"wp:term":[{"taxonomy":"pwb-brand","embeddable":true,"href":"https:\/\/www.freeshopfrontiera.ch\/de\/wp-json\/wp\/v2\/pwb-brand?post=14736"},{"taxonomy":"product_brand","embeddable":true,"href":"https:\/\/www.freeshopfrontiera.ch\/de\/wp-json\/wp\/v2\/product_brand?post=14736"},{"taxonomy":"product_cat","embeddable":true,"href":"https:\/\/www.freeshopfrontiera.ch\/de\/wp-json\/wp\/v2\/product_cat?post=14736"},{"taxonomy":"product_tag","embeddable":true,"href":"https:\/\/www.freeshopfrontiera.ch\/de\/wp-json\/wp\/v2\/product_tag?post=14736"}],"curies":[{"name":"wp","href":"https:\/\/api.w.org\/{rel}","templated":true}]}}