{"id":15089,"date":"2025-02-20T10:27:32","date_gmt":"2025-02-20T10:27:32","guid":{"rendered":"https:\/\/freeshopswiss.alesca.org\/?post_type=product&#038;p=15089"},"modified":"2025-12-26T00:01:00","modified_gmt":"2025-12-26T00:01:00","slug":"rabanne-set-invictus-eau-de-toilette-100ml-shower-gel-100ml","status":"publish","type":"product","link":"https:\/\/www.freeshopfrontiera.ch\/de\/shop\/rabanne-set-invictus-eau-de-toilette-100ml-shower-gel-100ml\/","title":{"rendered":"RABANNE SET Invictus"},"content":{"rendered":"<article class=\"w-full text-token-text-primary focus-visible:outline-2 focus-visible:outline-offset-[-4px]\" dir=\"auto\" data-testid=\"conversation-turn-13\" data-scroll-anchor=\"true\">\n<div class=\"m-auto text-base py-[18px] px-6\">\n<div class=\"mx-auto flex flex-1 text-base gap-4 md:gap-5 lg:gap-6 md:max-w-3xl\">\n<div class=\"group\/conversation-turn relative flex w-full min-w-0 flex-col agent-turn @xs\/thread:px-0 @sm\/thread:px-1.5 @md\/thread:px-4\">\n<div class=\"flex-col gap-1 md:gap-3\">\n<div class=\"flex max-w-full flex-col flex-grow\">\n<div class=\"min-h-8 text-message flex w-full flex-col items-end gap-2 whitespace-normal break-words text-start [.text-message+&amp;]:mt-5\" dir=\"auto\" data-message-author-role=\"assistant\" data-message-id=\"00256922-50cd-4786-b96b-c58763ca0e86\" data-message-model-slug=\"gpt-4o-mini\">\n<div class=\"flex w-full flex-col gap-1 empty:hidden first:pt-[3px]\">\n<div class=\"markdown prose w-full break-words dark:prose-invert light\">\n<h3 data-start=\"1013\" data-end=\"1087\"><strong data-start=\"1017\" data-end=\"1087\">Rabanne \u2013 Invictus Set (Eau de Toilette 100 ml + Deo Spray 150 ml)<\/strong><\/h3>\n<p data-start=\"1089\" data-end=\"1248\">Das <strong data-start=\"1093\" data-end=\"1105\">Invictus<\/strong> Set von Rabanne verk\u00f6rpert Kraft, Energie und Sieg. Ein frischer und kraftvoller Duft, ideal f\u00fcr den dynamischen Mann, der auffallen m\u00f6chte.<\/p>\n<p data-start=\"1250\" data-end=\"1272\"><strong data-start=\"1250\" data-end=\"1270\">Das Set enth\u00e4lt:<\/strong><\/p>\n<p data-start=\"1274\" data-end=\"1559\"><strong data-start=\"1274\" data-end=\"1311\">\u2022 Invictus Eau de Toilette 100 ml<\/strong><br data-start=\"1311\" data-end=\"1314\" \/>Ein auff\u00e4lliger Duft mit frischer Er\u00f6ffnung von Grapefruit und Meeresnoten. Das aromatische Herz kombiniert Lorbeerblatt und Jasmin, w\u00e4hrend die warme und kraftvolle Basis aus Amberholz und Patchouli eine unwiderstehliche Duftspur hinterl\u00e4sst.<\/p>\n<p data-start=\"1561\" data-end=\"1736\"><strong data-start=\"1561\" data-end=\"1583\">\u2022 Deo Spray 150 ml<\/strong><br data-start=\"1583\" data-end=\"1586\" \/>Ein parf\u00fcmiertes Deospray, das langanhaltende Frische bietet und das Invictus-Ritual f\u00fcr ein energiegeladenes Gef\u00fchl den ganzen Tag vervollst\u00e4ndigt.<\/p>\n<\/div>\n<\/div>\n<\/div>\n<\/div>\n<\/div>\n<\/div>\n<\/div>\n<\/div>\n<\/article>\n<p data-start=\"2279\" data-end=\"2678\">Follow us! <a href=\"https:\/\/www.instagram.com\/freeshopswiss\/\" target=\"_blank\" rel=\"noopener\">@freeshopswiss<\/a><\/p>\n","protected":false},"excerpt":{"rendered":"<p>Das <strong data-start=\"1093\" data-end=\"1105\">Invictus<\/strong> Set von Rabanne verk\u00f6rpert Kraft, Energie und Sieg. Ein frischer und kraftvoller Duft, ideal f\u00fcr den dynamischen Mann, der auffallen m\u00f6chte.<\/p>\n","protected":false},"featured_media":37757,"comment_status":"open","ping_status":"closed","template":"","meta":[],"pwb-brand":[378],"product_brand":[],"product_cat":[84,86,485,4193],"product_tag":[952,147,465,1642],"class_list":{"0":"post-15089","1":"product","2":"type-product","3":"status-publish","4":"has-post-thumbnail","6":"pwb-brand-rabanne","7":"product_cat-duefte","8":"product_cat-fur-ihn-de","9":"product_cat-geschenkbox","10":"product_cat-sets-aktion","11":"product_tag-profumi-de","12":"product_tag-eau-de-toilette-de","13":"product_tag-geschenkset-herren","14":"product_tag-mens-fragrances-de","16":"first","17":"instock","18":"sale","19":"taxable","20":"shipping-taxable","21":"purchasable","22":"product-type-simple"},"brands":[{"id":378,"name":"Rabanne","slug":"rabanne"}],"_links":{"self":[{"href":"https:\/\/www.freeshopfrontiera.ch\/de\/wp-json\/wp\/v2\/product\/15089","targetHints":{"allow":["GET"]}}],"collection":[{"href":"https:\/\/www.freeshopfrontiera.ch\/de\/wp-json\/wp\/v2\/product"}],"about":[{"href":"https:\/\/www.freeshopfrontiera.ch\/de\/wp-json\/wp\/v2\/types\/product"}],"replies":[{"embeddable":true,"href":"https:\/\/www.freeshopfrontiera.ch\/de\/wp-json\/wp\/v2\/comments?post=15089"}],"version-history":[{"count":8,"href":"https:\/\/www.freeshopfrontiera.ch\/de\/wp-json\/wp\/v2\/product\/15089\/revisions"}],"predecessor-version":[{"id":37765,"href":"https:\/\/www.freeshopfrontiera.ch\/de\/wp-json\/wp\/v2\/product\/15089\/revisions\/37765"}],"wp:featuredmedia":[{"embeddable":true,"href":"https:\/\/www.freeshopfrontiera.ch\/de\/wp-json\/wp\/v2\/media\/37757"}],"wp:attachment":[{"href":"https:\/\/www.freeshopfrontiera.ch\/de\/wp-json\/wp\/v2\/media?parent=15089"}],"wp:term":[{"taxonomy":"pwb-brand","embeddable":true,"href":"https:\/\/www.freeshopfrontiera.ch\/de\/wp-json\/wp\/v2\/pwb-brand?post=15089"},{"taxonomy":"product_brand","embeddable":true,"href":"https:\/\/www.freeshopfrontiera.ch\/de\/wp-json\/wp\/v2\/product_brand?post=15089"},{"taxonomy":"product_cat","embeddable":true,"href":"https:\/\/www.freeshopfrontiera.ch\/de\/wp-json\/wp\/v2\/product_cat?post=15089"},{"taxonomy":"product_tag","embeddable":true,"href":"https:\/\/www.freeshopfrontiera.ch\/de\/wp-json\/wp\/v2\/product_tag?post=15089"}],"curies":[{"name":"wp","href":"https:\/\/api.w.org\/{rel}","templated":true}]}}