{"id":17465,"date":"2025-03-10T11:50:21","date_gmt":"2025-03-10T11:50:21","guid":{"rendered":"https:\/\/freeshopswiss.alesca.org\/?post_type=product&#038;p=17465"},"modified":"2025-03-12T11:34:06","modified_gmt":"2025-03-12T11:34:06","slug":"zadig-voltaire-this-is-him","status":"publish","type":"product","link":"https:\/\/www.freeshopfrontiera.ch\/de\/shop\/zadig-voltaire-this-is-him\/","title":{"rendered":"ZADIG &#038; VOLTAIRE This Is Him! 100ml"},"content":{"rendered":"<p data-start=\"1930\" data-end=\"2258\">Zadig &amp; Voltaire pr\u00e4sentiert <em data-start=\"1959\" data-end=\"1973\">This Is Him!<\/em> Eau de Toilette, ein au\u00dfergew\u00f6hnlicher Duft f\u00fcr den modernen Mann. Diese Duftkreation verk\u00f6rpert unkonventionelle Eleganz, innere St\u00e4rke und Freiheit. Der Duft ist eine einzigartige Kombination aus Frische und Sinnlichkeit, die den Tr\u00e4ger mit seiner kraftvollen Pr\u00e4senz unterstreicht.<\/p>\n<p data-start=\"2260\" data-end=\"2684\">Der Duft \u00f6ffnet sich mit erfrischenden und w\u00fcrzigen Noten von <strong data-start=\"2322\" data-end=\"2338\">rosa Pfeffer<\/strong> und <strong data-start=\"2343\" data-end=\"2355\">Bergamot<\/strong>, die eine lebendige und energiegeladene Atmosph\u00e4re schaffen. Im Herzen entfalten sich die Aromen von <strong data-start=\"2457\" data-end=\"2470\">Weihrauch<\/strong> und <strong data-start=\"2475\" data-end=\"2486\">Vanille<\/strong>, die dem Parfum eine geheimnisvolle und sinnliche Tiefe verleihen. Diese Noten bieten einen faszinierenden Kontrast zu den frischen Kopfnoten und f\u00fcgen sich harmonisch in die Gesamtkomposition ein.<\/p>\n<p data-start=\"2686\" data-end=\"3059\">Die Basis des Duftes wird von <strong data-start=\"2716\" data-end=\"2730\">Sandelholz<\/strong> und <strong data-start=\"2735\" data-end=\"2744\">Ambra<\/strong> gepr\u00e4gt, was dem Parfum eine langanhaltende Intensit\u00e4t und W\u00e4rme verleiht. Diese kraftvollen Noten sorgen f\u00fcr eine nachhaltige Duftspur, die den Tr\u00e4ger den ganzen Tag begleitet. <em data-start=\"2923\" data-end=\"2937\">This Is Him!<\/em> ist ideal f\u00fcr den modernen Mann, der keine Angst hat, seine Individualit\u00e4t auszudr\u00fccken und sich von der Masse abzuheben.<\/p>\n<p data-start=\"3061\" data-end=\"3336\">Das elegante Flakon-Design spiegelt die Entschlossenheit und Selbstbewusstsein des Tr\u00e4gers wider. Es ist schlicht und minimalistisch, dabei aber stark und ausdrucksvoll. Das Glasflakon steht f\u00fcr die klare Botschaft des Duftes: stark, aber gleichzeitig subtil und raffiniert.<\/p>\n<p data-start=\"3338\" data-end=\"3602\"><em data-start=\"3338\" data-end=\"3352\">This Is Him!<\/em> ist ein Duft f\u00fcr jede Gelegenheit, der den Tag mit einer erfrischenden Leichtigkeit beginnt und am Abend in eine sinnliche W\u00e4rme \u00fcbergeht. Er ist der perfekte Begleiter f\u00fcr M\u00e4nner, die sowohl ihre Freiheit als auch ihre Authentizit\u00e4t zeigen m\u00f6chten.<\/p>\n<p>Verfolgen Sie alle unsere Neuigkeiten! <a href=\"https:\/\/www.instagram.com\/freeshopswiss\/\" target=\"_blank\" rel=\"noopener\">@freeshopswiss<\/a><\/p>\n","protected":false},"excerpt":{"rendered":"<p><em><strong>Eau de Parfum<\/strong><\/em><\/p>\n","protected":false},"featured_media":17471,"comment_status":"open","ping_status":"closed","template":"","meta":[],"pwb-brand":[390],"product_brand":[],"product_cat":[84,86],"product_tag":[952,147,953,1642],"class_list":{"0":"post-17465","1":"product","2":"type-product","3":"status-publish","4":"has-post-thumbnail","6":"pwb-brand-zadig-voltaire","7":"product_cat-duefte","8":"product_cat-fur-ihn-de","9":"product_tag-profumi-de","10":"product_tag-eau-de-toilette-de","11":"product_tag-uomo-de","12":"product_tag-mens-fragrances-de","14":"first","15":"instock","16":"sale","17":"taxable","18":"shipping-taxable","19":"purchasable","20":"product-type-simple"},"brands":[{"id":390,"name":"ZADIG &amp; VOLTAIRE","slug":"zadig-voltaire"}],"_links":{"self":[{"href":"https:\/\/www.freeshopfrontiera.ch\/de\/wp-json\/wp\/v2\/product\/17465","targetHints":{"allow":["GET"]}}],"collection":[{"href":"https:\/\/www.freeshopfrontiera.ch\/de\/wp-json\/wp\/v2\/product"}],"about":[{"href":"https:\/\/www.freeshopfrontiera.ch\/de\/wp-json\/wp\/v2\/types\/product"}],"replies":[{"embeddable":true,"href":"https:\/\/www.freeshopfrontiera.ch\/de\/wp-json\/wp\/v2\/comments?post=17465"}],"version-history":[{"count":4,"href":"https:\/\/www.freeshopfrontiera.ch\/de\/wp-json\/wp\/v2\/product\/17465\/revisions"}],"predecessor-version":[{"id":17981,"href":"https:\/\/www.freeshopfrontiera.ch\/de\/wp-json\/wp\/v2\/product\/17465\/revisions\/17981"}],"wp:featuredmedia":[{"embeddable":true,"href":"https:\/\/www.freeshopfrontiera.ch\/de\/wp-json\/wp\/v2\/media\/17471"}],"wp:attachment":[{"href":"https:\/\/www.freeshopfrontiera.ch\/de\/wp-json\/wp\/v2\/media?parent=17465"}],"wp:term":[{"taxonomy":"pwb-brand","embeddable":true,"href":"https:\/\/www.freeshopfrontiera.ch\/de\/wp-json\/wp\/v2\/pwb-brand?post=17465"},{"taxonomy":"product_brand","embeddable":true,"href":"https:\/\/www.freeshopfrontiera.ch\/de\/wp-json\/wp\/v2\/product_brand?post=17465"},{"taxonomy":"product_cat","embeddable":true,"href":"https:\/\/www.freeshopfrontiera.ch\/de\/wp-json\/wp\/v2\/product_cat?post=17465"},{"taxonomy":"product_tag","embeddable":true,"href":"https:\/\/www.freeshopfrontiera.ch\/de\/wp-json\/wp\/v2\/product_tag?post=17465"}],"curies":[{"name":"wp","href":"https:\/\/api.w.org\/{rel}","templated":true}]}}