{"id":17627,"date":"2025-03-10T16:29:54","date_gmt":"2025-03-10T16:29:54","guid":{"rendered":"https:\/\/freeshopswiss.alesca.org\/?post_type=product&#038;p=17627"},"modified":"2025-03-10T16:53:23","modified_gmt":"2025-03-10T16:53:23","slug":"clarins-demaquillant","status":"publish","type":"product","link":"https:\/\/www.freeshopfrontiera.ch\/de\/shop\/clarins-demaquillant\/","title":{"rendered":"CLARINS Demaquillant Express Yeux 125ml"},"content":{"rendered":"<p data-start=\"1529\" data-end=\"1896\"><strong>Clarins D\u00e9maquillant Express Yeux<\/strong> ist ein sanfter und hochwirksamer Make-up-Entferner, der entwickelt wurde, um Make-up von Augen und Lippen zu entfernen, ohne die Haut zu reizen. Die zweiphasige Formel, die eine w\u00e4ssrige und eine \u00f6lhaltige Phase kombiniert, sorgt f\u00fcr eine schnelle und gr\u00fcndliche Entfernung, selbst von hartn\u00e4ckigem Make-up wie wasserfestem Mascara.<\/p>\n<p data-start=\"1898\" data-end=\"2291\">Die leichte Textur entfernt alle Make-up-R\u00fcckst\u00e4nde mit nur wenigen einfachen Schritten und hinterl\u00e4sst die Haut frisch und hydratisiert. Nat\u00fcrliche Pflanzen\u00f6le wie Honig und Kamille beruhigen und n\u00e4hren die Haut, ohne sie zu beschweren oder auszutrocknen. Ideal auch f\u00fcr empfindliche Haut und Kontaktlinsentr\u00e4ger, da der Entferner keine R\u00fcckst\u00e4nde hinterl\u00e4sst und nicht abgesp\u00fclt werden muss.<\/p>\n<p data-start=\"2293\" data-end=\"2596\">Perfekt f\u00fcr eine schnelle und gr\u00fcndliche Reinigung, ist das Produkt f\u00fcr alle Hauttypen geeignet. Dank seiner Formel entfernt Clarins D\u00e9maquillant Express Yeux Make-up sanft, ohne das Gleichgewicht der Haut zu st\u00f6ren. In nur wenigen Bewegungen erscheint die Haut frisch, sauber und frei von Unreinheiten.<\/p>\n<p data-start=\"2598\" data-end=\"2869\">Die praktische 125-ml-Flasche ist ideal f\u00fcr unterwegs. Einfach die Flasche sch\u00fctteln, um die beiden Phasen zu mischen, und mit einem Wattepad auf Augen oder Lippen auftragen. Die Formel wurde augen\u00e4rztlich getestet und ist daher auch f\u00fcr die empfindlichsten Augen sicher.<\/p>\n<p data-start=\"2871\" data-end=\"3062\">W\u00e4hlen Sie Clarins D\u00e9maquillant Express Yeux f\u00fcr eine schnelle, effektive und sanfte Make-up-Entfernung. G\u00f6nnen Sie Ihrer Haut eine tiefenwirksame Reinigung, ohne auf Sanftheit zu verzichten.<\/p>\n<p data-start=\"1488\" data-end=\"1838\">Follow us! <a href=\"https:\/\/www.instagram.com\/freeshopswiss\/\" target=\"_blank\" rel=\"noopener\">@freeshopswiss<\/a><\/p>\n","protected":false},"excerpt":{"rendered":"<p>Clarins D\u00e9maquillant Express Yeux ist ein sanfter und hochwirksamer Make-up-Entferner, der entwickelt wurde, um Make-up von Augen und Lippen zu entfernen, ohne die Haut zu reizen. Die zweiphasige Formel, die eine w\u00e4ssrige und eine \u00f6lhaltige Phase kombiniert, sorgt f\u00fcr eine schnelle und gr\u00fcndliche Entfernung, selbst von hartn\u00e4ckigem Make-up wie wasserfestem Mascara. Die leichte Textur entfernt [&hellip;]<\/p>\n","protected":false},"featured_media":17632,"comment_status":"open","ping_status":"closed","template":"","meta":[],"pwb-brand":[311],"product_brand":[],"product_cat":[111,537,540,567],"product_tag":[419,293,300],"class_list":{"0":"post-17627","1":"product","2":"type-product","3":"status-publish","4":"has-post-thumbnail","6":"pwb-brand-clarins","7":"product_cat-fur-sie-de","8":"product_cat-augen-make-up","9":"product_cat-gesicht-make-up","10":"product_cat-make-up-de-2","11":"product_tag-behandlungen-de","12":"product_tag-frau","13":"product_tag-gesichtsbehandlungen","15":"first","16":"instock","17":"sale","18":"taxable","19":"shipping-taxable","20":"purchasable","21":"product-type-simple"},"brands":[{"id":311,"name":"Clarins","slug":"clarins"}],"_links":{"self":[{"href":"https:\/\/www.freeshopfrontiera.ch\/de\/wp-json\/wp\/v2\/product\/17627","targetHints":{"allow":["GET"]}}],"collection":[{"href":"https:\/\/www.freeshopfrontiera.ch\/de\/wp-json\/wp\/v2\/product"}],"about":[{"href":"https:\/\/www.freeshopfrontiera.ch\/de\/wp-json\/wp\/v2\/types\/product"}],"replies":[{"embeddable":true,"href":"https:\/\/www.freeshopfrontiera.ch\/de\/wp-json\/wp\/v2\/comments?post=17627"}],"version-history":[{"count":4,"href":"https:\/\/www.freeshopfrontiera.ch\/de\/wp-json\/wp\/v2\/product\/17627\/revisions"}],"predecessor-version":[{"id":17645,"href":"https:\/\/www.freeshopfrontiera.ch\/de\/wp-json\/wp\/v2\/product\/17627\/revisions\/17645"}],"wp:featuredmedia":[{"embeddable":true,"href":"https:\/\/www.freeshopfrontiera.ch\/de\/wp-json\/wp\/v2\/media\/17632"}],"wp:attachment":[{"href":"https:\/\/www.freeshopfrontiera.ch\/de\/wp-json\/wp\/v2\/media?parent=17627"}],"wp:term":[{"taxonomy":"pwb-brand","embeddable":true,"href":"https:\/\/www.freeshopfrontiera.ch\/de\/wp-json\/wp\/v2\/pwb-brand?post=17627"},{"taxonomy":"product_brand","embeddable":true,"href":"https:\/\/www.freeshopfrontiera.ch\/de\/wp-json\/wp\/v2\/product_brand?post=17627"},{"taxonomy":"product_cat","embeddable":true,"href":"https:\/\/www.freeshopfrontiera.ch\/de\/wp-json\/wp\/v2\/product_cat?post=17627"},{"taxonomy":"product_tag","embeddable":true,"href":"https:\/\/www.freeshopfrontiera.ch\/de\/wp-json\/wp\/v2\/product_tag?post=17627"}],"curies":[{"name":"wp","href":"https:\/\/api.w.org\/{rel}","templated":true}]}}