{"id":17661,"date":"2025-03-11T08:54:01","date_gmt":"2025-03-11T08:54:01","guid":{"rendered":"https:\/\/freeshopswiss.alesca.org\/shop\/swissoxx-pure-purity-cream-50ml\/"},"modified":"2025-03-12T11:36:56","modified_gmt":"2025-03-12T11:36:56","slug":"swissoxx-pure-purity-cream-50ml","status":"publish","type":"product","link":"https:\/\/www.freeshopfrontiera.ch\/de\/shop\/swissoxx-pure-purity-cream-50ml\/","title":{"rendered":"SWISSOXX Pure &#8211; Purity Cream 50ml"},"content":{"rendered":"<p data-start=\"0\" data-end=\"409\"><strong>SWISSOXX Pure &#8211; Purity Cream 50ml<\/strong> ist eine hochwertige Gesichtscreme, die f\u00fcr diejenigen entwickelt wurde, die eine gereinigte, hydratisierte und gesunde Haut w\u00fcnschen. Ihre fortschrittliche Formel ist sanft, aber effektiv und eignet sich f\u00fcr alle Hauttypen, einschlie\u00dflich empfindlicher Haut. Jede Anwendung hilft, die Hautstruktur zu verbessern, und verleiht ein frisches, strahlendes und gesundes Aussehen.<\/p>\n<p data-start=\"411\" data-end=\"803\">Diese Creme ist mit nat\u00fcrlichen Inhaltsstoffen und aktiven Wirkstoffen angereichert, die synergetisch zusammenarbeiten, um die Haut tiefenwirksam zu reinigen. Ihre ausgleichende Wirkung hilft, Unregelm\u00e4\u00dfigkeiten und Stresszeichen zu reduzieren, was das Hautbild sichtbar verbessert. Die leichte Formel zieht schnell ein, ohne fettige R\u00fcckst\u00e4nde zu hinterlassen, und bietet sofortigen Komfort.<\/p>\n<p data-start=\"805\" data-end=\"1225\">Ideal f\u00fcr die t\u00e4gliche Anwendung, SWISSOXX Pure &#8211; Purity Cream ist perfekt f\u00fcr jeden Moment des Tages. Ihre feuchtigkeitsspendende und beruhigende Wirkung stellt das nat\u00fcrliche Gleichgewicht der Haut wieder her und h\u00e4lt sie weich, samtig und gesch\u00fctzt. Ihre reinigende Wirkung hilft, \u00fcbersch\u00fcssiges Sebum zu reduzieren, w\u00e4hrend andere n\u00e4hrende Inhaltsstoffe zur Verbesserung der Hautelastizit\u00e4t und -straffung beitragen.<\/p>\n<p data-start=\"1227\" data-end=\"1543\">Die praktische 50ml-Verpackung macht das Produkt ideal f\u00fcr unterwegs, sodass Sie Ihre Sch\u00f6nheitsbehandlung auch unterwegs fortsetzen k\u00f6nnen. Ohne Parabene, Alkohol oder aggressive Chemikalien ist SWISSOXX Pure ein nat\u00fcrliches und sicheres Produkt, ideal f\u00fcr diejenigen, die eine sanfte, aber effektive Pflege suchen.<\/p>\n<p data-start=\"1545\" data-end=\"1821\" data-is-last-node=\"\" data-is-only-node=\"\">Dank fortschrittlicher Forschung im Bereich der Kosmetik ist SWISSOXX Pure &#8211; Purity Cream die perfekte Wahl f\u00fcr alle, die ihre Haut auf nat\u00fcrliche und innovative Weise pflegen m\u00f6chten. Bei regelm\u00e4\u00dfiger Anwendung wird die Haut immer ausgewogen, frisch und gesch\u00fctzt erscheinen.<\/p>\n<p data-start=\"1412\" data-end=\"1684\" data-is-last-node=\"\" data-is-only-node=\"\">Segui tutte le nostre novit\u00e0! <a href=\"https:\/\/www.instagram.com\/freeshopswiss\/\" target=\"_blank\" rel=\"noopener\">@freeshopswiss<\/a><\/p>\n","protected":false},"excerpt":{"rendered":"<p>SWISSOXX Pure &#8211; Purity Cream 50ml ist eine hochwertige Gesichtscreme, die f\u00fcr diejenigen entwickelt wurde, die eine gereinigte, hydratisierte und gesunde Haut w\u00fcnschen. Ihre fortschrittliche Formel ist sanft, aber effektiv und eignet sich f\u00fcr alle Hauttypen, einschlie\u00dflich empfindlicher Haut. Jede Anwendung hilft, die Hautstruktur zu verbessern, und verleiht ein frisches, strahlendes und gesundes Aussehen. Diese [&hellip;]<\/p>\n","protected":false},"featured_media":17653,"comment_status":"open","ping_status":"closed","template":"","meta":[],"pwb-brand":[432],"product_brand":[],"product_cat":[292,111,546],"product_tag":[419,293,300],"class_list":{"0":"post-17661","1":"product","2":"type-product","3":"status-publish","4":"has-post-thumbnail","6":"pwb-brand-swissoxx","7":"product_cat-behandlungen","8":"product_cat-fur-sie-de","9":"product_cat-gesichtsbehandlung","10":"product_tag-behandlungen-de","11":"product_tag-frau","12":"product_tag-gesichtsbehandlungen","14":"first","15":"instock","16":"sale","17":"taxable","18":"shipping-taxable","19":"purchasable","20":"product-type-simple"},"brands":[{"id":432,"name":"Swissoxx","slug":"swissoxx"}],"_links":{"self":[{"href":"https:\/\/www.freeshopfrontiera.ch\/de\/wp-json\/wp\/v2\/product\/17661","targetHints":{"allow":["GET"]}}],"collection":[{"href":"https:\/\/www.freeshopfrontiera.ch\/de\/wp-json\/wp\/v2\/product"}],"about":[{"href":"https:\/\/www.freeshopfrontiera.ch\/de\/wp-json\/wp\/v2\/types\/product"}],"replies":[{"embeddable":true,"href":"https:\/\/www.freeshopfrontiera.ch\/de\/wp-json\/wp\/v2\/comments?post=17661"}],"version-history":[{"count":2,"href":"https:\/\/www.freeshopfrontiera.ch\/de\/wp-json\/wp\/v2\/product\/17661\/revisions"}],"predecessor-version":[{"id":18389,"href":"https:\/\/www.freeshopfrontiera.ch\/de\/wp-json\/wp\/v2\/product\/17661\/revisions\/18389"}],"wp:featuredmedia":[{"embeddable":true,"href":"https:\/\/www.freeshopfrontiera.ch\/de\/wp-json\/wp\/v2\/media\/17653"}],"wp:attachment":[{"href":"https:\/\/www.freeshopfrontiera.ch\/de\/wp-json\/wp\/v2\/media?parent=17661"}],"wp:term":[{"taxonomy":"pwb-brand","embeddable":true,"href":"https:\/\/www.freeshopfrontiera.ch\/de\/wp-json\/wp\/v2\/pwb-brand?post=17661"},{"taxonomy":"product_brand","embeddable":true,"href":"https:\/\/www.freeshopfrontiera.ch\/de\/wp-json\/wp\/v2\/product_brand?post=17661"},{"taxonomy":"product_cat","embeddable":true,"href":"https:\/\/www.freeshopfrontiera.ch\/de\/wp-json\/wp\/v2\/product_cat?post=17661"},{"taxonomy":"product_tag","embeddable":true,"href":"https:\/\/www.freeshopfrontiera.ch\/de\/wp-json\/wp\/v2\/product_tag?post=17661"}],"curies":[{"name":"wp","href":"https:\/\/api.w.org\/{rel}","templated":true}]}}