{"id":17674,"date":"2025-03-11T09:08:08","date_gmt":"2025-03-11T09:08:08","guid":{"rendered":"https:\/\/freeshopswiss.alesca.org\/shop\/lancome-bi-facil-yeux-jumbo-size-200ml\/"},"modified":"2025-03-12T10:33:48","modified_gmt":"2025-03-12T10:33:48","slug":"lancome-bi-facil-yeux-jumbo-size-200ml","status":"publish","type":"product","link":"https:\/\/www.freeshopfrontiera.ch\/de\/shop\/lancome-bi-facil-yeux-jumbo-size-200ml\/","title":{"rendered":"LANCOME Bi-Facil Yeux 200ml"},"content":{"rendered":"<p data-start=\"3376\" data-end=\"4043\"><strong>LANCOME Bi-Facil Yeux Jumbo Size 200ml<\/strong> ist ein sanfter, aber hochwirksamer bifasischer Augen-Make-up-Entferner, der speziell entwickelt wurde, um Make-up und Unreinheiten von den empfindlichsten Bereichen des Gesichts, wie dem Augenbereich, zu entfernen. Dank seiner innovativen Formel, angereichert mit beruhigenden und feuchtigkeitsspendenden Inhaltsstoffen, entfernt er selbst das hartn\u00e4ckigste Make-up, einschlie\u00dflich wasserfestem Make-up, ohne die Haut zu reizen oder R\u00f6tungen zu verursachen. Die leichte Textur hinterl\u00e4sst keine fettigen R\u00fcckst\u00e4nde und sorgt f\u00fcr eine schnelle und komfortable Entfernung des Make-ups, w\u00e4hrend sie die Haut weich und frisch h\u00e4lt.<\/p>\n<p data-start=\"4045\" data-end=\"4605\">Dieses Produkt ist ideal f\u00fcr Menschen mit empfindlichen Augen oder Kontaktlinsentr\u00e4ger. Die biphasische Formel, die durch Sch\u00fctteln der Flasche aktiviert wird, trennt sanft die beiden Fl\u00fcssigkeitsschichten f\u00fcr eine tiefenwirksame und schnelle Reinigungswirkung. Das Ergebnis ist eine vollst\u00e4ndig gereinigte und hydratisierte Haut, ohne die empfindliche Augenpartie zu belasten. Die Jumbo-Gr\u00f6\u00dfe von 200 ml eignet sich perfekt f\u00fcr den t\u00e4glichen Gebrauch und bietet langanhaltende Leistung, sodass Sie weniger oft nachkaufen m\u00fcssen \u2013 eine kosteng\u00fcnstigere Option.<\/p>\n<p data-start=\"4607\" data-end=\"5193\">Ophthalmologisch und dermatologisch getestet, ist LANCOME Bi-Facil Yeux ein sicheres Produkt, selbst f\u00fcr die empfindlichsten Hauttypen. Seine Formel enth\u00e4lt keine aggressiven Inhaltsstoffe, um die Haut und die Augen bestm\u00f6glich zu schonen. Mit seiner sanften, aber leistungsstarken Wirkung ist dieser Make-up-Entferner ideal f\u00fcr alle, die ein effektives Produkt suchen, das Make-up entfernt und gleichzeitig die Haut frisch, hydratisiert und f\u00fcr die n\u00e4chste Pflegeroutine bereit hinterl\u00e4sst. Es ist nicht nur ein Make-up-Entferner, sondern eine wahre Sch\u00f6nheitsbehandlung f\u00fcr die Augen.<\/p>\n<p data-start=\"864\" data-end=\"1274\">Follow us! <a href=\"https:\/\/www.instagram.com\/freeshopswiss\/\" target=\"_blank\" rel=\"noopener\">@freeshopswiss<\/a><\/p>\n","protected":false},"excerpt":{"rendered":"<p>LANCOME Bi-Facil Yeux Jumbo Size 200ml ist ein sanfter, aber hochwirksamer bifasischer Augen-Make-up-Entferner, der speziell entwickelt wurde, um Make-up und Unreinheiten von den empfindlichsten Bereichen des Gesichts, wie dem Augenbereich, zu entfernen. Dank seiner innovativen Formel, angereichert mit beruhigenden und feuchtigkeitsspendenden Inhaltsstoffen, entfernt er selbst das hartn\u00e4ckigste Make-up, einschlie\u00dflich wasserfestem Make-up, ohne die Haut zu [&hellip;]<\/p>\n","protected":false},"featured_media":17670,"comment_status":"open","ping_status":"closed","template":"","meta":[],"pwb-brand":[262],"product_brand":[],"product_cat":[111,540,567],"product_tag":[293,473,476],"class_list":{"0":"post-17674","1":"product","2":"type-product","3":"status-publish","4":"has-post-thumbnail","6":"pwb-brand-lancome","7":"product_cat-fur-sie-de","8":"product_cat-gesicht-make-up","9":"product_cat-make-up-de-2","10":"product_tag-frau","11":"product_tag-gesichts-make-up","12":"product_tag-make-up-de","14":"first","15":"outofstock","16":"sale","17":"taxable","18":"shipping-taxable","19":"purchasable","20":"product-type-simple"},"brands":[{"id":262,"name":"Lanc\u00f4me","slug":"lancome"}],"_links":{"self":[{"href":"https:\/\/www.freeshopfrontiera.ch\/de\/wp-json\/wp\/v2\/product\/17674","targetHints":{"allow":["GET"]}}],"collection":[{"href":"https:\/\/www.freeshopfrontiera.ch\/de\/wp-json\/wp\/v2\/product"}],"about":[{"href":"https:\/\/www.freeshopfrontiera.ch\/de\/wp-json\/wp\/v2\/types\/product"}],"replies":[{"embeddable":true,"href":"https:\/\/www.freeshopfrontiera.ch\/de\/wp-json\/wp\/v2\/comments?post=17674"}],"version-history":[{"count":3,"href":"https:\/\/www.freeshopfrontiera.ch\/de\/wp-json\/wp\/v2\/product\/17674\/revisions"}],"predecessor-version":[{"id":18213,"href":"https:\/\/www.freeshopfrontiera.ch\/de\/wp-json\/wp\/v2\/product\/17674\/revisions\/18213"}],"wp:featuredmedia":[{"embeddable":true,"href":"https:\/\/www.freeshopfrontiera.ch\/de\/wp-json\/wp\/v2\/media\/17670"}],"wp:attachment":[{"href":"https:\/\/www.freeshopfrontiera.ch\/de\/wp-json\/wp\/v2\/media?parent=17674"}],"wp:term":[{"taxonomy":"pwb-brand","embeddable":true,"href":"https:\/\/www.freeshopfrontiera.ch\/de\/wp-json\/wp\/v2\/pwb-brand?post=17674"},{"taxonomy":"product_brand","embeddable":true,"href":"https:\/\/www.freeshopfrontiera.ch\/de\/wp-json\/wp\/v2\/product_brand?post=17674"},{"taxonomy":"product_cat","embeddable":true,"href":"https:\/\/www.freeshopfrontiera.ch\/de\/wp-json\/wp\/v2\/product_cat?post=17674"},{"taxonomy":"product_tag","embeddable":true,"href":"https:\/\/www.freeshopfrontiera.ch\/de\/wp-json\/wp\/v2\/product_tag?post=17674"}],"curies":[{"name":"wp","href":"https:\/\/api.w.org\/{rel}","templated":true}]}}