{"id":18735,"date":"2025-03-13T13:49:16","date_gmt":"2025-03-13T13:49:16","guid":{"rendered":"https:\/\/freeshopswiss.alesca.org\/shop\/clarins-mousse-nettoyant-peau-neuve-150ml\/"},"modified":"2025-03-13T15:08:05","modified_gmt":"2025-03-13T15:08:05","slug":"clarins-mousse-nettoyant-peau-neuve-150ml","status":"publish","type":"product","link":"https:\/\/www.freeshopfrontiera.ch\/de\/shop\/clarins-mousse-nettoyant-peau-neuve-150ml\/","title":{"rendered":"CLARINS Mousse Nettoyant Peau Neuve 150ml"},"content":{"rendered":"<p data-start=\"0\" data-end=\"443\"><strong data-start=\"0\" data-end=\"45\">Clarins Mousse Nettoyant Peau Neuve 150ml<\/strong> ist ein sanfter und regenerierender Gesichtsreiniger, der entwickelt wurde, um die Haut zu reinigen, Unreinheiten und \u00fcbersch\u00fcssiges Sebum zu entfernen. Mit seiner Formel, die reich an nat\u00fcrlichen Extrakten ist, hinterl\u00e4sst dieser leichte Schaum die Haut frisch, weich und strahlend. Die 150 ml Packung ist ideal f\u00fcr die t\u00e4gliche Anwendung, um sichtbar ges\u00fcndere und strahlendere Haut zu erzielen.<\/p>\n<p data-start=\"445\" data-end=\"936\">Der Schaum verwandelt sich beim Kontakt mit Wasser in einen weichen, cremigen Schaum, der eine gr\u00fcndliche Reinigung erm\u00f6glicht, ohne die Haut auszutrocknen oder zu reizen. Er ist perfekt f\u00fcr diejenigen, die ein effektives, aber sanftes Produkt suchen, das f\u00fcr alle Hauttypen geeignet ist, auch f\u00fcr empfindliche Haut. Der Extrakt aus gr\u00fcnen Teebl\u00e4ttern, der reich an Antioxidantien ist, hilft, die Haut vor Umweltsch\u00e4den zu sch\u00fctzen, w\u00e4hrend der Pflanzenkomplex die Haut reinigt und erneuert.<\/p>\n<p data-start=\"938\" data-end=\"1199\">Nach der Anwendung erscheint die Haut sichtbar glatter, frischer und straffer. <strong data-start=\"1017\" data-end=\"1056\">Clarins Mousse Nettoyant Peau Neuve<\/strong> ist die ideale L\u00f6sung f\u00fcr diejenigen, die eine saubere, gereinigte und regenerierte Haut mit einem gesunden und strahlenden Aussehen w\u00fcnschen.<\/p>\n<p data-start=\"1201\" data-end=\"1460\" data-is-last-node=\"\" data-is-only-node=\"\">F\u00fcr ein optimales Ergebnis eine kleine Menge Mousse auf das feuchte Gesicht auftragen, sanft einmassieren und mit lauwarmem Wasser absp\u00fclen. Entdecke das Vergn\u00fcgen einer frischen und erneuerten Haut jeden Tag mit <strong data-start=\"1414\" data-end=\"1459\">Clarins Mousse Nettoyant Peau Neuve 150ml<\/strong>.<\/p>\n<p>Follow us! <a href=\"https:\/\/www.instagram.com\/freeshopswiss\/\" target=\"_blank\" rel=\"noopener\">@freeshopswiss<\/a><\/p>\n","protected":false},"excerpt":{"rendered":"<p>Clarins Mousse Nettoyant Peau Neuve 150ml ist ein sanfter und regenerierender Gesichtsreiniger, der entwickelt wurde, um die Haut zu reinigen, Unreinheiten und \u00fcbersch\u00fcssiges Sebum zu entfernen. Mit seiner Formel, die reich an nat\u00fcrlichen Extrakten ist, hinterl\u00e4sst dieser leichte Schaum die Haut frisch, weich und strahlend. Die 150 ml Packung ist ideal f\u00fcr die t\u00e4gliche Anwendung, [&hellip;]<\/p>\n","protected":false},"featured_media":18731,"comment_status":"open","ping_status":"closed","template":"","meta":[],"pwb-brand":[311],"product_brand":[],"product_cat":[292,111,546],"product_tag":[419,293,4368,300],"class_list":{"0":"post-18735","1":"product","2":"type-product","3":"status-publish","4":"has-post-thumbnail","6":"pwb-brand-clarins","7":"product_cat-behandlungen","8":"product_cat-fur-sie-de","9":"product_cat-gesichtsbehandlung","10":"product_tag-behandlungen-de","11":"product_tag-frau","12":"product_tag-fruehlingsspecial","13":"product_tag-gesichtsbehandlungen","15":"first","16":"instock","17":"sale","18":"taxable","19":"shipping-taxable","20":"purchasable","21":"product-type-simple"},"brands":[{"id":311,"name":"Clarins","slug":"clarins"}],"_links":{"self":[{"href":"https:\/\/www.freeshopfrontiera.ch\/de\/wp-json\/wp\/v2\/product\/18735","targetHints":{"allow":["GET"]}}],"collection":[{"href":"https:\/\/www.freeshopfrontiera.ch\/de\/wp-json\/wp\/v2\/product"}],"about":[{"href":"https:\/\/www.freeshopfrontiera.ch\/de\/wp-json\/wp\/v2\/types\/product"}],"replies":[{"embeddable":true,"href":"https:\/\/www.freeshopfrontiera.ch\/de\/wp-json\/wp\/v2\/comments?post=18735"}],"version-history":[{"count":2,"href":"https:\/\/www.freeshopfrontiera.ch\/de\/wp-json\/wp\/v2\/product\/18735\/revisions"}],"predecessor-version":[{"id":18774,"href":"https:\/\/www.freeshopfrontiera.ch\/de\/wp-json\/wp\/v2\/product\/18735\/revisions\/18774"}],"wp:featuredmedia":[{"embeddable":true,"href":"https:\/\/www.freeshopfrontiera.ch\/de\/wp-json\/wp\/v2\/media\/18731"}],"wp:attachment":[{"href":"https:\/\/www.freeshopfrontiera.ch\/de\/wp-json\/wp\/v2\/media?parent=18735"}],"wp:term":[{"taxonomy":"pwb-brand","embeddable":true,"href":"https:\/\/www.freeshopfrontiera.ch\/de\/wp-json\/wp\/v2\/pwb-brand?post=18735"},{"taxonomy":"product_brand","embeddable":true,"href":"https:\/\/www.freeshopfrontiera.ch\/de\/wp-json\/wp\/v2\/product_brand?post=18735"},{"taxonomy":"product_cat","embeddable":true,"href":"https:\/\/www.freeshopfrontiera.ch\/de\/wp-json\/wp\/v2\/product_cat?post=18735"},{"taxonomy":"product_tag","embeddable":true,"href":"https:\/\/www.freeshopfrontiera.ch\/de\/wp-json\/wp\/v2\/product_tag?post=18735"}],"curies":[{"name":"wp","href":"https:\/\/api.w.org\/{rel}","templated":true}]}}