{"id":19076,"date":"2025-03-14T12:32:59","date_gmt":"2025-03-14T12:32:59","guid":{"rendered":"https:\/\/freeshopswiss.alesca.org\/shop\/van-cleef-arpels-bois-dore-eau-de-parfum-75ml\/"},"modified":"2025-03-17T09:17:43","modified_gmt":"2025-03-17T09:17:43","slug":"van-cleef-arpels-bois-dore-eau-de-parfum-75ml","status":"publish","type":"product","link":"https:\/\/www.freeshopfrontiera.ch\/de\/shop\/van-cleef-arpels-bois-dore-eau-de-parfum-75ml\/","title":{"rendered":"VAN CLEEF &#038; ARPELS Bois Dore 75ml"},"content":{"rendered":"<p data-start=\"1699\" data-end=\"2049\"><strong>VAN CLEEF &amp; ARPELS Bois Dore Eau de Parfum<\/strong> ist ein eleganter und umh\u00fcllender Duft, der das Wesen der zeitlosen Eleganz der Pariser Maison einf\u00e4ngt. Eine perfekte Verbindung von edlen H\u00f6lzern und der umh\u00fcllenden S\u00fc\u00dfe orientalischer Noten, dieser Duft wurde f\u00fcr diejenigen kreiert, die eine einzigartige, intensive und zugleich diskrete Eleganz suchen.<\/p>\n<p data-start=\"2051\" data-end=\"2551\">Der Duft er\u00f6ffnet mit einer Symphonie aus frischen und sanften Noten, dank einer zarten Mischung aus wei\u00dfen Blumen, die sich mit dem tiefen, sinnlichen Aroma von Sandelholz verbinden. Das Herz des Duftes enth\u00fcllt eine umh\u00fcllende Kombination aus w\u00fcrzigen und holzigen Noten, mit einem Hauch Vanille, der S\u00fc\u00dfe und Tiefe hinzuf\u00fcgt. Schlie\u00dflich wird die Basis von Moschus und Amber gepr\u00e4gt, die dem Duft ein warmes und langanhaltendes Finish verleihen, das eine elegante und raffinierte Spur hinterl\u00e4sst.<\/p>\n<p data-start=\"2553\" data-end=\"2823\">Der Flakon, der mit \u00e4u\u00dferster Liebe zum Detail gefertigt wurde, ist ein Werk reiner Eleganz. Das transparente Glas und die schlichte, aber dennoch raffinierte Form spiegeln das Wesen des Duftes selbst wider: ein perfektes Gleichgewicht zwischen Modernit\u00e4t und Tradition.<\/p>\n<p data-start=\"2825\" data-end=\"3267\">VAN CLEEF &amp; ARPELS Bois Dore ist der ideale Duft f\u00fcr diejenigen, die eine reichhaltige und komplexe Komposition suchen, die Emotionen weckt, ohne jemals aufdringlich zu wirken. Perfekt f\u00fcr besondere Anl\u00e4sse oder f\u00fcr den t\u00e4glichen Gebrauch von denen, die die Sch\u00f6nheit raffinierter, zeitloser Dinge sch\u00e4tzen. Ein Duft, der eine Geschichte von Luxus, Eleganz und Geheimnis erz\u00e4hlt und jeden Moment des Tages mit Diskretion und Klasse begleitet.<\/p>\n<p>&nbsp;<\/p>\n<p>Segui tutte le nostre novit\u00e0!\u00a0<a href=\"https:\/\/www.instagram.com\/freeshopswiss\/\" target=\"_blank\" rel=\"noopener\">@freeshopswiss<\/a><\/p>\n","protected":false},"excerpt":{"rendered":"<p><em><strong>Eau de Parfum<\/strong><\/em><\/p>\n","protected":false},"featured_media":18907,"comment_status":"open","ping_status":"closed","template":"","meta":[],"pwb-brand":[404],"product_brand":[],"product_cat":[84,111],"product_tag":[790,952,254,293],"class_list":{"0":"post-19076","1":"product","2":"type-product","3":"status-publish","4":"has-post-thumbnail","6":"pwb-brand-van-cleef-arpels","7":"product_cat-duefte","8":"product_cat-fur-sie-de","9":"product_tag-womens-fragrances-de","10":"product_tag-profumi-de","11":"product_tag-eau-de-parfum-de","12":"product_tag-frau","14":"first","15":"instock","16":"sale","17":"taxable","18":"shipping-taxable","19":"purchasable","20":"product-type-simple"},"brands":[{"id":404,"name":"Van Cleef &amp; Arpels","slug":"van-cleef-arpels"}],"_links":{"self":[{"href":"https:\/\/www.freeshopfrontiera.ch\/de\/wp-json\/wp\/v2\/product\/19076","targetHints":{"allow":["GET"]}}],"collection":[{"href":"https:\/\/www.freeshopfrontiera.ch\/de\/wp-json\/wp\/v2\/product"}],"about":[{"href":"https:\/\/www.freeshopfrontiera.ch\/de\/wp-json\/wp\/v2\/types\/product"}],"replies":[{"embeddable":true,"href":"https:\/\/www.freeshopfrontiera.ch\/de\/wp-json\/wp\/v2\/comments?post=19076"}],"version-history":[{"count":2,"href":"https:\/\/www.freeshopfrontiera.ch\/de\/wp-json\/wp\/v2\/product\/19076\/revisions"}],"predecessor-version":[{"id":19084,"href":"https:\/\/www.freeshopfrontiera.ch\/de\/wp-json\/wp\/v2\/product\/19076\/revisions\/19084"}],"wp:featuredmedia":[{"embeddable":true,"href":"https:\/\/www.freeshopfrontiera.ch\/de\/wp-json\/wp\/v2\/media\/18907"}],"wp:attachment":[{"href":"https:\/\/www.freeshopfrontiera.ch\/de\/wp-json\/wp\/v2\/media?parent=19076"}],"wp:term":[{"taxonomy":"pwb-brand","embeddable":true,"href":"https:\/\/www.freeshopfrontiera.ch\/de\/wp-json\/wp\/v2\/pwb-brand?post=19076"},{"taxonomy":"product_brand","embeddable":true,"href":"https:\/\/www.freeshopfrontiera.ch\/de\/wp-json\/wp\/v2\/product_brand?post=19076"},{"taxonomy":"product_cat","embeddable":true,"href":"https:\/\/www.freeshopfrontiera.ch\/de\/wp-json\/wp\/v2\/product_cat?post=19076"},{"taxonomy":"product_tag","embeddable":true,"href":"https:\/\/www.freeshopfrontiera.ch\/de\/wp-json\/wp\/v2\/product_tag?post=19076"}],"curies":[{"name":"wp","href":"https:\/\/api.w.org\/{rel}","templated":true}]}}