{"id":19130,"date":"2025-03-17T09:52:43","date_gmt":"2025-03-17T09:52:43","guid":{"rendered":"https:\/\/freeshopswiss.alesca.org\/shop\/jp-gaultier-set-divine-50ml-body-lotion-75ml\/"},"modified":"2025-12-26T00:00:40","modified_gmt":"2025-12-26T00:00:40","slug":"jp-gaultier-set-divine-50ml-body-lotion-75ml","status":"publish","type":"product","link":"https:\/\/www.freeshopfrontiera.ch\/de\/shop\/jp-gaultier-set-divine-50ml-body-lotion-75ml\/","title":{"rendered":"JEAN PAUL GAULTIER SET Divine"},"content":{"rendered":"<p data-start=\"1082\" data-end=\"1364\"><strong data-start=\"1082\" data-end=\"1156\">Jean Paul Gaultier Divine Eau de Parfum Spray 50 ml + Bodylotion 75 ml<\/strong> ist ein exklusives Damen-Set, das Weiblichkeit in all ihren Facetten feiert und Sinnlichkeit, Eleganz und Charakter vereint. Eine perfekte Geschenkidee oder ein luxuri\u00f6ses Pflegeerlebnis f\u00fcr Frauen mit Stil.<\/p>\n<p data-start=\"1366\" data-end=\"1730\"><strong data-start=\"1366\" data-end=\"1390\">Divine Eau de Parfum<\/strong> er\u00f6ffnet mit strahlenden und umh\u00fcllenden Duftnoten, die eine intensive, moderne Weiblichkeit unterstreichen. Das Herz entfaltet elegante und sinnliche florale Akkorde, w\u00e4hrend die warme, langanhaltende Basis eine raffinierte und verf\u00fchrerische Duftspur hinterl\u00e4sst. Ein ikonischer, mutiger und zeitgem\u00e4\u00dfer Damenduft von Jean Paul Gaultier.<\/p>\n<p data-start=\"1732\" data-end=\"1945\">Das Set enth\u00e4lt eine <strong data-start=\"1753\" data-end=\"1773\">Bodylotion 75 ml<\/strong> mit geschmeidiger, seidiger Textur, die die Haut intensiv pflegt und zart parf\u00fcmiert. In Kombination mit dem Eau de Parfum verl\u00e4ngert und intensiviert sie die Duftwirkung.<\/p>\n<p data-start=\"1947\" data-end=\"2184\">Das <strong data-start=\"1951\" data-end=\"1992\">Jean Paul Gaultier Divine Geschenkset<\/strong> eignet sich perfekt f\u00fcr jeden Anlass, sowohl f\u00fcr den Alltag als auch f\u00fcr besondere Momente. Ein elegantes und sinnliches Duftset f\u00fcr Damen, das ein rundum raffiniertes Beauty-Erlebnis bietet.<\/p>\n<p data-start=\"1488\" data-end=\"1813\" data-is-last-node=\"\" data-is-only-node=\"\">Follow us! <a href=\"https:\/\/www.instagram.com\/freeshopswiss\/\" target=\"_blank\" rel=\"noopener\">@freeshopswiss<\/a><\/p>\n","protected":false},"excerpt":{"rendered":"<p><strong data-start=\"1082\" data-end=\"1156\">Jean Paul Gaultier Divine Eau de Parfum Spray 50 ml + Bodylotion 75 ml<\/strong> ist ein exklusives Damen-Set, das Weiblichkeit in all ihren Facetten feiert und Sinnlichkeit, Eleganz und Charakter vereint.<\/p>\n","protected":false},"featured_media":39751,"comment_status":"open","ping_status":"closed","template":"","meta":[],"pwb-brand":[373],"product_brand":[],"product_cat":[144,84,111,485,4193],"product_tag":[148,790,254,293,462,5051,5073,460],"class_list":{"0":"post-19130","1":"product","2":"type-product","3":"status-publish","4":"has-post-thumbnail","6":"pwb-brand-jean-paul-gaultier","7":"product_cat-bietet","8":"product_cat-duefte","9":"product_cat-fur-sie-de","10":"product_cat-geschenkbox","11":"product_cat-sets-aktion","12":"product_tag-angebot","13":"product_tag-womens-fragrances-de","14":"product_tag-eau-de-parfum-de","15":"product_tag-frau","16":"product_tag-geschenkset-fuer-damen","17":"product_tag-muttertag","18":"product_tag-muttertags-parfums","19":"product_tag-parfuem-geschenkset","21":"first","22":"instock","23":"sale","24":"taxable","25":"shipping-taxable","26":"purchasable","27":"product-type-simple"},"brands":[{"id":373,"name":"Jean Paul Gaultier","slug":"jean-paul-gaultier"}],"_links":{"self":[{"href":"https:\/\/www.freeshopfrontiera.ch\/de\/wp-json\/wp\/v2\/product\/19130","targetHints":{"allow":["GET"]}}],"collection":[{"href":"https:\/\/www.freeshopfrontiera.ch\/de\/wp-json\/wp\/v2\/product"}],"about":[{"href":"https:\/\/www.freeshopfrontiera.ch\/de\/wp-json\/wp\/v2\/types\/product"}],"replies":[{"embeddable":true,"href":"https:\/\/www.freeshopfrontiera.ch\/de\/wp-json\/wp\/v2\/comments?post=19130"}],"version-history":[{"count":6,"href":"https:\/\/www.freeshopfrontiera.ch\/de\/wp-json\/wp\/v2\/product\/19130\/revisions"}],"predecessor-version":[{"id":27846,"href":"https:\/\/www.freeshopfrontiera.ch\/de\/wp-json\/wp\/v2\/product\/19130\/revisions\/27846"}],"wp:featuredmedia":[{"embeddable":true,"href":"https:\/\/www.freeshopfrontiera.ch\/de\/wp-json\/wp\/v2\/media\/39751"}],"wp:attachment":[{"href":"https:\/\/www.freeshopfrontiera.ch\/de\/wp-json\/wp\/v2\/media?parent=19130"}],"wp:term":[{"taxonomy":"pwb-brand","embeddable":true,"href":"https:\/\/www.freeshopfrontiera.ch\/de\/wp-json\/wp\/v2\/pwb-brand?post=19130"},{"taxonomy":"product_brand","embeddable":true,"href":"https:\/\/www.freeshopfrontiera.ch\/de\/wp-json\/wp\/v2\/product_brand?post=19130"},{"taxonomy":"product_cat","embeddable":true,"href":"https:\/\/www.freeshopfrontiera.ch\/de\/wp-json\/wp\/v2\/product_cat?post=19130"},{"taxonomy":"product_tag","embeddable":true,"href":"https:\/\/www.freeshopfrontiera.ch\/de\/wp-json\/wp\/v2\/product_tag?post=19130"}],"curies":[{"name":"wp","href":"https:\/\/api.w.org\/{rel}","templated":true}]}}