{"id":19563,"date":"2025-03-18T15:04:28","date_gmt":"2025-03-18T15:04:28","guid":{"rendered":"https:\/\/freeshopswiss.alesca.org\/shop\/beauty-of-joseon-red-bean-pore-mask-140ml\/"},"modified":"2025-03-18T15:11:59","modified_gmt":"2025-03-18T15:11:59","slug":"beauty-of-joseon-red-bean-pore-mask-140ml","status":"publish","type":"product","link":"https:\/\/www.freeshopfrontiera.ch\/de\/shop\/beauty-of-joseon-red-bean-pore-mask-140ml\/","title":{"rendered":"BEAUTY OF JOSEON Red Bean Pore Mask 140ml"},"content":{"rendered":"<p data-start=\"1832\" data-end=\"2243\">Die <strong data-start=\"1836\" data-end=\"1886\">BEAUTY OF JOSEON Red Bean Refreshing Pore Mask<\/strong> ist eine porenreinigende Gesichtsmaske, die \u00fcbersch\u00fcssigen Talg reduziert, das Hautbild verfeinert und f\u00fcr ein ausgeglichenes Hautgef\u00fchl sorgt. Dank der Kombination aus <strong data-start=\"2056\" data-end=\"2079\">rotem Bohnenextrakt<\/strong>, <strong data-start=\"2081\" data-end=\"2104\">nat\u00fcrlicher Tonerde<\/strong> und weiteren pflanzlichen Inhaltsstoffen entfernt sie sanft Unreinheiten und hinterl\u00e4sst eine glatte, strahlende und ausgeglichene Haut.<\/p>\n<p data-start=\"2245\" data-end=\"2587\">Der Hauptinhaltsstoff ist <strong data-start=\"2271\" data-end=\"2285\">rote Bohne<\/strong>, ein traditionelles Element in der koreanischen Hautpflege, das \u00fcbersch\u00fcssigen Talg absorbiert und die Haut kl\u00e4rt. Die feinen nat\u00fcrlichen Partikel der roten Bohne wirken zudem sanft peelend, f\u00f6rdern die Zellerneuerung und verbessern die Hauttextur, ohne Irritationen oder Trockenheit zu verursachen.<\/p>\n<p data-start=\"2589\" data-end=\"2945\"><strong data-start=\"2589\" data-end=\"2611\">Nat\u00fcrliche Tonerde<\/strong> hilft, die Poren tiefgehend zu reinigen, Verstopfungen zu verhindern und Unreinheiten zu reduzieren. Dieser ausgleichende Inhaltsstoff nimmt \u00fcbersch\u00fcssigen Talg auf, ohne den nat\u00fcrlichen Feuchtigkeitsgehalt der Haut zu beeintr\u00e4chtigen, wodurch die Maske besonders f\u00fcr Mischhaut, fettige Haut und zu Akne neigende Haut geeignet ist.<\/p>\n<p data-start=\"2947\" data-end=\"3306\">Die Formel ist mit <strong data-start=\"2966\" data-end=\"2992\">pflanzlichen Extrakten<\/strong> angereichert, die die Haut beruhigen und mit Feuchtigkeit versorgen, sodass kein Trockenheitsgef\u00fchl oder Spannungsgef\u00fchl nach der Anwendung entsteht. Dank ihrer weichen, cremigen Textur l\u00e4sst sich die Maske leicht auftragen und sorgt f\u00fcr ein sofortiges Frischegef\u00fchl, das die Anwendung besonders angenehm macht.<\/p>\n<p data-start=\"3308\" data-end=\"3669\">Nach dem Absp\u00fclen wirkt die Haut reiner, glatter und straffer, mit einem ges\u00fcnderen und ebenm\u00e4\u00dfigeren Teint. Die <strong data-start=\"3421\" data-end=\"3471\">BEAUTY OF JOSEON Red Bean Refreshing Pore Mask<\/strong> ist ideal f\u00fcr alle, die ihre Hautpflege-Routine mit einer ausgleichenden Behandlung erg\u00e4nzen m\u00f6chten, um das Hautbild langfristig zu verbessern und f\u00fcr eine gereinigte, strahlende Haut zu sorgen.<\/p>\n<p data-start=\"1593\" data-end=\"1944\" data-is-last-node=\"\" data-is-only-node=\"\">Follow us! <a href=\"https:\/\/www.instagram.com\/freeshopswiss\/\" target=\"_blank\" rel=\"noopener\">@freeshopswiss<\/a><\/p>\n","protected":false},"excerpt":{"rendered":"<p>Die BEAUTY OF JOSEON Red Bean Refreshing Pore Mask ist eine porenreinigende Gesichtsmaske, die \u00fcbersch\u00fcssigen Talg reduziert, das Hautbild verfeinert und f\u00fcr ein ausgeglichenes Hautgef\u00fchl sorgt. Dank der Kombination aus rotem Bohnenextrakt, nat\u00fcrlicher Tonerde und weiteren pflanzlichen Inhaltsstoffen entfernt sie sanft Unreinheiten und hinterl\u00e4sst eine glatte, strahlende und ausgeglichene Haut. Der Hauptinhaltsstoff ist rote Bohne, [&hellip;]<\/p>\n","protected":false},"featured_media":19559,"comment_status":"open","ping_status":"closed","template":"","meta":[],"pwb-brand":[574],"product_brand":[],"product_cat":[292,111,546,3769],"product_tag":[419,293,300,3612],"class_list":{"0":"post-19563","1":"product","2":"type-product","3":"status-publish","4":"has-post-thumbnail","6":"pwb-brand-beauty-of-joseon","7":"product_cat-behandlungen","8":"product_cat-fur-sie-de","9":"product_cat-gesichtsbehandlung","10":"product_cat-k-beauty-de","11":"product_tag-behandlungen-de","12":"product_tag-frau","13":"product_tag-gesichtsbehandlungen","14":"product_tag-k-beauty-de","16":"first","17":"instock","18":"sale","19":"taxable","20":"shipping-taxable","21":"purchasable","22":"product-type-simple"},"brands":[{"id":574,"name":"Beauty of Joseon","slug":"beauty-of-joseon"}],"_links":{"self":[{"href":"https:\/\/www.freeshopfrontiera.ch\/de\/wp-json\/wp\/v2\/product\/19563","targetHints":{"allow":["GET"]}}],"collection":[{"href":"https:\/\/www.freeshopfrontiera.ch\/de\/wp-json\/wp\/v2\/product"}],"about":[{"href":"https:\/\/www.freeshopfrontiera.ch\/de\/wp-json\/wp\/v2\/types\/product"}],"replies":[{"embeddable":true,"href":"https:\/\/www.freeshopfrontiera.ch\/de\/wp-json\/wp\/v2\/comments?post=19563"}],"version-history":[{"count":3,"href":"https:\/\/www.freeshopfrontiera.ch\/de\/wp-json\/wp\/v2\/product\/19563\/revisions"}],"predecessor-version":[{"id":19570,"href":"https:\/\/www.freeshopfrontiera.ch\/de\/wp-json\/wp\/v2\/product\/19563\/revisions\/19570"}],"wp:featuredmedia":[{"embeddable":true,"href":"https:\/\/www.freeshopfrontiera.ch\/de\/wp-json\/wp\/v2\/media\/19559"}],"wp:attachment":[{"href":"https:\/\/www.freeshopfrontiera.ch\/de\/wp-json\/wp\/v2\/media?parent=19563"}],"wp:term":[{"taxonomy":"pwb-brand","embeddable":true,"href":"https:\/\/www.freeshopfrontiera.ch\/de\/wp-json\/wp\/v2\/pwb-brand?post=19563"},{"taxonomy":"product_brand","embeddable":true,"href":"https:\/\/www.freeshopfrontiera.ch\/de\/wp-json\/wp\/v2\/product_brand?post=19563"},{"taxonomy":"product_cat","embeddable":true,"href":"https:\/\/www.freeshopfrontiera.ch\/de\/wp-json\/wp\/v2\/product_cat?post=19563"},{"taxonomy":"product_tag","embeddable":true,"href":"https:\/\/www.freeshopfrontiera.ch\/de\/wp-json\/wp\/v2\/product_tag?post=19563"}],"curies":[{"name":"wp","href":"https:\/\/api.w.org\/{rel}","templated":true}]}}