{"id":19581,"date":"2025-03-18T15:28:12","date_gmt":"2025-03-18T15:28:12","guid":{"rendered":"https:\/\/freeshopswiss.alesca.org\/shop\/beauty-of-joseon-glow-serum-propolis-niacinamide-30ml\/"},"modified":"2025-03-18T15:42:09","modified_gmt":"2025-03-18T15:42:09","slug":"beauty-of-joseon-glow-serum-propolis-niacinamide-30ml","status":"publish","type":"product","link":"https:\/\/www.freeshopfrontiera.ch\/de\/shop\/beauty-of-joseon-glow-serum-propolis-niacinamide-30ml\/","title":{"rendered":"BEAUTY OF JOSEON Glow Serum Propolis + Niacinamide 30ml"},"content":{"rendered":"<p data-start=\"1783\" data-end=\"2133\">Das <strong data-start=\"1787\" data-end=\"1841\">BEAUTY OF JOSEON Glow Serum Propolis + Niacinamide<\/strong> ist ein n\u00e4hrendes und ausgleichendes Serum, das die Haut zum Strahlen bringt, ihre Elastizit\u00e4t verbessert und Irritationen lindert. Dank der Kombination aus <strong data-start=\"1999\" data-end=\"2011\">Propolis<\/strong> und <strong data-start=\"2016\" data-end=\"2030\">Niacinamid<\/strong> ist diese Behandlung ideal f\u00fcr alle, die einen ebenm\u00e4\u00dfigen, gesunden und strahlenden Teint w\u00fcnschen.<\/p>\n<p data-start=\"2135\" data-end=\"2534\">Der Hauptinhaltsstoff ist <strong data-start=\"2161\" data-end=\"2185\">60% Propolis-Extrakt<\/strong>, der f\u00fcr seine antibakteriellen, beruhigenden und regenerierenden Eigenschaften bekannt ist. Dieses nat\u00fcrliche Aktiv hilft, empfindliche oder gereizte Haut zu beruhigen, R\u00f6tungen zu reduzieren und die Hautschutzbarriere zu st\u00e4rken. Propolis ist zudem ein kraftvolles Antioxidans, das freie Radikale bek\u00e4mpft und die Vitalit\u00e4t der Haut verbessert.<\/p>\n<p data-start=\"2536\" data-end=\"2848\"><strong data-start=\"2536\" data-end=\"2553\">2% Niacinamid<\/strong> ist ein weiterer wichtiger Inhaltsstoff der Formel, der besonders effektiv ist, um den Hautton aufzuhellen, Verf\u00e4rbungen zu reduzieren und das Erscheinungsbild der Poren zu minimieren. Zudem reguliert es die Talgproduktion, wodurch das Serum auch f\u00fcr Mischhaut oder fettige Haut geeignet ist.<\/p>\n<p data-start=\"2850\" data-end=\"3191\">Angereichert mit <strong data-start=\"2867\" data-end=\"2886\">Kurkuma-Extrakt<\/strong> und <strong data-start=\"2891\" data-end=\"2928\">weiteren pflanzlichen Wirkstoffen<\/strong> spendet dieses Serum tiefgehende Feuchtigkeit und N\u00e4hrstoffe, ohne die Haut zu beschweren, und verleiht ihr ein pralles, strahlendes Aussehen. Die leichte, seidige Textur zieht schnell ein und hinterl\u00e4sst die Haut weich und leuchtend, ohne einen fettigen Film.<\/p>\n<p data-start=\"3193\" data-end=\"3480\">Ideal f\u00fcr fahle, gestresste oder zu Akne neigende Haut, ist das <strong data-start=\"3257\" data-end=\"3311\">BEAUTY OF JOSEON Glow Serum Propolis + Niacinamide<\/strong> eine vielseitige Pflege, die sich problemlos in jede Hautpflegeroutine integrieren l\u00e4sst und Tag f\u00fcr Tag f\u00fcr eine ges\u00fcndere, ebenm\u00e4\u00dfigere und strahlendere Haut sorgt.<\/p>\n<p data-start=\"1491\" data-end=\"1769\" data-is-last-node=\"\" data-is-only-node=\"\">Follow us! <a href=\"https:\/\/www.instagram.com\/freeshopswiss\/\" target=\"_blank\" rel=\"noopener\">@freeshopswiss<\/a><\/p>\n","protected":false},"excerpt":{"rendered":"<p>Das BEAUTY OF JOSEON Glow Serum Propolis + Niacinamide ist ein n\u00e4hrendes und ausgleichendes Serum, das die Haut zum Strahlen bringt, ihre Elastizit\u00e4t verbessert und Irritationen lindert. Dank der Kombination aus Propolis und Niacinamid ist diese Behandlung ideal f\u00fcr alle, die einen ebenm\u00e4\u00dfigen, gesunden und strahlenden Teint w\u00fcnschen. Der Hauptinhaltsstoff ist 60% Propolis-Extrakt, der f\u00fcr [&hellip;]<\/p>\n","protected":false},"featured_media":19577,"comment_status":"open","ping_status":"closed","template":"","meta":[],"pwb-brand":[574],"product_brand":[],"product_cat":[292,546,3769],"product_tag":[482,419,293,4368,300,3612],"class_list":{"0":"post-19581","1":"product","2":"type-product","3":"status-publish","4":"has-post-thumbnail","6":"pwb-brand-beauty-of-joseon","7":"product_cat-behandlungen","8":"product_cat-gesichtsbehandlung","9":"product_cat-k-beauty-de","10":"product_tag-anti-falten","11":"product_tag-behandlungen-de","12":"product_tag-frau","13":"product_tag-fruehlingsspecial","14":"product_tag-gesichtsbehandlungen","15":"product_tag-k-beauty-de","17":"first","18":"instock","19":"sale","20":"taxable","21":"shipping-taxable","22":"purchasable","23":"product-type-simple"},"brands":[{"id":574,"name":"Beauty of Joseon","slug":"beauty-of-joseon"}],"_links":{"self":[{"href":"https:\/\/www.freeshopfrontiera.ch\/de\/wp-json\/wp\/v2\/product\/19581","targetHints":{"allow":["GET"]}}],"collection":[{"href":"https:\/\/www.freeshopfrontiera.ch\/de\/wp-json\/wp\/v2\/product"}],"about":[{"href":"https:\/\/www.freeshopfrontiera.ch\/de\/wp-json\/wp\/v2\/types\/product"}],"replies":[{"embeddable":true,"href":"https:\/\/www.freeshopfrontiera.ch\/de\/wp-json\/wp\/v2\/comments?post=19581"}],"version-history":[{"count":2,"href":"https:\/\/www.freeshopfrontiera.ch\/de\/wp-json\/wp\/v2\/product\/19581\/revisions"}],"predecessor-version":[{"id":19587,"href":"https:\/\/www.freeshopfrontiera.ch\/de\/wp-json\/wp\/v2\/product\/19581\/revisions\/19587"}],"wp:featuredmedia":[{"embeddable":true,"href":"https:\/\/www.freeshopfrontiera.ch\/de\/wp-json\/wp\/v2\/media\/19577"}],"wp:attachment":[{"href":"https:\/\/www.freeshopfrontiera.ch\/de\/wp-json\/wp\/v2\/media?parent=19581"}],"wp:term":[{"taxonomy":"pwb-brand","embeddable":true,"href":"https:\/\/www.freeshopfrontiera.ch\/de\/wp-json\/wp\/v2\/pwb-brand?post=19581"},{"taxonomy":"product_brand","embeddable":true,"href":"https:\/\/www.freeshopfrontiera.ch\/de\/wp-json\/wp\/v2\/product_brand?post=19581"},{"taxonomy":"product_cat","embeddable":true,"href":"https:\/\/www.freeshopfrontiera.ch\/de\/wp-json\/wp\/v2\/product_cat?post=19581"},{"taxonomy":"product_tag","embeddable":true,"href":"https:\/\/www.freeshopfrontiera.ch\/de\/wp-json\/wp\/v2\/product_tag?post=19581"}],"curies":[{"name":"wp","href":"https:\/\/api.w.org\/{rel}","templated":true}]}}