{"id":19646,"date":"2025-03-18T17:02:37","date_gmt":"2025-03-18T17:02:37","guid":{"rendered":"https:\/\/freeshopswiss.alesca.org\/shop\/laneige-lip-sleeping-mask\/"},"modified":"2025-03-20T08:56:37","modified_gmt":"2025-03-20T08:56:37","slug":"laneige-lip-sleeping-mask","status":"publish","type":"product","link":"https:\/\/www.freeshopfrontiera.ch\/de\/shop\/laneige-lip-sleeping-mask\/","title":{"rendered":"LANEIGE Lip Sleeping Mask 20g"},"content":{"rendered":"<p data-start=\"28\" data-end=\"439\">Die <strong data-start=\"32\" data-end=\"61\">LANEIGE Lip Sleeping Mask<\/strong> ist eine n\u00e4hrende Nachtmaske f\u00fcr die Lippen, die intensive und langanhaltende Feuchtigkeit spendet. Ideal f\u00fcr trockene und spr\u00f6de Lippen, wirkt diese Behandlung \u00fcber Nacht, um die nat\u00fcrliche Weichheit und Geschmeidigkeit der Haut wiederherzustellen. Dank ihrer innovativen Formel werden die Lippen bereits nach der ersten Anwendung sp\u00fcrbar gepflegter, elastischer und voller.<\/p>\n<p data-start=\"441\" data-end=\"934\">Die Wirksamkeit beruht auf einer Kombination aus hochwirksamen feuchtigkeitsspendenden und n\u00e4hrenden Inhaltsstoffen. Der <strong data-start=\"562\" data-end=\"584\">Berry Mix Complex\u2122<\/strong>, eine kraftvolle Mischung aus Extrakten roter Beeren wie Himbeere, Erdbeere, Heidelbeere und Johannisbeere, ist reich an Antioxidantien, die die Haut sch\u00fctzen und Trockenheit bek\u00e4mpfen. <strong data-start=\"771\" data-end=\"803\">Hyalurons\u00e4ure und Mineralien<\/strong> helfen, Feuchtigkeit einzuschlie\u00dfen, sorgen f\u00fcr einen aufpolsternden Effekt und verl\u00e4ngern die Hydratation \u00fcber die ganze Nacht.<\/p>\n<p data-start=\"936\" data-end=\"1248\">Die Textur der Maske ist weich und umh\u00fcllend \u2013 \u00e4hnlich einem reichhaltigen Balsam, aber nicht klebrig. Sie l\u00e4sst sich leicht auf die Lippen auftragen, bildet eine d\u00fcnne Schutzschicht und bewahrt die Feuchtigkeit. Das Ergebnis ist eine verw\u00f6hnende Pflege, die die Lippen \u00fcber Nacht geschmeidig und samtig macht.<\/p>\n<p data-start=\"1250\" data-end=\"1513\">Die Anwendung ist einfach und angenehm: Eine gro\u00dfz\u00fcgige Schicht vor dem Schlafengehen auftragen und \u00fcber Nacht einwirken lassen. Am Morgen kann der \u00dcberschuss mit einem Tuch entfernt oder sanft einmassiert werden, um einen zus\u00e4tzlichen Pflegeeffekt zu erzielen.<\/p>\n<p data-start=\"1515\" data-end=\"1788\">Diese Maske ist ideal f\u00fcr alle, die eine wirksame L\u00f6sung gegen trockene und spr\u00f6de Lippen suchen \u2013 besonders in den kalten Wintermonaten oder nach Sonneneinstrahlung. Dank ihrer fruchtigen und zarten D\u00fcfte sorgt sie zudem f\u00fcr ein angenehmes, entspannendes Sinneserlebnis.<\/p>\n<p data-start=\"1790\" data-end=\"2024\">Geeignet f\u00fcr alle Hauttypen ist die <strong data-start=\"1826\" data-end=\"1855\">LANEIGE Lip Sleeping Mask<\/strong> das Geheimnis f\u00fcr dauerhaft hydratisierte, weiche und strahlende Lippen. Ein unverzichtbares Must-have in der Beauty-Routine f\u00fcr perfekt gepflegte Lippen \u2013 jeden Tag.<\/p>\n<p data-start=\"1825\" data-end=\"2035\" data-is-last-node=\"\" data-is-only-node=\"\">Follow us! <a href=\"https:\/\/www.instagram.com\/freeshopswiss\/\" target=\"_blank\" rel=\"noopener\">@freeshopswiss<\/a><\/p>\n","protected":false},"excerpt":{"rendered":"<p>Die LANEIGE Lip Sleeping Mask ist eine n\u00e4hrende Nachtmaske f\u00fcr die Lippen, die intensive und langanhaltende Feuchtigkeit spendet. Ideal f\u00fcr trockene und spr\u00f6de Lippen, wirkt diese Behandlung \u00fcber Nacht, um die nat\u00fcrliche Weichheit und Geschmeidigkeit der Haut wiederherzustellen. Dank ihrer innovativen Formel werden die Lippen bereits nach der ersten Anwendung sp\u00fcrbar gepflegter, elastischer und voller. [&hellip;]<\/p>\n","protected":false},"featured_media":19631,"comment_status":"open","ping_status":"closed","template":"","meta":[],"pwb-brand":[577],"product_brand":[],"product_cat":[292,546],"product_tag":[419,293,4349,300],"class_list":{"0":"post-19646","1":"product","2":"type-product","3":"status-publish","4":"has-post-thumbnail","6":"pwb-brand-laneige","7":"product_cat-behandlungen","8":"product_cat-gesichtsbehandlung","9":"product_tag-behandlungen-de","10":"product_tag-frau","11":"product_tag-frauentag","12":"product_tag-gesichtsbehandlungen","14":"first","15":"instock","16":"sale","17":"taxable","18":"shipping-taxable","19":"purchasable","20":"product-type-simple"},"brands":[{"id":577,"name":"Laneige","slug":"laneige"}],"_links":{"self":[{"href":"https:\/\/www.freeshopfrontiera.ch\/de\/wp-json\/wp\/v2\/product\/19646","targetHints":{"allow":["GET"]}}],"collection":[{"href":"https:\/\/www.freeshopfrontiera.ch\/de\/wp-json\/wp\/v2\/product"}],"about":[{"href":"https:\/\/www.freeshopfrontiera.ch\/de\/wp-json\/wp\/v2\/types\/product"}],"replies":[{"embeddable":true,"href":"https:\/\/www.freeshopfrontiera.ch\/de\/wp-json\/wp\/v2\/comments?post=19646"}],"version-history":[{"count":1,"href":"https:\/\/www.freeshopfrontiera.ch\/de\/wp-json\/wp\/v2\/product\/19646\/revisions"}],"predecessor-version":[{"id":19647,"href":"https:\/\/www.freeshopfrontiera.ch\/de\/wp-json\/wp\/v2\/product\/19646\/revisions\/19647"}],"wp:featuredmedia":[{"embeddable":true,"href":"https:\/\/www.freeshopfrontiera.ch\/de\/wp-json\/wp\/v2\/media\/19631"}],"wp:attachment":[{"href":"https:\/\/www.freeshopfrontiera.ch\/de\/wp-json\/wp\/v2\/media?parent=19646"}],"wp:term":[{"taxonomy":"pwb-brand","embeddable":true,"href":"https:\/\/www.freeshopfrontiera.ch\/de\/wp-json\/wp\/v2\/pwb-brand?post=19646"},{"taxonomy":"product_brand","embeddable":true,"href":"https:\/\/www.freeshopfrontiera.ch\/de\/wp-json\/wp\/v2\/product_brand?post=19646"},{"taxonomy":"product_cat","embeddable":true,"href":"https:\/\/www.freeshopfrontiera.ch\/de\/wp-json\/wp\/v2\/product_cat?post=19646"},{"taxonomy":"product_tag","embeddable":true,"href":"https:\/\/www.freeshopfrontiera.ch\/de\/wp-json\/wp\/v2\/product_tag?post=19646"}],"curies":[{"name":"wp","href":"https:\/\/api.w.org\/{rel}","templated":true}]}}