{"id":19673,"date":"2025-03-20T08:44:16","date_gmt":"2025-03-20T08:44:16","guid":{"rendered":"https:\/\/freeshopswiss.alesca.org\/shop\/cosrx-ahabha-clarifying-toner-150ml\/"},"modified":"2025-03-20T08:52:14","modified_gmt":"2025-03-20T08:52:14","slug":"cosrx-ahabha-clarifying-toner-150ml","status":"publish","type":"product","link":"https:\/\/www.freeshopfrontiera.ch\/de\/shop\/cosrx-ahabha-clarifying-toner-150ml\/","title":{"rendered":"COSRX AHA\/BHA Clarifying Toner 150ml"},"content":{"rendered":"<p data-start=\"1764\" data-end=\"2147\">Das <strong data-start=\"1768\" data-end=\"1812\">COSRX AHA\/BHA Clarifying Treatment Toner<\/strong> ist ein sanftes Peeling-Tonic, ideal f\u00fcr alle, die eine strahlendere, glattere und makellose Haut w\u00fcnschen. Dank der Kombination aus <strong data-start=\"1946\" data-end=\"2004\">Alpha-Hydroxys\u00e4uren (AHA) und Beta-Hydroxys\u00e4uren (BHA)<\/strong> entfernt es abgestorbene Hautzellen, beugt Mitessern und Unreinheiten vor und verbessert die Hautstruktur, ohne Irritationen zu verursachen.<\/p>\n<p data-start=\"2149\" data-end=\"2595\">Seine Formel enth\u00e4lt <strong data-start=\"2170\" data-end=\"2192\">Weidenrindenwasser<\/strong> und <strong data-start=\"2197\" data-end=\"2218\">Apfelfruchtwasser<\/strong>, zwei nat\u00fcrliche Inhaltsstoffe, die eine sanfte, aber effektive Exfoliation f\u00f6rdern, Unreinheiten und \u00fcbersch\u00fcssigen Talg entfernen und gleichzeitig die Haut mit Feuchtigkeit versorgen. <strong data-start=\"2405\" data-end=\"2412\">AHA<\/strong> wirkt an der Oberfl\u00e4che, um die Strahlkraft und Festigkeit der Haut zu verbessern, w\u00e4hrend <strong data-start=\"2504\" data-end=\"2511\">BHA<\/strong> tief in die Poren eindringt, um sie zu reinigen und Hautunreinheiten vorzubeugen.<\/p>\n<p data-start=\"2597\" data-end=\"3042\">Dank seiner leichten, alkoholfreien Textur erfrischt und harmonisiert das <strong data-start=\"2671\" data-end=\"2715\">COSRX AHA\/BHA Clarifying Treatment Toner<\/strong> die Haut, ohne sie auszutrocknen. Es ist ideal f\u00fcr <strong data-start=\"2767\" data-end=\"2785\">alle Hauttypen<\/strong>, einschlie\u00dflich empfindlicher Haut, da es hilft, den Feuchtigkeitshaushalt zu bewahren und gleichzeitig sanft zu exfolieren. Bei regelm\u00e4\u00dfiger Anwendung verfeinert es das Hautbild, reduziert Unebenheiten und sorgt f\u00fcr einen ebenm\u00e4\u00dfigen und gesunden Teint.<\/p>\n<p data-start=\"3044\" data-end=\"3278\">Die Anwendung ist schnell und einfach: <strong data-start=\"3083\" data-end=\"3144\">Einfach auf ein Wattepad oder direkt auf die Haut spr\u00fchen<\/strong> und sanft auf Gesicht und Hals auftragen \u2013 am besten nach der Reinigung. F\u00fcr sichtbare Ergebnisse kann es t\u00e4glich verwendet werden.<\/p>\n<p data-start=\"3280\" data-end=\"3640\">Die <strong data-start=\"3284\" data-end=\"3302\">150-ml-Flasche<\/strong> sorgt f\u00fcr eine langanhaltende Anwendung und ist eine praktische Erg\u00e4nzung zur t\u00e4glichen Hautpflege. <strong data-start=\"3403\" data-end=\"3430\">Dermatologisch getestet<\/strong> und frei von Parabenen, Sulfaten und k\u00fcnstlichen Duftstoffen ist das <strong data-start=\"3500\" data-end=\"3544\">COSRX AHA\/BHA Clarifying Treatment Toner<\/strong> ein Must-have f\u00fcr alle, die einen strahlenden, gleichm\u00e4\u00dfigen und makellosen Teint w\u00fcnschen.<\/p>\n<p data-start=\"1502\" data-end=\"1815\" data-is-last-node=\"\" data-is-only-node=\"\">Follow us! <a href=\"https:\/\/www.instagram.com\/freeshopswiss\/\" target=\"_blank\" rel=\"noopener\">@freeshopswiss<\/a><\/p>\n","protected":false},"excerpt":{"rendered":"<p>Das COSRX AHA\/BHA Clarifying Treatment Toner ist ein sanftes Peeling-Tonic, ideal f\u00fcr alle, die eine strahlendere, glattere und makellose Haut w\u00fcnschen. Dank der Kombination aus Alpha-Hydroxys\u00e4uren (AHA) und Beta-Hydroxys\u00e4uren (BHA) entfernt es abgestorbene Hautzellen, beugt Mitessern und Unreinheiten vor und verbessert die Hautstruktur, ohne Irritationen zu verursachen. Seine Formel enth\u00e4lt Weidenrindenwasser und Apfelfruchtwasser, zwei nat\u00fcrliche [&hellip;]<\/p>\n","protected":false},"featured_media":19668,"comment_status":"open","ping_status":"closed","template":"","meta":[],"pwb-brand":[576],"product_brand":[],"product_cat":[292,111,546,3769],"product_tag":[419,293,300,3612],"class_list":{"0":"post-19673","1":"product","2":"type-product","3":"status-publish","4":"has-post-thumbnail","6":"pwb-brand-cosrx","7":"product_cat-behandlungen","8":"product_cat-fur-sie-de","9":"product_cat-gesichtsbehandlung","10":"product_cat-k-beauty-de","11":"product_tag-behandlungen-de","12":"product_tag-frau","13":"product_tag-gesichtsbehandlungen","14":"product_tag-k-beauty-de","16":"first","17":"instock","18":"sale","19":"taxable","20":"shipping-taxable","21":"purchasable","22":"product-type-simple"},"brands":[{"id":576,"name":"Cosrx","slug":"cosrx"}],"_links":{"self":[{"href":"https:\/\/www.freeshopfrontiera.ch\/de\/wp-json\/wp\/v2\/product\/19673","targetHints":{"allow":["GET"]}}],"collection":[{"href":"https:\/\/www.freeshopfrontiera.ch\/de\/wp-json\/wp\/v2\/product"}],"about":[{"href":"https:\/\/www.freeshopfrontiera.ch\/de\/wp-json\/wp\/v2\/types\/product"}],"replies":[{"embeddable":true,"href":"https:\/\/www.freeshopfrontiera.ch\/de\/wp-json\/wp\/v2\/comments?post=19673"}],"version-history":[{"count":2,"href":"https:\/\/www.freeshopfrontiera.ch\/de\/wp-json\/wp\/v2\/product\/19673\/revisions"}],"predecessor-version":[{"id":19677,"href":"https:\/\/www.freeshopfrontiera.ch\/de\/wp-json\/wp\/v2\/product\/19673\/revisions\/19677"}],"wp:featuredmedia":[{"embeddable":true,"href":"https:\/\/www.freeshopfrontiera.ch\/de\/wp-json\/wp\/v2\/media\/19668"}],"wp:attachment":[{"href":"https:\/\/www.freeshopfrontiera.ch\/de\/wp-json\/wp\/v2\/media?parent=19673"}],"wp:term":[{"taxonomy":"pwb-brand","embeddable":true,"href":"https:\/\/www.freeshopfrontiera.ch\/de\/wp-json\/wp\/v2\/pwb-brand?post=19673"},{"taxonomy":"product_brand","embeddable":true,"href":"https:\/\/www.freeshopfrontiera.ch\/de\/wp-json\/wp\/v2\/product_brand?post=19673"},{"taxonomy":"product_cat","embeddable":true,"href":"https:\/\/www.freeshopfrontiera.ch\/de\/wp-json\/wp\/v2\/product_cat?post=19673"},{"taxonomy":"product_tag","embeddable":true,"href":"https:\/\/www.freeshopfrontiera.ch\/de\/wp-json\/wp\/v2\/product_tag?post=19673"}],"curies":[{"name":"wp","href":"https:\/\/api.w.org\/{rel}","templated":true}]}}