{"id":19689,"date":"2025-03-20T09:05:25","date_gmt":"2025-03-20T09:05:25","guid":{"rendered":"https:\/\/freeshopswiss.alesca.org\/shop\/haru-haru-black-rice-moisture-5-5-soft-cleansing-gel\/"},"modified":"2025-03-20T09:10:34","modified_gmt":"2025-03-20T09:10:34","slug":"haru-haru-black-rice-moisture-5-5-soft-cleansing-gel","status":"publish","type":"product","link":"https:\/\/www.freeshopfrontiera.ch\/de\/shop\/haru-haru-black-rice-moisture-5-5-soft-cleansing-gel\/","title":{"rendered":"HARU HARU Black Rice Moisture 5.5 Soft Cleansing Gel"},"content":{"rendered":"<p data-start=\"1637\" data-end=\"2000\">Das <strong data-start=\"1641\" data-end=\"1697\">HARU HARU Black Rice Moisture 5.5 Soft Cleansing Gel<\/strong> ist ein sanfter Gesichtsreiniger, der die Haut gr\u00fcndlich reinigt, ohne ihr nat\u00fcrliches Gleichgewicht zu st\u00f6ren. Mit seiner weichen, erfrischenden Gel-Textur entfernt es effektiv Unreinheiten, \u00fcbersch\u00fcssigen Talg und Make-up-R\u00fcckst\u00e4nde und hinterl\u00e4sst die Haut hydratisiert, geschmeidig und strahlend.<\/p>\n<p data-start=\"2002\" data-end=\"2518\">Der Hauptbestandteil ist <strong data-start=\"2027\" data-end=\"2067\">fermentierter schwarzer Reis-Extrakt<\/strong>, bekannt f\u00fcr seine au\u00dfergew\u00f6hnlichen antioxidativen und n\u00e4hrenden Eigenschaften. Reich an Polyphenolen und Flavonoiden sch\u00fctzt er die Haut vor oxidativem Stress und Umweltsch\u00e4den und verbessert gleichzeitig ihre Elastizit\u00e4t und Leuchtkraft. Zus\u00e4tzlich wirken <strong data-start=\"2327\" data-end=\"2349\">nat\u00fcrliches Betain<\/strong> und <strong data-start=\"2354\" data-end=\"2367\">Panthenol<\/strong> zusammen, um die Haut zu beruhigen und mit Feuchtigkeit zu versorgen, wodurch Trockenheit oder Spannungsgef\u00fchle nach der Reinigung vermieden werden.<\/p>\n<p data-start=\"2520\" data-end=\"2802\">Die Formel hat einen <strong data-start=\"2541\" data-end=\"2575\">ausgeglichenen pH-Wert von 5.5<\/strong>, der die Schutzbarriere der Haut respektiert und sie weich und angenehm h\u00e4lt. Frei von aggressiven Sulfaten, Parabenen und k\u00fcnstlichen Duftstoffen ist dieser Reiniger auch ideal f\u00fcr <strong data-start=\"2758\" data-end=\"2799\">empfindliche und leicht reizbare Haut<\/strong>.<\/p>\n<p data-start=\"2804\" data-end=\"3133\">Die Anwendung ist einfach: Eine kleine Menge auf die feuchte Haut auftragen, sanft in kreisenden Bewegungen einmassieren, um einen leichten Schaum zu erzeugen, und mit lauwarmem Wasser absp\u00fclen. Nach der Anwendung f\u00fchlt sich die Haut frisch, sauber und ausgeglichen an \u2013 bereit f\u00fcr die n\u00e4chsten Schritte der Hautpflege-Routine.<\/p>\n<p data-start=\"3135\" data-end=\"3441\">Das <strong data-start=\"3139\" data-end=\"3195\">HARU HARU Black Rice Moisture 5.5 Soft Cleansing Gel<\/strong> ist ideal f\u00fcr alle, die eine effektive, aber sanfte Reinigung suchen, die die nat\u00fcrliche Feuchtigkeit der Haut bewahrt und sie weich, elastisch und sichtbar ges\u00fcnder macht. Ein Must-have f\u00fcr eine ausgewogene und nat\u00fcrliche Hautpflegeroutine!<\/p>\n<p>&nbsp;<\/p>\n<p>Follow us! <a href=\"https:\/\/www.instagram.com\/freeshopswiss\/\" target=\"_blank\" rel=\"noopener\">@freeshopswiss<\/a><\/p>\n","protected":false},"excerpt":{"rendered":"<p>Das HARU HARU Black Rice Moisture 5.5 Soft Cleansing Gel ist ein sanfter Gesichtsreiniger, der die Haut gr\u00fcndlich reinigt, ohne ihr nat\u00fcrliches Gleichgewicht zu st\u00f6ren. Mit seiner weichen, erfrischenden Gel-Textur entfernt es effektiv Unreinheiten, \u00fcbersch\u00fcssigen Talg und Make-up-R\u00fcckst\u00e4nde und hinterl\u00e4sst die Haut hydratisiert, geschmeidig und strahlend. Der Hauptbestandteil ist fermentierter schwarzer Reis-Extrakt, bekannt f\u00fcr seine [&hellip;]<\/p>\n","protected":false},"featured_media":19685,"comment_status":"open","ping_status":"closed","template":"","meta":[],"pwb-brand":[575],"product_brand":[],"product_cat":[292,546],"product_tag":[419,293,300],"class_list":{"0":"post-19689","1":"product","2":"type-product","3":"status-publish","4":"has-post-thumbnail","6":"pwb-brand-haru-haru","7":"product_cat-behandlungen","8":"product_cat-gesichtsbehandlung","9":"product_tag-behandlungen-de","10":"product_tag-frau","11":"product_tag-gesichtsbehandlungen","13":"first","14":"outofstock","15":"sale","16":"taxable","17":"shipping-taxable","18":"purchasable","19":"product-type-simple"},"brands":[{"id":575,"name":"HARU HARU","slug":"haru-haru"}],"_links":{"self":[{"href":"https:\/\/www.freeshopfrontiera.ch\/de\/wp-json\/wp\/v2\/product\/19689","targetHints":{"allow":["GET"]}}],"collection":[{"href":"https:\/\/www.freeshopfrontiera.ch\/de\/wp-json\/wp\/v2\/product"}],"about":[{"href":"https:\/\/www.freeshopfrontiera.ch\/de\/wp-json\/wp\/v2\/types\/product"}],"replies":[{"embeddable":true,"href":"https:\/\/www.freeshopfrontiera.ch\/de\/wp-json\/wp\/v2\/comments?post=19689"}],"version-history":[{"count":2,"href":"https:\/\/www.freeshopfrontiera.ch\/de\/wp-json\/wp\/v2\/product\/19689\/revisions"}],"predecessor-version":[{"id":19692,"href":"https:\/\/www.freeshopfrontiera.ch\/de\/wp-json\/wp\/v2\/product\/19689\/revisions\/19692"}],"wp:featuredmedia":[{"embeddable":true,"href":"https:\/\/www.freeshopfrontiera.ch\/de\/wp-json\/wp\/v2\/media\/19685"}],"wp:attachment":[{"href":"https:\/\/www.freeshopfrontiera.ch\/de\/wp-json\/wp\/v2\/media?parent=19689"}],"wp:term":[{"taxonomy":"pwb-brand","embeddable":true,"href":"https:\/\/www.freeshopfrontiera.ch\/de\/wp-json\/wp\/v2\/pwb-brand?post=19689"},{"taxonomy":"product_brand","embeddable":true,"href":"https:\/\/www.freeshopfrontiera.ch\/de\/wp-json\/wp\/v2\/product_brand?post=19689"},{"taxonomy":"product_cat","embeddable":true,"href":"https:\/\/www.freeshopfrontiera.ch\/de\/wp-json\/wp\/v2\/product_cat?post=19689"},{"taxonomy":"product_tag","embeddable":true,"href":"https:\/\/www.freeshopfrontiera.ch\/de\/wp-json\/wp\/v2\/product_tag?post=19689"}],"curies":[{"name":"wp","href":"https:\/\/api.w.org\/{rel}","templated":true}]}}