{"id":19703,"date":"2025-03-20T09:38:22","date_gmt":"2025-03-20T09:38:22","guid":{"rendered":"https:\/\/freeshopswiss.alesca.org\/shop\/arrogance-set-shower-gel-body-lotion\/"},"modified":"2025-03-20T12:44:11","modified_gmt":"2025-03-20T12:44:11","slug":"arrogance-set-shower-gel-body-lotion","status":"publish","type":"product","link":"https:\/\/www.freeshopfrontiera.ch\/de\/shop\/arrogance-set-shower-gel-body-lotion\/","title":{"rendered":"ARROGANCE SET Pour Femme Shower Gel + Body Lotion"},"content":{"rendered":"<p data-start=\"1560\" data-end=\"1960\">Das <strong>ARROGANCE SET Pour Femme<\/strong>\u00a0ist ein elegantes Geschenkset, das <strong data-start=\"1628\" data-end=\"1646\">200ml Duschgel<\/strong> und <strong data-start=\"1651\" data-end=\"1673\">200ml K\u00f6rperlotion<\/strong> enth\u00e4lt \u2013 perfekt, um die Haut in einen edlen und zeitlosen Duft zu h\u00fcllen. Ideal f\u00fcr alle, die eine vollst\u00e4ndige Beauty-Routine genie\u00dfen m\u00f6chten, kombiniert dieses Set Reinigung und Feuchtigkeitspflege und hinterl\u00e4sst die Haut den ganzen Tag \u00fcber weich, geschmeidig und zart duftend.<\/p>\n<p data-start=\"1962\" data-end=\"2466\">Das <strong data-start=\"1966\" data-end=\"1978\">Duschgel<\/strong> reinigt die Haut mit einem sanften, umh\u00fcllenden Schaum, der Unreinheiten und Spuren des t\u00e4glichen Stresses entfernt. Seine mit feuchtigkeitsspendenden Inhaltsstoffen angereicherte Formel hilft, die Elastizit\u00e4t und Strahlkraft der Haut zu bewahren und sie vor dem Austrocknen zu sch\u00fctzen. Nach der Dusche f\u00fchlt sich die Haut frisch, revitalisiert und mit den zarten Noten von <strong data-start=\"2354\" data-end=\"2378\">Arrogance Pour Femme<\/strong> parf\u00fcmiert an \u2013 perfekt vorbereitet auf die nachfolgende Pflege mit der K\u00f6rperlotion.<\/p>\n<p data-start=\"2468\" data-end=\"2837\">Die <strong data-start=\"2472\" data-end=\"2488\">K\u00f6rperlotion<\/strong> vervollst\u00e4ndigt das Pflegeerlebnis mit einer seidigen und n\u00e4hrenden Textur, die schnell einzieht und langanhaltende Feuchtigkeit und Wohlgef\u00fchl spendet. Die Haut wirkt sofort glatter, weicher und ist in den raffinierten Duft von <strong data-start=\"2718\" data-end=\"2742\">Arrogance Set Pour Femme<\/strong> geh\u00fcllt \u2013 eine elegante und feminine Komposition, die Sinnlichkeit und Charme unterstreicht.<\/p>\n<p data-start=\"2839\" data-end=\"3155\">Geeignet f\u00fcr alle Hauttypen, ist dieses Set ideal f\u00fcr die t\u00e4gliche Anwendung und eine wunderbare Geschenkidee f\u00fcr alle, die sich mit hochwertigen Pflegeprodukten verw\u00f6hnen m\u00f6chten. Mit dem<strong data-start=\"3028\" data-end=\"3056\">\u00a0SET<\/strong> wird jeder Tag zu einem Moment purer Eleganz und Genuss \u2013 eine luxuri\u00f6se K\u00f6rperpflege-Routine.<\/p>\n<p data-start=\"1229\" data-end=\"1565\" data-is-last-node=\"\" data-is-only-node=\"\">Follow us! <a href=\"https:\/\/www.instagram.com\/freeshopswiss\/\" target=\"_blank\" rel=\"noopener\">@freeshopswiss<\/a><\/p>\n","protected":false},"excerpt":{"rendered":"<p>Das ARROGANCE SET Pour Femme\u00a0ist ein elegantes Geschenkset, das 200ml Duschgel und 200ml K\u00f6rperlotion enth\u00e4lt \u2013 perfekt, um die Haut in einen edlen und zeitlosen Duft zu h\u00fcllen. Ideal f\u00fcr alle, die eine vollst\u00e4ndige Beauty-Routine genie\u00dfen m\u00f6chten, kombiniert dieses Set Reinigung und Feuchtigkeitspflege und hinterl\u00e4sst die Haut den ganzen Tag \u00fcber weich, geschmeidig und zart [&hellip;]<\/p>\n","protected":false},"featured_media":19699,"comment_status":"open","ping_status":"closed","template":"","meta":[],"pwb-brand":[398],"product_brand":[],"product_cat":[111,485],"product_tag":[419,462,460],"class_list":{"0":"post-19703","1":"product","2":"type-product","3":"status-publish","4":"has-post-thumbnail","6":"pwb-brand-arrogance","7":"product_cat-fur-sie-de","8":"product_cat-geschenkbox","9":"product_tag-behandlungen-de","10":"product_tag-geschenkset-fuer-damen","11":"product_tag-parfuem-geschenkset","13":"first","14":"outofstock","15":"sale","16":"taxable","17":"shipping-taxable","18":"purchasable","19":"product-type-simple"},"brands":[{"id":398,"name":"Arrogance","slug":"arrogance"}],"_links":{"self":[{"href":"https:\/\/www.freeshopfrontiera.ch\/de\/wp-json\/wp\/v2\/product\/19703","targetHints":{"allow":["GET"]}}],"collection":[{"href":"https:\/\/www.freeshopfrontiera.ch\/de\/wp-json\/wp\/v2\/product"}],"about":[{"href":"https:\/\/www.freeshopfrontiera.ch\/de\/wp-json\/wp\/v2\/types\/product"}],"replies":[{"embeddable":true,"href":"https:\/\/www.freeshopfrontiera.ch\/de\/wp-json\/wp\/v2\/comments?post=19703"}],"version-history":[{"count":4,"href":"https:\/\/www.freeshopfrontiera.ch\/de\/wp-json\/wp\/v2\/product\/19703\/revisions"}],"predecessor-version":[{"id":19828,"href":"https:\/\/www.freeshopfrontiera.ch\/de\/wp-json\/wp\/v2\/product\/19703\/revisions\/19828"}],"wp:featuredmedia":[{"embeddable":true,"href":"https:\/\/www.freeshopfrontiera.ch\/de\/wp-json\/wp\/v2\/media\/19699"}],"wp:attachment":[{"href":"https:\/\/www.freeshopfrontiera.ch\/de\/wp-json\/wp\/v2\/media?parent=19703"}],"wp:term":[{"taxonomy":"pwb-brand","embeddable":true,"href":"https:\/\/www.freeshopfrontiera.ch\/de\/wp-json\/wp\/v2\/pwb-brand?post=19703"},{"taxonomy":"product_brand","embeddable":true,"href":"https:\/\/www.freeshopfrontiera.ch\/de\/wp-json\/wp\/v2\/product_brand?post=19703"},{"taxonomy":"product_cat","embeddable":true,"href":"https:\/\/www.freeshopfrontiera.ch\/de\/wp-json\/wp\/v2\/product_cat?post=19703"},{"taxonomy":"product_tag","embeddable":true,"href":"https:\/\/www.freeshopfrontiera.ch\/de\/wp-json\/wp\/v2\/product_tag?post=19703"}],"curies":[{"name":"wp","href":"https:\/\/api.w.org\/{rel}","templated":true}]}}