{"id":19729,"date":"2025-03-20T10:32:56","date_gmt":"2025-03-20T10:32:56","guid":{"rendered":"https:\/\/freeshopswiss.alesca.org\/shop\/dsquared2-set-original-wood-men\/"},"modified":"2025-03-20T11:55:12","modified_gmt":"2025-03-20T11:55:12","slug":"dsquared2-set-original-wood-men","status":"publish","type":"product","link":"https:\/\/www.freeshopfrontiera.ch\/de\/shop\/dsquared2-set-original-wood-men\/","title":{"rendered":"DSQUARED2 SET Original Wood Men"},"content":{"rendered":"<p data-start=\"1454\" data-end=\"1811\">Das <strong data-start=\"1458\" data-end=\"1493\">DSQUARED2 Original Wood Men SET<\/strong> ist ein exklusives Geschenkset f\u00fcr den modernen Mann, der sich mit einem intensiven, raffinierten und authentischen Duft von der Masse abheben m\u00f6chte. Das Set enth\u00e4lt das <strong data-start=\"1665\" data-end=\"1688\">100ml Eau de Parfum<\/strong> sowie ein praktisches <strong data-start=\"1711\" data-end=\"1745\">30ml Travel Size Eau de Parfum<\/strong>, ideal, um den charakteristischen Duft immer bei sich zu haben.<\/p>\n<p data-start=\"1813\" data-end=\"2275\"><strong data-start=\"1813\" data-end=\"1834\">Original Wood Men<\/strong> ist ein holzig-aromatischer Duft, der St\u00e4rke, Charakter und nat\u00fcrliche Eleganz verk\u00f6rpert. Die Kopfnote er\u00f6ffnet mit <strong data-start=\"1952\" data-end=\"2001\">kalabrischer Bergamotte, Zitrone und Gew\u00fcrzen<\/strong>, die eine dynamische und raffinierte Frische verleihen. Im Herzen sorgt eine warme Mischung aus <strong data-start=\"2098\" data-end=\"2132\">Veilchen, Kardamom und Vetiver<\/strong> f\u00fcr Tiefe und Sinnlichkeit. Die Basisnote mit <strong data-start=\"2179\" data-end=\"2215\">Zedernholz, Ambroxan und Moschus<\/strong> verleiht dem Duft eine geheimnisvolle und maskuline Note.<\/p>\n<p data-start=\"2277\" data-end=\"2639\">Das <strong data-start=\"2281\" data-end=\"2319\">schlichte, maskuline Flakon-Design<\/strong> erinnert an die nat\u00fcrliche Eleganz von Holz, ein charakteristisches Element von DSQUARED2, das f\u00fcr St\u00e4rke, Authentizit\u00e4t und die Verbundenheit mit der Natur steht. Die <strong data-start=\"2488\" data-end=\"2505\">100ml-Flasche<\/strong> ist ideal f\u00fcr den t\u00e4glichen Gebrauch, w\u00e4hrend das praktische <strong data-start=\"2567\" data-end=\"2587\">30ml Travel Size<\/strong> jederzeit eine Auffrischung des Dufts erm\u00f6glicht.<\/p>\n<p data-start=\"2641\" data-end=\"2938\">Perfekt f\u00fcr M\u00e4nner, die einen anspruchsvollen und modernen Duft suchen, ist das <strong data-start=\"2721\" data-end=\"2756\">DSQUARED2 Original Wood Men SET<\/strong> eine ausgezeichnete Geschenkidee f\u00fcr selbstbewusste, dynamische M\u00e4nner mit einem unverwechselbaren Stil. Ein einzigartiges Dufterlebnis, das einen bleibenden Eindruck hinterl\u00e4sst.<\/p>\n<p>Follow us! <a href=\"https:\/\/www.instagram.com\/freeshopswiss\/\" target=\"_blank\" rel=\"noopener\">@freeshopswiss<\/a><\/p>\n","protected":false},"excerpt":{"rendered":"<p>Das DSQUARED2 Original Wood Men SET ist ein exklusives Geschenkset f\u00fcr den modernen Mann, der sich mit einem intensiven, raffinierten und authentischen Duft von der Masse abheben m\u00f6chte. Das Set enth\u00e4lt das 100ml Eau de Parfum sowie ein praktisches 30ml Travel Size Eau de Parfum, ideal, um den charakteristischen Duft immer bei sich zu haben. [&hellip;]<\/p>\n","protected":false},"featured_media":39673,"comment_status":"open","ping_status":"closed","template":"","meta":[],"pwb-brand":[578],"product_brand":[],"product_cat":[86,485,4193],"product_tag":[462,953,460],"class_list":{"0":"post-19729","1":"product","2":"type-product","3":"status-publish","4":"has-post-thumbnail","6":"pwb-brand-dsquared2","7":"product_cat-fur-ihn-de","8":"product_cat-geschenkbox","9":"product_cat-sets-aktion","10":"product_tag-geschenkset-fuer-damen","11":"product_tag-uomo-de","12":"product_tag-parfuem-geschenkset","14":"first","15":"instock","16":"sale","17":"taxable","18":"shipping-taxable","19":"purchasable","20":"product-type-simple"},"brands":[{"id":578,"name":"Dsquared2","slug":"dsquared2"}],"_links":{"self":[{"href":"https:\/\/www.freeshopfrontiera.ch\/de\/wp-json\/wp\/v2\/product\/19729","targetHints":{"allow":["GET"]}}],"collection":[{"href":"https:\/\/www.freeshopfrontiera.ch\/de\/wp-json\/wp\/v2\/product"}],"about":[{"href":"https:\/\/www.freeshopfrontiera.ch\/de\/wp-json\/wp\/v2\/types\/product"}],"replies":[{"embeddable":true,"href":"https:\/\/www.freeshopfrontiera.ch\/de\/wp-json\/wp\/v2\/comments?post=19729"}],"version-history":[{"count":1,"href":"https:\/\/www.freeshopfrontiera.ch\/de\/wp-json\/wp\/v2\/product\/19729\/revisions"}],"predecessor-version":[{"id":19735,"href":"https:\/\/www.freeshopfrontiera.ch\/de\/wp-json\/wp\/v2\/product\/19729\/revisions\/19735"}],"wp:featuredmedia":[{"embeddable":true,"href":"https:\/\/www.freeshopfrontiera.ch\/de\/wp-json\/wp\/v2\/media\/39673"}],"wp:attachment":[{"href":"https:\/\/www.freeshopfrontiera.ch\/de\/wp-json\/wp\/v2\/media?parent=19729"}],"wp:term":[{"taxonomy":"pwb-brand","embeddable":true,"href":"https:\/\/www.freeshopfrontiera.ch\/de\/wp-json\/wp\/v2\/pwb-brand?post=19729"},{"taxonomy":"product_brand","embeddable":true,"href":"https:\/\/www.freeshopfrontiera.ch\/de\/wp-json\/wp\/v2\/product_brand?post=19729"},{"taxonomy":"product_cat","embeddable":true,"href":"https:\/\/www.freeshopfrontiera.ch\/de\/wp-json\/wp\/v2\/product_cat?post=19729"},{"taxonomy":"product_tag","embeddable":true,"href":"https:\/\/www.freeshopfrontiera.ch\/de\/wp-json\/wp\/v2\/product_tag?post=19729"}],"curies":[{"name":"wp","href":"https:\/\/api.w.org\/{rel}","templated":true}]}}