{"id":19822,"date":"2025-03-20T12:34:52","date_gmt":"2025-03-20T12:34:52","guid":{"rendered":"https:\/\/freeshopswiss.alesca.org\/shop\/moschino-set-toy-2-bubble-gum\/"},"modified":"2025-03-20T12:40:51","modified_gmt":"2025-03-20T12:40:51","slug":"moschino-set-toy-2-bubble-gum","status":"publish","type":"product","link":"https:\/\/www.freeshopfrontiera.ch\/de\/shop\/moschino-set-toy-2-bubble-gum\/","title":{"rendered":"MOSCHINO SET Toy 2 Bubble Gum"},"content":{"rendered":"<p data-start=\"3556\" data-end=\"3894\">Das <strong data-start=\"3560\" data-end=\"3593\">MOSCHINO SET Toy 2 Bubble Gum<\/strong> ist ein unwiderstehliches Geschenkset, das die verspielte und unbeschwerte Essenz des ikonischen <strong data-start=\"3691\" data-end=\"3727\">Toy 2 Bubble Gum Eau de Toilette<\/strong> einf\u00e4ngt. Dieses exklusive Set enth\u00e4lt das <strong data-start=\"3771\" data-end=\"3786\">50ml Parfum<\/strong>, eine <strong data-start=\"3793\" data-end=\"3812\">50ml Bodylotion<\/strong> und ein <strong data-start=\"3821\" data-end=\"3838\">50ml Duschgel<\/strong>, ideal f\u00fcr eine s\u00fc\u00dfe und erfrischende Beauty-Routine.<\/p>\n<p data-start=\"3896\" data-end=\"4434\">Das <strong data-start=\"3900\" data-end=\"3936\">Toy 2 Bubble Gum Eau de Toilette<\/strong> ist ein fr\u00f6hlicher und verf\u00fchrerischer Duft, der eine <strong data-start=\"3991\" data-end=\"4035\">Explosion aus fruchtigen und s\u00fc\u00dfen Noten<\/strong> kombiniert und die Freude von rosa Kaugummi hervorruft. Die spritzigen Kopfnoten aus Zitrusfr\u00fcchten und kandierten Fr\u00fcchten verschmelzen mit einem blumigen Herzen aus bulgarischer Rose und saftigem Pfirsich und kreieren so einen femininen und einh\u00fcllenden Duft. Die Basisnoten aus Moschus, Ambroxan und s\u00fc\u00dfen H\u00f6lzern verleihen Tiefe und Sinnlichkeit und gleichen die anf\u00e4ngliche S\u00fc\u00dfe perfekt aus.<\/p>\n<p data-start=\"4436\" data-end=\"4728\">Das <strong data-start=\"4440\" data-end=\"4469\">Toy 2 Bubble Gum Duschgel<\/strong> verwandelt jede Dusche in einen Moment voller Spa\u00df und S\u00fc\u00dfe und umh\u00fcllt die Haut mit seinem charakteristischen fruchtig-zuckerigen Duft. Seine weiche und sanfte Textur reinigt, ohne die Haut auszutrocknen, und hinterl\u00e4sst ein frisches und duftendes Gef\u00fchl.<\/p>\n<p data-start=\"4730\" data-end=\"5000\">Die <strong data-start=\"4734\" data-end=\"4765\">Toy 2 Bubble Gum Bodylotion<\/strong>, leicht und feuchtigkeitsspendend, pflegt die Haut und hinterl\u00e4sst sie samtweich und angenehm duftend. Ihre schnell einziehende Formel sorgt f\u00fcr langanhaltenden Komfort und Geschmeidigkeit und ist perfekt f\u00fcr die t\u00e4gliche Anwendung.<\/p>\n<p data-start=\"5002\" data-end=\"5302\">Mit seinem ikonischen, teddyb\u00e4rf\u00f6rmigen Flakon in einem lebhaften Rosaton ist dieses Set das perfekte Geschenk f\u00fcr alle, die einzigartige D\u00fcfte und Moschinos ausgefallenen Stil lieben. Ein ideales Set f\u00fcr Frauen, die ihre Pers\u00f6nlichkeit mit einer Prise S\u00fc\u00dfe und Originalit\u00e4t unterstreichen m\u00f6chten.<\/p>\n<p data-start=\"1466\" data-end=\"1774\">Follow us! <a href=\"https:\/\/www.instagram.com\/freeshopswiss\/\" target=\"_blank\" rel=\"noopener\">@freeshopswiss<\/a><\/p>\n","protected":false},"excerpt":{"rendered":"<p>Das MOSCHINO SET Toy 2 Bubble Gum ist ein unwiderstehliches Geschenkset, das die verspielte und unbeschwerte Essenz des ikonischen Toy 2 Bubble Gum Eau de Toilette einf\u00e4ngt. Dieses exklusive Set enth\u00e4lt das 50ml Parfum, eine 50ml Bodylotion und ein 50ml Duschgel, ideal f\u00fcr eine s\u00fc\u00dfe und erfrischende Beauty-Routine. Das Toy 2 Bubble Gum Eau de [&hellip;]<\/p>\n","protected":false},"featured_media":19818,"comment_status":"open","ping_status":"closed","template":"","meta":[],"pwb-brand":[379],"product_brand":[],"product_cat":[111,485],"product_tag":[293,462,460],"class_list":{"0":"post-19822","1":"product","2":"type-product","3":"status-publish","4":"has-post-thumbnail","6":"pwb-brand-moschino","7":"product_cat-fur-sie-de","8":"product_cat-geschenkbox","9":"product_tag-frau","10":"product_tag-geschenkset-fuer-damen","11":"product_tag-parfuem-geschenkset","13":"first","14":"outofstock","15":"sale","16":"taxable","17":"shipping-taxable","18":"purchasable","19":"product-type-simple"},"brands":[{"id":379,"name":"Moschino","slug":"moschino"}],"_links":{"self":[{"href":"https:\/\/www.freeshopfrontiera.ch\/de\/wp-json\/wp\/v2\/product\/19822","targetHints":{"allow":["GET"]}}],"collection":[{"href":"https:\/\/www.freeshopfrontiera.ch\/de\/wp-json\/wp\/v2\/product"}],"about":[{"href":"https:\/\/www.freeshopfrontiera.ch\/de\/wp-json\/wp\/v2\/types\/product"}],"replies":[{"embeddable":true,"href":"https:\/\/www.freeshopfrontiera.ch\/de\/wp-json\/wp\/v2\/comments?post=19822"}],"version-history":[{"count":1,"href":"https:\/\/www.freeshopfrontiera.ch\/de\/wp-json\/wp\/v2\/product\/19822\/revisions"}],"predecessor-version":[{"id":19827,"href":"https:\/\/www.freeshopfrontiera.ch\/de\/wp-json\/wp\/v2\/product\/19822\/revisions\/19827"}],"wp:featuredmedia":[{"embeddable":true,"href":"https:\/\/www.freeshopfrontiera.ch\/de\/wp-json\/wp\/v2\/media\/19818"}],"wp:attachment":[{"href":"https:\/\/www.freeshopfrontiera.ch\/de\/wp-json\/wp\/v2\/media?parent=19822"}],"wp:term":[{"taxonomy":"pwb-brand","embeddable":true,"href":"https:\/\/www.freeshopfrontiera.ch\/de\/wp-json\/wp\/v2\/pwb-brand?post=19822"},{"taxonomy":"product_brand","embeddable":true,"href":"https:\/\/www.freeshopfrontiera.ch\/de\/wp-json\/wp\/v2\/product_brand?post=19822"},{"taxonomy":"product_cat","embeddable":true,"href":"https:\/\/www.freeshopfrontiera.ch\/de\/wp-json\/wp\/v2\/product_cat?post=19822"},{"taxonomy":"product_tag","embeddable":true,"href":"https:\/\/www.freeshopfrontiera.ch\/de\/wp-json\/wp\/v2\/product_tag?post=19822"}],"curies":[{"name":"wp","href":"https:\/\/api.w.org\/{rel}","templated":true}]}}