{"id":20354,"date":"2025-03-21T15:02:45","date_gmt":"2025-03-21T15:02:45","guid":{"rendered":"https:\/\/freeshopswiss.alesca.org\/shop\/collistar-set-volume-unico\/"},"modified":"2025-03-21T15:35:29","modified_gmt":"2025-03-21T15:35:29","slug":"collistar-set-volume-unico","status":"publish","type":"product","link":"https:\/\/www.freeshopfrontiera.ch\/de\/shop\/collistar-set-volume-unico\/","title":{"rendered":"COLLISTAR SET Volume Unico"},"content":{"rendered":"<p data-start=\"1601\" data-end=\"2003\">Das <strong data-start=\"1605\" data-end=\"1635\">Collistar Make-up Set 2024<\/strong> ist die perfekte Geschenkidee f\u00fcr Make-up-Liebhaber, die die Sch\u00f6nheit ihrer Augen mit hochwertigen Produkten betonen m\u00f6chten. Dieses exklusive Set enth\u00e4lt drei unverzichtbare Produkte, die einen intensiven, definierten Look schaffen, sowie eine stilvolle <strong data-start=\"1892\" data-end=\"1906\">Beauty-Bag<\/strong> von <strong data-start=\"1911\" data-end=\"1925\">The Bridge<\/strong>, die ideal ist, um deine Lieblingsprodukte in eleganter Weise zu verstauen.<\/p>\n<p data-start=\"2005\" data-end=\"2343\">Der <strong data-start=\"2009\" data-end=\"2047\">Unico Mascara Volume Intense Black<\/strong> ist so formuliert, dass er den Wimpern Volumen und L\u00e4nge verleiht, sie pr\u00e4zise trennt und definiert. Die reichhaltige und cremige Textur, zusammen mit einem innovativen Applikator, erm\u00f6glicht einen volumisierenden und verl\u00e4ngernden Effekt ohne Klumpen, f\u00fcr einen tiefen und magnetischen Blick.<\/p>\n<p data-start=\"2345\" data-end=\"2711\">Der <strong data-start=\"2349\" data-end=\"2385\">Professionelle Schwarze Eyeliner<\/strong> ist ein zeitloser Klassiker, der dazu entwickelt wurde, die Augen mit einer weichen, intensiven Linie zu definieren. Die wasserfeste Formel sorgt f\u00fcr langanhaltende Haltbarkeit, w\u00e4hrend die cremige Textur ein einfaches Verwischen erm\u00f6glicht, was ihn perfekt f\u00fcr intensivere und vielseitige Looks f\u00fcr jede Gelegenheit macht.<\/p>\n<p data-start=\"2713\" data-end=\"2973\">Die <strong data-start=\"2717\" data-end=\"2746\">Beauty-Bag von The Bridge<\/strong> rundet das Set ab und verleiht ihm Eleganz und Funktionalit\u00e4t. Sie ist aus hochwertigen Materialien gefertigt und somit das ideale Accessoire, um deine Beauty-Produkte praktisch und gleichzeitig raffiniert zu transportieren.<\/p>\n<p data-start=\"2975\" data-end=\"3269\">Das <strong data-start=\"2979\" data-end=\"3009\">Collistar Make-up Set 2024<\/strong> ist das perfekte Geschenk f\u00fcr alle, die makelloses, anspruchsvolles Augen-Make-up w\u00fcnschen, mit leistungsstarken Produkten und elegantem Design. Ein Set, das die Sch\u00f6nheit auf nat\u00fcrliche und dauerhafte Weise unterstreicht, ideal f\u00fcr jeden Make-up-Liebhaber.<\/p>\n<p data-start=\"1416\" data-end=\"1691\" data-is-last-node=\"\" data-is-only-node=\"\">Follow us! <a href=\"https:\/\/www.instagram.com\/freeshopswiss\/\" target=\"_blank\" rel=\"noopener\">@freeshopswiss<\/a><\/p>\n","protected":false},"excerpt":{"rendered":"<p>Das Collistar Make-up Set 2024 ist die perfekte Geschenkidee f\u00fcr Make-up-Liebhaber, die die Sch\u00f6nheit ihrer Augen mit hochwertigen Produkten betonen m\u00f6chten. Dieses exklusive Set enth\u00e4lt drei unverzichtbare Produkte, die einen intensiven, definierten Look schaffen, sowie eine stilvolle Beauty-Bag von The Bridge, die ideal ist, um deine Lieblingsprodukte in eleganter Weise zu verstauen. Der Unico Mascara [&hellip;]<\/p>\n","protected":false},"featured_media":20350,"comment_status":"open","ping_status":"closed","template":"","meta":[],"pwb-brand":[437],"product_brand":[],"product_cat":[111,537,540,567],"product_tag":[470,462,473,476,460],"class_list":{"0":"post-20354","1":"product","2":"type-product","3":"status-publish","4":"has-post-thumbnail","6":"pwb-brand-collistar","7":"product_cat-fur-sie-de","8":"product_cat-augen-make-up","9":"product_cat-gesicht-make-up","10":"product_cat-make-up-de-2","11":"product_tag-augen-make-up","12":"product_tag-geschenkset-fuer-damen","13":"product_tag-gesichts-make-up","14":"product_tag-make-up-de","15":"product_tag-parfuem-geschenkset","17":"first","18":"outofstock","19":"sale","20":"taxable","21":"shipping-taxable","22":"purchasable","23":"product-type-simple"},"brands":[{"id":437,"name":"Collistar","slug":"collistar"}],"_links":{"self":[{"href":"https:\/\/www.freeshopfrontiera.ch\/de\/wp-json\/wp\/v2\/product\/20354","targetHints":{"allow":["GET"]}}],"collection":[{"href":"https:\/\/www.freeshopfrontiera.ch\/de\/wp-json\/wp\/v2\/product"}],"about":[{"href":"https:\/\/www.freeshopfrontiera.ch\/de\/wp-json\/wp\/v2\/types\/product"}],"replies":[{"embeddable":true,"href":"https:\/\/www.freeshopfrontiera.ch\/de\/wp-json\/wp\/v2\/comments?post=20354"}],"version-history":[{"count":2,"href":"https:\/\/www.freeshopfrontiera.ch\/de\/wp-json\/wp\/v2\/product\/20354\/revisions"}],"predecessor-version":[{"id":20360,"href":"https:\/\/www.freeshopfrontiera.ch\/de\/wp-json\/wp\/v2\/product\/20354\/revisions\/20360"}],"wp:featuredmedia":[{"embeddable":true,"href":"https:\/\/www.freeshopfrontiera.ch\/de\/wp-json\/wp\/v2\/media\/20350"}],"wp:attachment":[{"href":"https:\/\/www.freeshopfrontiera.ch\/de\/wp-json\/wp\/v2\/media?parent=20354"}],"wp:term":[{"taxonomy":"pwb-brand","embeddable":true,"href":"https:\/\/www.freeshopfrontiera.ch\/de\/wp-json\/wp\/v2\/pwb-brand?post=20354"},{"taxonomy":"product_brand","embeddable":true,"href":"https:\/\/www.freeshopfrontiera.ch\/de\/wp-json\/wp\/v2\/product_brand?post=20354"},{"taxonomy":"product_cat","embeddable":true,"href":"https:\/\/www.freeshopfrontiera.ch\/de\/wp-json\/wp\/v2\/product_cat?post=20354"},{"taxonomy":"product_tag","embeddable":true,"href":"https:\/\/www.freeshopfrontiera.ch\/de\/wp-json\/wp\/v2\/product_tag?post=20354"}],"curies":[{"name":"wp","href":"https:\/\/api.w.org\/{rel}","templated":true}]}}