{"id":20637,"date":"2025-03-24T14:36:12","date_gmt":"2025-03-24T14:36:12","guid":{"rendered":"https:\/\/freeshopswiss.alesca.org\/shop\/hugo-boss-hugo-deodorante\/"},"modified":"2025-03-24T14:40:37","modified_gmt":"2025-03-24T14:40:37","slug":"hugo-boss-hugo-deodorante","status":"publish","type":"product","link":"https:\/\/www.freeshopfrontiera.ch\/de\/shop\/hugo-boss-hugo-deodorante\/","title":{"rendered":"HUGO BOSS Hugo Deo"},"content":{"rendered":"<p class=\"\" data-start=\"1753\" data-end=\"2079\"><strong data-start=\"1753\" data-end=\"1787\">HUGO BOSS Hugo Deodorant Spray<\/strong> ist die perfekte Wahl f\u00fcr den modernen Mann, der den ganzen Tag \u00fcber Frische, Schutz und eine raffinierte Note sucht. Inspiriert vom ikonischen Duft <strong data-start=\"1937\" data-end=\"1949\">Hugo Man<\/strong>, vereint dieses Deodorant Wirksamkeit und Stil und sorgt f\u00fcr ein langanhaltendes Gef\u00fchl von Wohlbefinden und Selbstbewusstsein.<\/p>\n<p class=\"\" data-start=\"2081\" data-end=\"2699\">Seine erfrischende Formel sch\u00fctzt vor Schwei\u00df und unangenehmen Ger\u00fcchen und hinterl\u00e4sst eine lebendige, maskuline Duftnote auf der Haut. Die Kopfnote er\u00f6ffnet mit einer Explosion von Frische, mit Grapefruit und gr\u00fcnem Apfel, die Energie und Vitalit\u00e4t verleihen. Im Herzen entfalten sich aromatische Akzente von Lavendel, Basilikum und Salbei, die eine moderne und elegante Note hinzuf\u00fcgen und die Sinne in eine dynamische Duftkomposition h\u00fcllen. Schlie\u00dflich verleihen die Basisnoten aus edlen H\u00f6lzern, Moschus und Patchouli dem Duft Tiefe und Charakter und hinterlassen eine unverwechselbare und verf\u00fchrerische Spur.<\/p>\n<p class=\"\" data-start=\"2701\" data-end=\"3008\">Das praktische <strong data-start=\"2716\" data-end=\"2725\">150ml<\/strong>-Spray-Format ist ideal f\u00fcr die t\u00e4gliche Anwendung und bietet effektiven Schutz, ohne R\u00fcckst\u00e4nde zu hinterlassen. Perfekt f\u00fcr den Mann, der den Tag mit Selbstbewusstsein und Stil meistert \u2013 <strong data-start=\"2915\" data-end=\"2949\">HUGO BOSS Hugo Deodorant Spray<\/strong> ist ein unverzichtbarer Bestandteil jeder Pflegeroutine.<\/p>\n<p class=\"\" data-start=\"3010\" data-end=\"3364\">Kombiniere es mit dem <strong data-start=\"3032\" data-end=\"3044\">Hugo Man<\/strong> Eau de Toilette f\u00fcr ein komplettes und langanhaltendes Dufterlebnis. Ob f\u00fcr den Alltag oder besondere Anl\u00e4sse, dieses Deodorant ist der ideale Begleiter f\u00fcr alle, die sich mit intensiver und markanter Frische abheben m\u00f6chten. Erlebe das Vergn\u00fcgen eines unverwechselbaren Duftes mit <strong data-start=\"3327\" data-end=\"3361\">HUGO BOSS Hugo Deodorant Spray<\/strong>.<\/p>\n<p data-start=\"1147\" data-end=\"1335\">Follow us! <a href=\"https:\/\/www.instagram.com\/freeshopswiss\/\" target=\"_blank\" rel=\"noopener\">@freeshopswiss<\/a><\/p>\n","protected":false},"excerpt":{"rendered":"<p>HUGO BOSS Hugo Deodorant Spray ist die perfekte Wahl f\u00fcr den modernen Mann, der den ganzen Tag \u00fcber Frische, Schutz und eine raffinierte Note sucht. Inspiriert vom ikonischen Duft Hugo Man, vereint dieses Deodorant Wirksamkeit und Stil und sorgt f\u00fcr ein langanhaltendes Gef\u00fchl von Wohlbefinden und Selbstbewusstsein. Seine erfrischende Formel sch\u00fctzt vor Schwei\u00df und unangenehmen [&hellip;]<\/p>\n","protected":false},"featured_media":20633,"comment_status":"open","ping_status":"closed","template":"","meta":[],"pwb-brand":[260],"product_brand":[],"product_cat":[86,436],"product_tag":[408,953],"class_list":{"0":"post-20637","1":"product","2":"type-product","3":"status-publish","4":"has-post-thumbnail","6":"pwb-brand-hugo-boss","7":"product_cat-fur-ihn-de","8":"product_cat-deos","9":"product_tag-deodorants-de","10":"product_tag-uomo-de","12":"first","13":"instock","14":"sale","15":"taxable","16":"shipping-taxable","17":"purchasable","18":"product-type-simple"},"brands":[{"id":260,"name":"Hugo Boss","slug":"hugo-boss"}],"_links":{"self":[{"href":"https:\/\/www.freeshopfrontiera.ch\/de\/wp-json\/wp\/v2\/product\/20637","targetHints":{"allow":["GET"]}}],"collection":[{"href":"https:\/\/www.freeshopfrontiera.ch\/de\/wp-json\/wp\/v2\/product"}],"about":[{"href":"https:\/\/www.freeshopfrontiera.ch\/de\/wp-json\/wp\/v2\/types\/product"}],"replies":[{"embeddable":true,"href":"https:\/\/www.freeshopfrontiera.ch\/de\/wp-json\/wp\/v2\/comments?post=20637"}],"version-history":[{"count":2,"href":"https:\/\/www.freeshopfrontiera.ch\/de\/wp-json\/wp\/v2\/product\/20637\/revisions"}],"predecessor-version":[{"id":20641,"href":"https:\/\/www.freeshopfrontiera.ch\/de\/wp-json\/wp\/v2\/product\/20637\/revisions\/20641"}],"wp:featuredmedia":[{"embeddable":true,"href":"https:\/\/www.freeshopfrontiera.ch\/de\/wp-json\/wp\/v2\/media\/20633"}],"wp:attachment":[{"href":"https:\/\/www.freeshopfrontiera.ch\/de\/wp-json\/wp\/v2\/media?parent=20637"}],"wp:term":[{"taxonomy":"pwb-brand","embeddable":true,"href":"https:\/\/www.freeshopfrontiera.ch\/de\/wp-json\/wp\/v2\/pwb-brand?post=20637"},{"taxonomy":"product_brand","embeddable":true,"href":"https:\/\/www.freeshopfrontiera.ch\/de\/wp-json\/wp\/v2\/product_brand?post=20637"},{"taxonomy":"product_cat","embeddable":true,"href":"https:\/\/www.freeshopfrontiera.ch\/de\/wp-json\/wp\/v2\/product_cat?post=20637"},{"taxonomy":"product_tag","embeddable":true,"href":"https:\/\/www.freeshopfrontiera.ch\/de\/wp-json\/wp\/v2\/product_tag?post=20637"}],"curies":[{"name":"wp","href":"https:\/\/api.w.org\/{rel}","templated":true}]}}