{"id":20705,"date":"2025-03-24T16:07:51","date_gmt":"2025-03-24T16:07:51","guid":{"rendered":"https:\/\/freeshopswiss.alesca.org\/shop\/creed-centaurus\/"},"modified":"2025-07-29T09:32:24","modified_gmt":"2025-07-29T09:32:24","slug":"creed-centaurus","status":"publish","type":"product","link":"https:\/\/www.freeshopfrontiera.ch\/de\/shop\/creed-centaurus\/","title":{"rendered":"CREED Centaurus"},"content":{"rendered":"<p class=\"\" data-start=\"2119\" data-end=\"2567\"><strong data-start=\"2119\" data-end=\"2152\">CREED Centaurus Eau de Parfum<\/strong> ist ein Duft, der Gro\u00dfartigkeit und St\u00e4rke verk\u00f6rpert, eine Hommage an die Mythologie und die Kraft eines legend\u00e4ren Wesens. Inspiriert vom Zentauren, einer mythologischen Figur, die die Vereinigung von Mensch und Pferd darstellt, kombiniert dieser Duft Eleganz und K\u00fchnheit und hinterl\u00e4sst eine umh\u00fcllende und faszinierende Spur \u2013 ideal f\u00fcr diejenigen, die sich mit Charakter und Pers\u00f6nlichkeit abheben m\u00f6chten.<\/p>\n<p class=\"\" data-start=\"2569\" data-end=\"3023\">Die Komposition beginnt mit einem <strong data-start=\"2603\" data-end=\"2628\">frischen und w\u00fcrzigen<\/strong> Akkord, der sofort die Aufmerksamkeit auf sich zieht. Die <strong data-start=\"2687\" data-end=\"2699\">Kopfnote<\/strong> aus <strong data-start=\"2704\" data-end=\"2716\">Bergamot<\/strong> , <strong data-start=\"2719\" data-end=\"2730\">Zitrone<\/strong> und einem Hauch von <strong data-start=\"2751\" data-end=\"2767\">rosa Pfeffer<\/strong> sorgt f\u00fcr einen lebendigen und strahlenden Start, der die Sinne anregt und den Weg f\u00fcr die Entwicklung des Duftes bereitet. Diese frischen und sprudelnden Noten sind ideal f\u00fcr diejenigen, die einen Duft suchen, der sofort Energie und Vitalit\u00e4t verleiht.<\/p>\n<p class=\"\" data-start=\"3025\" data-end=\"3397\">Im <strong data-start=\"3028\" data-end=\"3036\">Herz<\/strong> verschmelzen <strong data-start=\"3050\" data-end=\"3066\">wei\u00dfe Blumen<\/strong> wie <strong data-start=\"3071\" data-end=\"3081\">Jasmin<\/strong> mit der Sinnlichkeit von <strong data-start=\"3107\" data-end=\"3120\">Patchouli<\/strong> und der Frische von <strong data-start=\"3141\" data-end=\"3151\">Leinen<\/strong>, wodurch eine raffinierte und edle Mischung entsteht. Dieses blumig-holzige Bouquet verleiht dem Duft Tiefe und Geheimnis, w\u00e4hrend die S\u00fc\u00dfe des Jasmins mit der Erdigkeit von Patchouli verschmilzt und eine Note nat\u00fcrlicher Verf\u00fchrung hinzuf\u00fcgt.<\/p>\n<p class=\"\" data-start=\"3399\" data-end=\"3720\">Die <strong data-start=\"3403\" data-end=\"3417\">Basisnoten<\/strong> entwickeln eine reiche, warme Holzspur. <strong data-start=\"3458\" data-end=\"3472\">Zedernholz<\/strong>, <strong data-start=\"3474\" data-end=\"3485\">Vetiver<\/strong> und <strong data-start=\"3490\" data-end=\"3499\">Amber<\/strong> erzeugen ein umh\u00fcllendes und kraftvolles Gef\u00fchl, das stundenlang auf der Haut verweilt. <strong data-start=\"3588\" data-end=\"3599\">Moschus<\/strong> und <strong data-start=\"3604\" data-end=\"3615\">Vanille<\/strong> f\u00fcgen eine raffinierte S\u00fc\u00dfe hinzu, die den Duft weich und einh\u00fcllend macht, jedoch immer mutig bleibt.<\/p>\n<p class=\"\" data-start=\"3722\" data-end=\"3933\">Die Flasche, elegant und raffiniert, spiegelt die Noblesse von <strong data-start=\"3785\" data-end=\"3804\">CREED Centaurus<\/strong> wider. Ihre edlen Linien und die tiefe Farbe des Glases symbolisieren das Geheimnis und die Macht, die diesen Duft definieren.<\/p>\n<p class=\"\" data-start=\"3935\" data-end=\"4277\"><strong data-start=\"3935\" data-end=\"3968\">CREED Centaurus Eau de Parfum<\/strong> wurde f\u00fcr den Mann entwickelt, der einen markanten Duft sucht, der St\u00e4rke und Stil kommuniziert, aber gleichzeitig eine Aura von Raffinesse und Klasse bewahrt. Perfekt f\u00fcr besondere Anl\u00e4sse und f\u00fcr diejenigen, die mit einem einzigartigen und umh\u00fcllenden Duft einen bleibenden Eindruck hinterlassen m\u00f6chten.<\/p>\n<p data-start=\"1799\" data-end=\"2105\">Follow us! <a href=\"https:\/\/www.instagram.com\/freeshopswiss\/\" target=\"_blank\" rel=\"noopener\">@freeshopswiss<\/a><\/p>\n","protected":false},"excerpt":{"rendered":"<p><em><strong>Eau de Parfum\u00a0<\/strong><\/em><\/p>\n","protected":false},"featured_media":20689,"comment_status":"open","ping_status":"closed","template":"","meta":[],"pwb-brand":[403],"product_brand":[],"product_cat":[84,86,111],"product_tag":[790,952,254,293,953,1642,595],"class_list":{"0":"post-20705","1":"product","2":"type-product","3":"status-publish","4":"has-post-thumbnail","6":"pwb-brand-creed","7":"product_cat-duefte","8":"product_cat-fur-ihn-de","9":"product_cat-fur-sie-de","10":"product_tag-womens-fragrances-de","11":"product_tag-profumi-de","12":"product_tag-eau-de-parfum-de","13":"product_tag-frau","14":"product_tag-uomo-de","15":"product_tag-mens-fragrances-de","16":"product_tag-unisex-de-2","18":"first","19":"instock","20":"taxable","21":"shipping-taxable","22":"purchasable","23":"product-type-variable","24":"has-default-attributes"},"brands":[{"id":403,"name":"Creed","slug":"creed"}],"_links":{"self":[{"href":"https:\/\/www.freeshopfrontiera.ch\/de\/wp-json\/wp\/v2\/product\/20705","targetHints":{"allow":["GET"]}}],"collection":[{"href":"https:\/\/www.freeshopfrontiera.ch\/de\/wp-json\/wp\/v2\/product"}],"about":[{"href":"https:\/\/www.freeshopfrontiera.ch\/de\/wp-json\/wp\/v2\/types\/product"}],"replies":[{"embeddable":true,"href":"https:\/\/www.freeshopfrontiera.ch\/de\/wp-json\/wp\/v2\/comments?post=20705"}],"version-history":[{"count":1,"href":"https:\/\/www.freeshopfrontiera.ch\/de\/wp-json\/wp\/v2\/product\/20705\/revisions"}],"predecessor-version":[{"id":20712,"href":"https:\/\/www.freeshopfrontiera.ch\/de\/wp-json\/wp\/v2\/product\/20705\/revisions\/20712"}],"wp:featuredmedia":[{"embeddable":true,"href":"https:\/\/www.freeshopfrontiera.ch\/de\/wp-json\/wp\/v2\/media\/20689"}],"wp:attachment":[{"href":"https:\/\/www.freeshopfrontiera.ch\/de\/wp-json\/wp\/v2\/media?parent=20705"}],"wp:term":[{"taxonomy":"pwb-brand","embeddable":true,"href":"https:\/\/www.freeshopfrontiera.ch\/de\/wp-json\/wp\/v2\/pwb-brand?post=20705"},{"taxonomy":"product_brand","embeddable":true,"href":"https:\/\/www.freeshopfrontiera.ch\/de\/wp-json\/wp\/v2\/product_brand?post=20705"},{"taxonomy":"product_cat","embeddable":true,"href":"https:\/\/www.freeshopfrontiera.ch\/de\/wp-json\/wp\/v2\/product_cat?post=20705"},{"taxonomy":"product_tag","embeddable":true,"href":"https:\/\/www.freeshopfrontiera.ch\/de\/wp-json\/wp\/v2\/product_tag?post=20705"}],"curies":[{"name":"wp","href":"https:\/\/api.w.org\/{rel}","templated":true}]}}