{"id":20771,"date":"2025-03-25T09:08:46","date_gmt":"2025-03-25T09:08:46","guid":{"rendered":"https:\/\/freeshopswiss.alesca.org\/shop\/pupa-set-vamp-forever-exceptional-volume-mascara\/"},"modified":"2025-03-25T09:14:23","modified_gmt":"2025-03-25T09:14:23","slug":"pupa-set-vamp-forever-exceptional-volume-mascara","status":"publish","type":"product","link":"https:\/\/www.freeshopfrontiera.ch\/de\/shop\/pupa-set-vamp-forever-exceptional-volume-mascara\/","title":{"rendered":"PUPA SET Vamp! Forever Exceptional Volume Mascara"},"content":{"rendered":"<p class=\"\" data-start=\"1423\" data-end=\"1509\"><strong data-start=\"1423\" data-end=\"1507\">PUPA SET Vamp! Forever Exceptional Volume Mascara + Multiplay Triple Purpose Eye<\/strong><\/p>\n<p class=\"\" data-start=\"1511\" data-end=\"1812\">Das <strong data-start=\"1515\" data-end=\"1599\">PUPA SET Vamp! Forever Exceptional Volume Mascara + Multiplay Triple Purpose Eye<\/strong> ist perfekt f\u00fcr alle, die volumin\u00f6se Wimpern und einen intensiven Blick mit wenigen Handgriffen erzielen m\u00f6chten. Ein unverzichtbares Set f\u00fcr ein komplettes Augen-Make-up, einfach aufzutragen und langanhaltend.<\/p>\n<p class=\"\" data-start=\"1814\" data-end=\"2294\">Die <strong data-start=\"1818\" data-end=\"1862\">Vamp! Forever Exceptional Volume Mascara<\/strong> verleiht den Wimpern spektakul\u00e4res Volumen und sorgt f\u00fcr eine volle, perfekt definierte Optik. Die innovative Formel garantiert bis zu 24 Stunden Halt, ohne zu verschmieren oder zu verklumpen. Die tiefschwarze Farbe betont die Augen und verleiht ihnen einen ausdrucksstarken Look. Die spezielle B\u00fcrste trennt die Wimpern und verteilt die Mascara gleichm\u00e4\u00dfig, w\u00e4hrend pflegende Inhaltsstoffe die Wimpern weich und flexibel halten.<\/p>\n<p class=\"\" data-start=\"2296\" data-end=\"2798\">Der <strong data-start=\"2300\" data-end=\"2332\">Multiplay Triple Purpose Eye<\/strong> ist ein vielseitiger Augenstift, der auf drei Arten verwendet werden kann: als Eyeliner f\u00fcr pr\u00e4zise Linien, auf der Wasserlinie f\u00fcr einen intensiveren Blick oder verblendet als Lidschatten f\u00fcr einen weicheren Effekt. Die cremige Textur erm\u00f6glicht eine einfache Anwendung, und die langanhaltende Formel sorgt den ganzen Tag f\u00fcr ein perfektes Make-up. Dank des integrierten Applikators l\u00e4sst sich der Farbton m\u00fchelos verblenden, um den gew\u00fcnschten Look zu kreieren.<\/p>\n<p class=\"\" data-start=\"2800\" data-end=\"3057\">Dieses Set ist ideal f\u00fcr alle, die ein praktisches und vielseitiges Augen-Make-up suchen \u2013 perfekt f\u00fcr jeden Anlass, von nat\u00fcrlichen bis zu intensiven Looks. Mit dem <strong data-start=\"2966\" data-end=\"2992\">PUPA SET Vamp! Forever<\/strong> wird Ihr Blick immer definiert, tief und unwiderstehlich sein!<\/p>\n<p data-start=\"1891\" data-end=\"2434\">Follow us! <a href=\"https:\/\/www.instagram.com\/freeshopswiss\/\" target=\"_blank\" rel=\"noopener\">@freeshopswiss<\/a><\/p>\n","protected":false},"excerpt":{"rendered":"<p>PUPA SET Vamp! Forever Exceptional Volume Mascara + Multiplay Triple Purpose Eye Das PUPA SET Vamp! Forever Exceptional Volume Mascara + Multiplay Triple Purpose Eye ist perfekt f\u00fcr alle, die volumin\u00f6se Wimpern und einen intensiven Blick mit wenigen Handgriffen erzielen m\u00f6chten. Ein unverzichtbares Set f\u00fcr ein komplettes Augen-Make-up, einfach aufzutragen und langanhaltend. Die Vamp! Forever [&hellip;]<\/p>\n","protected":false},"featured_media":20922,"comment_status":"open","ping_status":"closed","template":"","meta":[],"pwb-brand":[581],"product_brand":[],"product_cat":[111,485,540,567],"product_tag":[470,293,462,473,476,460],"class_list":{"0":"post-20771","1":"product","2":"type-product","3":"status-publish","4":"has-post-thumbnail","6":"pwb-brand-pupa","7":"product_cat-fur-sie-de","8":"product_cat-geschenkbox","9":"product_cat-gesicht-make-up","10":"product_cat-make-up-de-2","11":"product_tag-augen-make-up","12":"product_tag-frau","13":"product_tag-geschenkset-fuer-damen","14":"product_tag-gesichts-make-up","15":"product_tag-make-up-de","16":"product_tag-parfuem-geschenkset","18":"first","19":"outofstock","20":"sale","21":"taxable","22":"shipping-taxable","23":"purchasable","24":"product-type-simple"},"brands":[{"id":581,"name":"Pupa","slug":"pupa"}],"_links":{"self":[{"href":"https:\/\/www.freeshopfrontiera.ch\/de\/wp-json\/wp\/v2\/product\/20771","targetHints":{"allow":["GET"]}}],"collection":[{"href":"https:\/\/www.freeshopfrontiera.ch\/de\/wp-json\/wp\/v2\/product"}],"about":[{"href":"https:\/\/www.freeshopfrontiera.ch\/de\/wp-json\/wp\/v2\/types\/product"}],"replies":[{"embeddable":true,"href":"https:\/\/www.freeshopfrontiera.ch\/de\/wp-json\/wp\/v2\/comments?post=20771"}],"version-history":[{"count":2,"href":"https:\/\/www.freeshopfrontiera.ch\/de\/wp-json\/wp\/v2\/product\/20771\/revisions"}],"predecessor-version":[{"id":20776,"href":"https:\/\/www.freeshopfrontiera.ch\/de\/wp-json\/wp\/v2\/product\/20771\/revisions\/20776"}],"wp:featuredmedia":[{"embeddable":true,"href":"https:\/\/www.freeshopfrontiera.ch\/de\/wp-json\/wp\/v2\/media\/20922"}],"wp:attachment":[{"href":"https:\/\/www.freeshopfrontiera.ch\/de\/wp-json\/wp\/v2\/media?parent=20771"}],"wp:term":[{"taxonomy":"pwb-brand","embeddable":true,"href":"https:\/\/www.freeshopfrontiera.ch\/de\/wp-json\/wp\/v2\/pwb-brand?post=20771"},{"taxonomy":"product_brand","embeddable":true,"href":"https:\/\/www.freeshopfrontiera.ch\/de\/wp-json\/wp\/v2\/product_brand?post=20771"},{"taxonomy":"product_cat","embeddable":true,"href":"https:\/\/www.freeshopfrontiera.ch\/de\/wp-json\/wp\/v2\/product_cat?post=20771"},{"taxonomy":"product_tag","embeddable":true,"href":"https:\/\/www.freeshopfrontiera.ch\/de\/wp-json\/wp\/v2\/product_tag?post=20771"}],"curies":[{"name":"wp","href":"https:\/\/api.w.org\/{rel}","templated":true}]}}